{"id":80233,"date":"2026-02-12T10:01:20","date_gmt":"2026-02-12T10:01:20","guid":{"rendered":"https:\/\/skinstudio.ee\/?post_type=product&#038;p=80233"},"modified":"2026-02-12T10:11:02","modified_gmt":"2026-02-12T10:11:02","slug":"vcr-24-hour-cream","status":"publish","type":"product","link":"https:\/\/skinstudio.ee\/lv\/catalog\/ph-formula\/vcr-24-hour-cream\/","title":{"rendered":"VCR 24 Hour Cream"},"content":{"rendered":"<p data-start=\"2498\" data-end=\"2821\"><strong data-start=\"2498\" data-end=\"2532\">VCR 24 Hour Cream no pHformula<\/strong> ir inovat\u012bvs ilgsto\u0161as iedarb\u012bbas mitrino\u0161s kr\u0113ms, kas izstr\u0101d\u0101ts, lai atjaunotu \u0101das mitruma l\u012bdzsvaru un stiprin\u0101tu t\u0101s aizsargfunkcijas. Produkts apvieno bag\u0101t\u012bgu tekst\u016bru ar kl\u012bniski orient\u0113tu pieeju \u0101das kop\u0161anai, nodro\u0161inot komfortablu mitrin\u0101\u0161anu un uzlabojot \u0101das kop\u0113jo st\u0101vokli.<\/p>\n<p data-start=\"2823\" data-end=\"3070\">Kr\u0113ms pal\u012bdz mazin\u0101t sausuma saj\u016btu, palielina \u0101das maigumu un veicina vienm\u0113r\u012bg\u0101ku un svaig\u0101ku izskatu. Regul\u0101ri lietojot, \u0101da k\u013c\u016bst glud\u0101ka, starojo\u0161\u0101ka un vizu\u0101li l\u012bdzsvarota, atbalstot t\u0101s dabisk\u0101s funkcijas un notur\u012bbu pret \u0101r\u0113jiem faktoriem.<\/p>\n<p data-start=\"3072\" data-end=\"3110\"><strong data-start=\"3072\" data-end=\"3110\">Galveno akt\u012bvo komponentu darb\u012bba:<\/strong><\/p>\n<p data-start=\"3112\" data-end=\"3238\"><strong data-start=\"3112\" data-end=\"3143\">Ascorbyl Tetraisopalmitate:<\/strong> stabila C vitam\u012bna forma, kas pastiprina \u0101das mirdzumu un nodro\u0161ina antioksidantu aizsardz\u012bbu.<\/p>\n<p data-start=\"3240\" data-end=\"3344\"><strong data-start=\"3240\" data-end=\"3264\">D-Booster komplekss:<\/strong> pal\u012bdz samazin\u0101t transepiderm\u0101lo \u016bdens zudumu un stiprina \u0101das barjerfunkcijas.<\/p>\n<p data-start=\"3346\" data-end=\"3456\"><strong data-start=\"3346\" data-end=\"3374\">Triple Biotic komplekss:<\/strong> atbalsta mikrobioma l\u012bdzsvaru, uzlabo \u0101das st\u0101vokli un veicina \u0101das atjauno\u0161anos.<\/p>\n<p data-start=\"3458\" data-end=\"3614\"><strong data-start=\"3458\" data-end=\"3496\">K\u0101dam piem\u0113rots VCR 24 Hour Cream:<\/strong> visiem \u0101das tipiem, \u012bpa\u0161i sausai un dehidr\u0113tai \u0101dai, kurai nepiecie\u0161ama ilgsto\u0161a mitrin\u0101\u0161ana un barjeras atjauno\u0161ana.<\/p>\n<p data-start=\"3616\" data-end=\"3634\"><strong data-start=\"3616\" data-end=\"3634\">Tilpums: 50 ml<\/strong><\/p>\n","protected":false},"excerpt":{"rendered":"<p data-start=\"3786\" data-end=\"3852\"><strong><span style=\"color: #ff0000;\">pHFormula produktu pieg\u0101de ir pieejama tikai Igaunijas teritorij\u0101.<\/span><\/strong><\/p>\n<p data-start=\"3854\" data-end=\"4062\"><span style=\"color: #ff0000;\">NB! Produktu var ieg\u0101d\u0101ties tikai p\u0113c konsult\u0101cijas ar speci\u0101listu. Zvaniet mums pa t\u0101lruni +372 58 500 171 vai nos\u016btiet piepras\u012bjumu uz <a class=\"decorated-link cursor-pointer\" style=\"color: #ff0000;\" href=\"mailto:info@skinstudio.ee\" rel=\"noopener\" data-start=\"3991\" data-end=\"4009\">info@skinstudio.ee<\/a>. M\u016bsu konsultanti pal\u012bdz\u0113s jums ar \u0161\u012b z\u012bmola ieg\u0101di.<\/span><\/p>\n<p data-start=\"4064\" data-end=\"4109\">Intens\u012bvi mitrino\u0161s sejas kr\u0113ms ar C vitam\u012bnu<\/p>\n<h2 data-start=\"4111\" data-end=\"4154\"><strong data-start=\"4111\" data-end=\"4154\">\u012apa\u0161\u012bbas PH FORMULA &#8211; VCR 24 HOUR CREAM<\/strong><\/h2>\n<p data-start=\"4156\" data-end=\"4391\">\u2714\ufe0f Nodro\u0161ina ilgsto\u0161u 24 stundu mitrin\u0101\u0161anu<br data-start=\"4199\" data-end=\"4202\" \/>\u2714\ufe0f Stiprina \u0101das aizsargbarjeru un samazina mitruma zudumu<br data-start=\"4260\" data-end=\"4263\" \/>\u2714\ufe0f Izl\u012bdzina \u0101das toni un pie\u0161\u0137ir dabisku mirdzumu<br data-start=\"4313\" data-end=\"4316\" \/>\u2714\ufe0f Atbalsta mikrobioma l\u012bdzsvaru<br data-start=\"4348\" data-end=\"4351\" \/>\u2714\ufe0f Uzlabo \u0101das gludumu un kop\u0113jo izskatu<\/p>\n","protected":false},"featured_media":80225,"template":"","meta":[],"pwb-brand":[778],"product_brand":[],"product_cat":[729,737,749,653,739],"product_tag":[],"giftcard-category":[],"class_list":{"0":"post-80233","1":"product","2":"type-product","3":"status-publish","4":"has-post-thumbnail","6":"pwb-brand-ph-formula","7":"product_cat-c-vitamins","8":"product_cat-mitrinasana","9":"product_cat-novecojosa-ada","10":"product_cat-ph-formula-lv","11":"product_cat-sausai-adai","13":"first","14":"instock","15":"sale","16":"taxable","17":"shipping-taxable","18":"purchasable","19":"product-type-simple"},"acf":[],"brands":[{"id":778,"name":"pH Formula","slug":"ph-formula"}],"_links":{"self":[{"href":"https:\/\/skinstudio.ee\/lv\/wp-json\/wp\/v2\/product\/80233","targetHints":{"allow":["GET"]}}],"collection":[{"href":"https:\/\/skinstudio.ee\/lv\/wp-json\/wp\/v2\/product"}],"about":[{"href":"https:\/\/skinstudio.ee\/lv\/wp-json\/wp\/v2\/types\/product"}],"version-history":[{"count":1,"href":"https:\/\/skinstudio.ee\/lv\/wp-json\/wp\/v2\/product\/80233\/revisions"}],"predecessor-version":[{"id":80234,"href":"https:\/\/skinstudio.ee\/lv\/wp-json\/wp\/v2\/product\/80233\/revisions\/80234"}],"wp:featuredmedia":[{"embeddable":true,"href":"https:\/\/skinstudio.ee\/lv\/wp-json\/wp\/v2\/media\/80225"}],"wp:attachment":[{"href":"https:\/\/skinstudio.ee\/lv\/wp-json\/wp\/v2\/media?parent=80233"}],"wp:term":[{"taxonomy":"pwb-brand","embeddable":true,"href":"https:\/\/skinstudio.ee\/lv\/wp-json\/wp\/v2\/pwb-brand?post=80233"},{"taxonomy":"product_brand","embeddable":true,"href":"https:\/\/skinstudio.ee\/lv\/wp-json\/wp\/v2\/product_brand?post=80233"},{"taxonomy":"product_cat","embeddable":true,"href":"https:\/\/skinstudio.ee\/lv\/wp-json\/wp\/v2\/product_cat?post=80233"},{"taxonomy":"product_tag","embeddable":true,"href":"https:\/\/skinstudio.ee\/lv\/wp-json\/wp\/v2\/product_tag?post=80233"},{"taxonomy":"giftcard-category","embeddable":true,"href":"https:\/\/skinstudio.ee\/lv\/wp-json\/wp\/v2\/giftcard-category?post=80233"}],"curies":[{"name":"wp","href":"https:\/\/api.w.org\/{rel}","templated":true}]}}