{"id":80257,"date":"2025-08-07T11:09:19","date_gmt":"2025-08-07T11:09:19","guid":{"rendered":"https:\/\/skinstudio.ee\/?post_type=product&#038;p=80257"},"modified":"2026-04-03T09:47:10","modified_gmt":"2026-04-03T09:47:10","slug":"daily-meds-serum","status":"publish","type":"product","link":"https:\/\/skinstudio.ee\/lv\/catalog\/bioelements-lv\/daily-meds-serum\/","title":{"rendered":"Daily Meds Serum"},"content":{"rendered":"<p data-start=\"3558\" data-end=\"3883\"><strong data-start=\"3558\" data-end=\"3593\">Daily Meds Serum no Bioelements<\/strong> &#8211; ir daudzfunkcion\u0101ls ikdienas kop\u0161anas serums, kas paredz\u0113ts t\u012br\u0101ka poru izskata, glud\u0101kas tekst\u016bras un nepiln\u012bbu redzam\u012bbas samazin\u0101\u0161anas atbalstam. Formula apvieno 2% salicilsk\u0101bi, AHA un PHA sk\u0101bes un niacinam\u012bdu, nodro\u0161inot l\u012bdzsvarotu pieeju virsmas atjauno\u0161anai bez smaguma saj\u016btas.<\/p>\n<p data-start=\"3885\" data-end=\"4232\">Akt\u012bv\u0101s sast\u0101vda\u013cas nodro\u0161ina maigu eksfoli\u0101ciju un veicina glud\u0101ku izskatu, pal\u012bdzot samazin\u0101t liek\u0101 sebuma uzkr\u0101\u0161anos un saglab\u0101t svaigu saj\u016btu. Salicilsk\u0101be pal\u012bdz uztur\u0113t vizu\u0101li t\u012br\u0101ku virsmu un poru izskatu, savuk\u0101rt sk\u0101bju komplekss veicina vienm\u0113r\u012bg\u0101ku toni un uzlabotu tekst\u016bru. Niacinam\u012bds pal\u012bdz uztur\u0113t l\u012bdzsvarotu izskatu un komfortu.<\/p>\n<p data-start=\"4234\" data-end=\"4488\">Saska\u0146\u0101 ar lietot\u0101ju uztveres p\u0113t\u012bjumu (7-14 dienas) 89% lietot\u0101ju paman\u012bja nepiln\u012bbu redzam\u012bbas samazin\u0101\u0161anos, 87% &#8211; vizu\u0101li t\u012br\u0101ku \u0101du un maz\u0101k paman\u0101mas poras, bet 100% atzina produktu par piem\u0113rotu lieto\u0161anai zem grima, pateicoties \u0101trai ies\u016bk\u0161anai.*<\/p>\n<p data-start=\"4490\" data-end=\"4594\"><strong data-start=\"4490\" data-end=\"4525\">Kam piem\u0113rots Daily Meds Serum:<\/strong> \u0101dai ar nepiln\u012bb\u0101m, sp\u012bdumu, nevienm\u0113r\u012bgu tekst\u016bru un bl\u0101vu izskatu.<\/p>\n<p data-start=\"4596\" data-end=\"4614\"><strong data-start=\"4596\" data-end=\"4608\">Tilpums:<\/strong> 30 ml<\/p>\n","protected":false},"excerpt":{"rendered":"<p data-start=\"4712\" data-end=\"4747\">Daudzfunkcion\u0101ls atjaunojo\u0161s serums<\/p>\n<h2 data-start=\"4749\" data-end=\"4792\"><strong data-start=\"4749\" data-end=\"4792\">\u012apa\u0161\u012bbas Bioelements &#8211; Daily Meds Serum<\/strong><\/h2>\n<p data-start=\"4794\" data-end=\"4967\">\u2714\ufe0f Veicina t\u012br\u0101ku poru izskatu<br data-start=\"4824\" data-end=\"4827\" \/>\u2714\ufe0f Samazina redzamu sp\u012bdumu<br data-start=\"4854\" data-end=\"4857\" \/>\u2714\ufe0f Veicina glud\u0101ku izskatu<br data-start=\"4883\" data-end=\"4886\" \/>\u2714\ufe0f Atbalsta vienm\u0113r\u012bg\u0101ku toni<br data-start=\"4915\" data-end=\"4918\" \/>\u2714\ufe0f Pal\u012bdz saglab\u0101t komfortu bez sausuma saj\u016btas<\/p>\n","protected":false},"featured_media":67846,"template":"","meta":[],"pwb-brand":[1239],"product_brand":[],"product_cat":[741,723,747],"product_tag":[],"giftcard-category":[],"class_list":{"0":"post-80257","1":"product","2":"type-product","3":"status-publish","4":"has-post-thumbnail","6":"pwb-brand-bioelements-lv","7":"product_cat-izsitumi","8":"product_cat-serumi","9":"product_cat-taukainai-adai","11":"first","12":"instock","13":"taxable","14":"shipping-taxable","15":"purchasable","16":"product-type-simple"},"acf":[],"brands":[{"id":1239,"name":"Bioelements","slug":"bioelements-lv"}],"_links":{"self":[{"href":"https:\/\/skinstudio.ee\/lv\/wp-json\/wp\/v2\/product\/80257","targetHints":{"allow":["GET"]}}],"collection":[{"href":"https:\/\/skinstudio.ee\/lv\/wp-json\/wp\/v2\/product"}],"about":[{"href":"https:\/\/skinstudio.ee\/lv\/wp-json\/wp\/v2\/types\/product"}],"version-history":[{"count":1,"href":"https:\/\/skinstudio.ee\/lv\/wp-json\/wp\/v2\/product\/80257\/revisions"}],"predecessor-version":[{"id":80258,"href":"https:\/\/skinstudio.ee\/lv\/wp-json\/wp\/v2\/product\/80257\/revisions\/80258"}],"wp:featuredmedia":[{"embeddable":true,"href":"https:\/\/skinstudio.ee\/lv\/wp-json\/wp\/v2\/media\/67846"}],"wp:attachment":[{"href":"https:\/\/skinstudio.ee\/lv\/wp-json\/wp\/v2\/media?parent=80257"}],"wp:term":[{"taxonomy":"pwb-brand","embeddable":true,"href":"https:\/\/skinstudio.ee\/lv\/wp-json\/wp\/v2\/pwb-brand?post=80257"},{"taxonomy":"product_brand","embeddable":true,"href":"https:\/\/skinstudio.ee\/lv\/wp-json\/wp\/v2\/product_brand?post=80257"},{"taxonomy":"product_cat","embeddable":true,"href":"https:\/\/skinstudio.ee\/lv\/wp-json\/wp\/v2\/product_cat?post=80257"},{"taxonomy":"product_tag","embeddable":true,"href":"https:\/\/skinstudio.ee\/lv\/wp-json\/wp\/v2\/product_tag?post=80257"},{"taxonomy":"giftcard-category","embeddable":true,"href":"https:\/\/skinstudio.ee\/lv\/wp-json\/wp\/v2\/giftcard-category?post=80257"}],"curies":[{"name":"wp","href":"https:\/\/api.w.org\/{rel}","templated":true}]}}