{"id":80292,"date":"2025-08-07T11:08:26","date_gmt":"2025-08-07T11:08:26","guid":{"rendered":"https:\/\/skinstudio.ee\/?post_type=product&#038;p=80292"},"modified":"2026-04-03T09:47:11","modified_gmt":"2026-04-03T09:47:11","slug":"spot-defy-mask","status":"publish","type":"product","link":"https:\/\/skinstudio.ee\/lv\/catalog\/bioelements-lv\/spot-defy-mask\/","title":{"rendered":"Spot Defy Mask"},"content":{"rendered":"<p data-start=\"2531\" data-end=\"2845\"><strong data-start=\"2531\" data-end=\"2564\">Spot Defy Mask no Bioelements<\/strong> &#8211; ir lok\u0101ls nakts kop\u0161anas l\u012bdzeklis, kas pal\u012bdz samazin\u0101t nepiln\u012bbu redzam\u012bbu un veicina t\u012br\u0101ku problem\u0101tisko zonu izskatu. Formula ar 5% s\u0113ru, kaol\u012bnu un benton\u012btu pal\u012bdz att\u012br\u012bt virsmu un samazin\u0101t iekaisuma elementu vizu\u0101lo redzam\u012bbu, saglab\u0101jot l\u012bdzsvaru bez smaguma saj\u016btas.<\/p>\n<p data-start=\"2847\" data-end=\"3121\">Absorb\u0113jo\u0161o sast\u0101vda\u013cu kombin\u0101cija pal\u012bdz samazin\u0101t lieko sebumu un uztur\u0113t mat\u0113t\u0101ku izskatu, savuk\u0101rt niacinam\u012bds un augu ekstrakti veicina mier\u012bg\u0101ku un vienm\u0113r\u012bg\u0101ku izskatu. Paredz\u0113ts lok\u0101lai lieto\u0161anai vakara kop\u0161an\u0101, pal\u012bdzot uztur\u0113t kopt\u0101ku izskatu zon\u0101s ar nepiln\u012bb\u0101m.<\/p>\n<p data-start=\"3123\" data-end=\"3238\"><strong data-start=\"3123\" data-end=\"3156\">Kam piem\u0113rots Spot Defy Mask:<\/strong> lok\u0101lai kop\u0161anai zon\u0101s ar nepiln\u012bb\u0101m, p\u0101rm\u0113r\u012bgu taukain\u012bbu un p\u0113ciekaisuma p\u0113d\u0101m.<\/p>\n<p data-start=\"3240\" data-end=\"3258\"><strong data-start=\"3240\" data-end=\"3252\">Tilpums:<\/strong> 15 ml<\/p>\n","protected":false},"excerpt":{"rendered":"<p data-start=\"3353\" data-end=\"3383\">Lok\u0101ls nakts l\u012bdzeklis ar s\u0113ru<\/p>\n<h2 data-start=\"3385\" data-end=\"3426\"><strong data-start=\"3385\" data-end=\"3426\">\u012apa\u0161\u012bbas Bioelements &#8211; Spot Defy Mask<\/strong><\/h2>\n<p data-start=\"3428\" data-end=\"3608\">\u2714\ufe0f Mat\u0113 un sausina problem\u0101tisk\u0101s zonas<br data-start=\"3467\" data-end=\"3470\" \/>\u2714\ufe0f Samazina redzamu aps\u0101rtumu<br data-start=\"3499\" data-end=\"3502\" \/>\u2714\ufe0f Veicina t\u012br\u0101ku poru izskatu<br data-start=\"3532\" data-end=\"3535\" \/>\u2714\ufe0f Pal\u012bdz kontrol\u0113t lieko sebumu<br data-start=\"3567\" data-end=\"3570\" \/>\u2714\ufe0f Veicina vienm\u0113r\u012bg\u0101ku vizu\u0101lo toni<\/p>\n","protected":false},"featured_media":37078,"template":"","meta":[],"pwb-brand":[1239],"product_brand":[],"product_cat":[741,725,747],"product_tag":[],"giftcard-category":[],"class_list":{"0":"post-80292","1":"product","2":"type-product","3":"status-publish","4":"has-post-thumbnail","6":"pwb-brand-bioelements-lv","7":"product_cat-izsitumi","8":"product_cat-maskas","9":"product_cat-taukainai-adai","11":"first","12":"instock","13":"taxable","14":"shipping-taxable","15":"purchasable","16":"product-type-simple"},"acf":[],"brands":[{"id":1239,"name":"Bioelements","slug":"bioelements-lv"}],"_links":{"self":[{"href":"https:\/\/skinstudio.ee\/lv\/wp-json\/wp\/v2\/product\/80292","targetHints":{"allow":["GET"]}}],"collection":[{"href":"https:\/\/skinstudio.ee\/lv\/wp-json\/wp\/v2\/product"}],"about":[{"href":"https:\/\/skinstudio.ee\/lv\/wp-json\/wp\/v2\/types\/product"}],"version-history":[{"count":1,"href":"https:\/\/skinstudio.ee\/lv\/wp-json\/wp\/v2\/product\/80292\/revisions"}],"predecessor-version":[{"id":80293,"href":"https:\/\/skinstudio.ee\/lv\/wp-json\/wp\/v2\/product\/80292\/revisions\/80293"}],"wp:featuredmedia":[{"embeddable":true,"href":"https:\/\/skinstudio.ee\/lv\/wp-json\/wp\/v2\/media\/37078"}],"wp:attachment":[{"href":"https:\/\/skinstudio.ee\/lv\/wp-json\/wp\/v2\/media?parent=80292"}],"wp:term":[{"taxonomy":"pwb-brand","embeddable":true,"href":"https:\/\/skinstudio.ee\/lv\/wp-json\/wp\/v2\/pwb-brand?post=80292"},{"taxonomy":"product_brand","embeddable":true,"href":"https:\/\/skinstudio.ee\/lv\/wp-json\/wp\/v2\/product_brand?post=80292"},{"taxonomy":"product_cat","embeddable":true,"href":"https:\/\/skinstudio.ee\/lv\/wp-json\/wp\/v2\/product_cat?post=80292"},{"taxonomy":"product_tag","embeddable":true,"href":"https:\/\/skinstudio.ee\/lv\/wp-json\/wp\/v2\/product_tag?post=80292"},{"taxonomy":"giftcard-category","embeddable":true,"href":"https:\/\/skinstudio.ee\/lv\/wp-json\/wp\/v2\/giftcard-category?post=80292"}],"curies":[{"name":"wp","href":"https:\/\/api.w.org\/{rel}","templated":true}]}}