{"id":80305,"date":"2025-08-07T11:07:04","date_gmt":"2025-08-07T11:07:04","guid":{"rendered":"https:\/\/skinstudio.ee\/?post_type=product&#038;p=80305"},"modified":"2026-04-03T09:47:10","modified_gmt":"2026-04-03T09:47:10","slug":"peel-breaker-essence","status":"publish","type":"product","link":"https:\/\/skinstudio.ee\/lv\/catalog\/bioelements-lv\/peel-breaker-essence\/","title":{"rendered":"Peel Breaker Essence"},"content":{"rendered":"<p data-start=\"2738\" data-end=\"3059\"><strong data-start=\"2738\" data-end=\"2777\">Peel Breaker Essence no Bioelements<\/strong> &#8211; ir \u0161\u0137idrs nenomazg\u0101jams eksfoli\u0113jo\u0161s l\u012bdzeklis, kas paredz\u0113ts t\u012br\u0101ka poru izskata un glud\u0101kas tekst\u016bras atbalstam. Formula apvieno salicilsk\u0101bi (BHA) un glikonolaktonu (PHA), nodro\u0161inot maigu \u0137\u012bmisko eksfoli\u0101ciju, kas pal\u012bdz no\u0146emt uzkr\u0101jumus un lieko sebumu bez smaguma saj\u016btas.<\/p>\n<p data-start=\"3061\" data-end=\"3365\">Salicilsk\u0101be pal\u012bdz uztur\u0113t vizu\u0101li t\u012br\u0101ku virsmu un poru izskatu, savuk\u0101rt PHA maigi \u0161\u0137\u012bdina saites starp atmiru\u0161aj\u0101m \u0161\u016bn\u0101m, veicinot vienm\u0113r\u012bg\u0101ku izskatu. Augu ekstraktu komplekss, tostarp alveja, ugunspu\u0137e, hibisks, oregano un timi\u0101ns, pal\u012bdz saglab\u0101t komfortu un l\u012bdzsvaru virsmas atjauno\u0161an\u0101s laik\u0101.<\/p>\n<p data-start=\"3367\" data-end=\"3484\"><strong data-start=\"3367\" data-end=\"3406\">Kam piem\u0113rots Peel Breaker Essence:<\/strong> kop\u0161anai nevienm\u0113r\u012bgas tekst\u016bras, bl\u0101va izskata un nosprostotu poru gad\u012bjum\u0101.<\/p>\n<p data-start=\"3486\" data-end=\"3504\"><strong data-start=\"3486\" data-end=\"3498\">Tilpums:<\/strong> 30 ml<\/p>\n","protected":false},"excerpt":{"rendered":"<p data-start=\"3712\" data-end=\"3758\">\u0160\u0137idrs nenomazg\u0101jams eksfoliants ar BHA un PHA<\/p>\n<h2 data-start=\"3760\" data-end=\"3807\"><strong data-start=\"3760\" data-end=\"3807\">\u012apa\u0161\u012bbas Bioelements &#8211; Peel Breaker Essence<\/strong><\/h2>\n<p data-start=\"3809\" data-end=\"3975\">\u2714\ufe0f Veicina t\u012br\u0101ku poru izskatu<br data-start=\"3839\" data-end=\"3842\" \/>\u2714\ufe0f Maigi eksfoli\u0113 virsmu<br data-start=\"3866\" data-end=\"3869\" \/>\u2714\ufe0f Samazina redzamu lieko sebumu<br data-start=\"3901\" data-end=\"3904\" \/>\u2714\ufe0f Veicina glud\u0101ku izskatu<br data-start=\"3930\" data-end=\"3933\" \/>\u2714\ufe0f Atsvaidzina un izl\u012bdzina vizu\u0101lo toni<\/p>\n","protected":false},"featured_media":67851,"template":"","meta":[],"pwb-brand":[1239],"product_brand":[],"product_cat":[741,743,723,747],"product_tag":[],"giftcard-category":[],"class_list":{"0":"post-80305","1":"product","2":"type-product","3":"status-publish","4":"has-post-thumbnail","6":"pwb-brand-bioelements-lv","7":"product_cat-izsitumi","8":"product_cat-paplasinatas-poras","9":"product_cat-serumi","10":"product_cat-taukainai-adai","12":"first","13":"instock","14":"taxable","15":"shipping-taxable","16":"purchasable","17":"product-type-simple"},"acf":[],"brands":[{"id":1239,"name":"Bioelements","slug":"bioelements-lv"}],"_links":{"self":[{"href":"https:\/\/skinstudio.ee\/lv\/wp-json\/wp\/v2\/product\/80305","targetHints":{"allow":["GET"]}}],"collection":[{"href":"https:\/\/skinstudio.ee\/lv\/wp-json\/wp\/v2\/product"}],"about":[{"href":"https:\/\/skinstudio.ee\/lv\/wp-json\/wp\/v2\/types\/product"}],"version-history":[{"count":1,"href":"https:\/\/skinstudio.ee\/lv\/wp-json\/wp\/v2\/product\/80305\/revisions"}],"predecessor-version":[{"id":80306,"href":"https:\/\/skinstudio.ee\/lv\/wp-json\/wp\/v2\/product\/80305\/revisions\/80306"}],"wp:featuredmedia":[{"embeddable":true,"href":"https:\/\/skinstudio.ee\/lv\/wp-json\/wp\/v2\/media\/67851"}],"wp:attachment":[{"href":"https:\/\/skinstudio.ee\/lv\/wp-json\/wp\/v2\/media?parent=80305"}],"wp:term":[{"taxonomy":"pwb-brand","embeddable":true,"href":"https:\/\/skinstudio.ee\/lv\/wp-json\/wp\/v2\/pwb-brand?post=80305"},{"taxonomy":"product_brand","embeddable":true,"href":"https:\/\/skinstudio.ee\/lv\/wp-json\/wp\/v2\/product_brand?post=80305"},{"taxonomy":"product_cat","embeddable":true,"href":"https:\/\/skinstudio.ee\/lv\/wp-json\/wp\/v2\/product_cat?post=80305"},{"taxonomy":"product_tag","embeddable":true,"href":"https:\/\/skinstudio.ee\/lv\/wp-json\/wp\/v2\/product_tag?post=80305"},{"taxonomy":"giftcard-category","embeddable":true,"href":"https:\/\/skinstudio.ee\/lv\/wp-json\/wp\/v2\/giftcard-category?post=80305"}],"curies":[{"name":"wp","href":"https:\/\/api.w.org\/{rel}","templated":true}]}}