{"id":80314,"date":"2025-08-07T11:05:16","date_gmt":"2025-08-07T11:05:16","guid":{"rendered":"https:\/\/skinstudio.ee\/?post_type=product&#038;p=80314"},"modified":"2026-04-03T09:47:10","modified_gmt":"2026-04-03T09:47:10","slug":"multi-task-eye-creme","status":"publish","type":"product","link":"https:\/\/skinstudio.ee\/lv\/catalog\/bioelements-lv\/multi-task-eye-creme\/","title":{"rendered":"Multi-Task Eye Creme"},"content":{"rendered":"<p data-start=\"2433\" data-end=\"2773\"><strong data-start=\"2433\" data-end=\"2472\">Multi-Task Eye Creme no Bioelements<\/strong> &#8211; dienas acu kr\u0113ms, kas paredz\u0113ts tum\u0161o loku izgaismo\u0161anai, mitruma l\u012bme\u0146a uztur\u0113\u0161anai un smalko l\u012bniju vizu\u0101lai izl\u012bdzin\u0101\u0161anai. Formula apvieno liposk\u0101bi un hialuronsk\u0101bi, lai uztur\u0113tu maigumu un elast\u012bbu, k\u0101 ar\u012b satur beta-glik\u0101nu, gur\u0137a ekstraktu un alveju papildu komfortam un svaig\u0101kam izskatam.<\/p>\n<p data-start=\"2775\" data-end=\"3043\">Viegl\u0101 kr\u0113mveida tekst\u016bra vienm\u0113r\u012bgi kl\u0101jas, nep\u0101rslogo un ir piem\u0113rota ikdienas r\u012bta kop\u0161anai. Produkts pal\u012bdz mazin\u0101t noguruma paz\u012bmes, padara virsmu glud\u0101ku un veido komfortablu pamatu grimam. Regul\u0101ri lietojot, acu zona izskat\u0101s kopt\u0101ka, vienm\u0113r\u012bg\u0101ka un mitrin\u0101ta.<\/p>\n<p data-start=\"3045\" data-end=\"3177\"><strong data-start=\"3045\" data-end=\"3084\">Kam piem\u0113rots Multi-Task Eye Creme:<\/strong> ikdienas acu zonas kop\u0161anai pie bl\u0101va izskata, sausuma, smalk\u0101m l\u012bnij\u0101m un noguruma paz\u012bm\u0113m.<\/p>\n<p data-start=\"3179\" data-end=\"3197\"><strong data-start=\"3179\" data-end=\"3191\">Tilpums:<\/strong> 15 ml<\/p>\n","protected":false},"excerpt":{"rendered":"<p data-start=\"3291\" data-end=\"3314\">Viegls dienas acu kr\u0113ms<\/p>\n<h2 data-start=\"3316\" data-end=\"3363\"><strong data-start=\"3316\" data-end=\"3363\">\u012apa\u0161\u012bbas Bioelements &#8211; Multi-Task Eye Creme<\/strong><\/h2>\n<p data-start=\"3365\" data-end=\"3514\">\u2714\ufe0f Izgaismo zonu zem ac\u012bm<br data-start=\"3390\" data-end=\"3393\" \/>\u2714\ufe0f Pal\u012bdz mazin\u0101t t\u016bsku<br data-start=\"3416\" data-end=\"3419\" \/>\u2714\ufe0f Vizu\u0101li izl\u012bdzina smalk\u0101s l\u012bnijas<br data-start=\"3455\" data-end=\"3458\" \/>\u2714\ufe0f Uztur mitruma l\u012bmeni<br data-start=\"3481\" data-end=\"3484\" \/>\u2714\ufe0f Veido gludu pamatu grimam<\/p>\n","protected":false},"featured_media":67859,"template":"","meta":[],"pwb-brand":[1239],"product_brand":[],"product_cat":[733],"product_tag":[],"giftcard-category":[],"class_list":{"0":"post-80314","1":"product","2":"type-product","3":"status-publish","4":"has-post-thumbnail","6":"pwb-brand-bioelements-lv","7":"product_cat-ada-ap-acim","9":"first","10":"instock","11":"taxable","12":"shipping-taxable","13":"purchasable","14":"product-type-simple"},"acf":[],"brands":[{"id":1239,"name":"Bioelements","slug":"bioelements-lv"}],"_links":{"self":[{"href":"https:\/\/skinstudio.ee\/lv\/wp-json\/wp\/v2\/product\/80314","targetHints":{"allow":["GET"]}}],"collection":[{"href":"https:\/\/skinstudio.ee\/lv\/wp-json\/wp\/v2\/product"}],"about":[{"href":"https:\/\/skinstudio.ee\/lv\/wp-json\/wp\/v2\/types\/product"}],"version-history":[{"count":1,"href":"https:\/\/skinstudio.ee\/lv\/wp-json\/wp\/v2\/product\/80314\/revisions"}],"predecessor-version":[{"id":80315,"href":"https:\/\/skinstudio.ee\/lv\/wp-json\/wp\/v2\/product\/80314\/revisions\/80315"}],"wp:featuredmedia":[{"embeddable":true,"href":"https:\/\/skinstudio.ee\/lv\/wp-json\/wp\/v2\/media\/67859"}],"wp:attachment":[{"href":"https:\/\/skinstudio.ee\/lv\/wp-json\/wp\/v2\/media?parent=80314"}],"wp:term":[{"taxonomy":"pwb-brand","embeddable":true,"href":"https:\/\/skinstudio.ee\/lv\/wp-json\/wp\/v2\/pwb-brand?post=80314"},{"taxonomy":"product_brand","embeddable":true,"href":"https:\/\/skinstudio.ee\/lv\/wp-json\/wp\/v2\/product_brand?post=80314"},{"taxonomy":"product_cat","embeddable":true,"href":"https:\/\/skinstudio.ee\/lv\/wp-json\/wp\/v2\/product_cat?post=80314"},{"taxonomy":"product_tag","embeddable":true,"href":"https:\/\/skinstudio.ee\/lv\/wp-json\/wp\/v2\/product_tag?post=80314"},{"taxonomy":"giftcard-category","embeddable":true,"href":"https:\/\/skinstudio.ee\/lv\/wp-json\/wp\/v2\/giftcard-category?post=80314"}],"curies":[{"name":"wp","href":"https:\/\/api.w.org\/{rel}","templated":true}]}}