{"id":80322,"date":"2025-08-07T11:04:39","date_gmt":"2025-08-07T11:04:39","guid":{"rendered":"https:\/\/skinstudio.ee\/?post_type=product&#038;p=80322"},"modified":"2026-04-03T09:47:11","modified_gmt":"2026-04-03T09:47:11","slug":"sensitive-eye-smoother","status":"publish","type":"product","link":"https:\/\/skinstudio.ee\/lv\/catalog\/bioelements-lv\/sensitive-eye-smoother\/","title":{"rendered":"Sensitive Eye Smoother"},"content":{"rendered":"<p data-start=\"2345\" data-end=\"2659\"><strong data-start=\"2345\" data-end=\"2386\">Sensitive Eye Smoother no Bioelements<\/strong> &#8211; mitrino\u0161s acu kr\u0113ms ar alveju, kas pal\u012bdz aizsarg\u0101t pret kairino\u0161iem faktoriem un atjaunot jut\u012bgo aizsargbarjeru ar keram\u012bdiem. Formula pal\u012bdz uztur\u0113t komfortu, uzlabo tum\u0161o loku izskatu un veicina t\u016bskas mazin\u0101\u0161anos, vienlaikus nodro\u0161inot mier\u012bg\u0101ku un svaig\u0101ku izskatu.<\/p>\n<p data-start=\"2661\" data-end=\"2869\">Viegl\u0101 kr\u0113mveida tekst\u016bra maigi kl\u0101jas un ir piem\u0113rota ikdienas lieto\u0161anai no r\u012bta un vakar\u0101. Produkts pal\u012bdz mazin\u0101t jut\u012bguma paz\u012bmes, uztur mitruma l\u012bmeni un padara acu zonu kopt\u0101ku un vizu\u0101li vienm\u0113r\u012bg\u0101ku.<\/p>\n<p data-start=\"2871\" data-end=\"3001\"><strong data-start=\"2871\" data-end=\"2912\">Kam piem\u0113rots Sensitive Eye Smoother:<\/strong> ikdienas jut\u012bg\u0101s acu zonas kop\u0161anai sausuma, kairin\u0101juma, tum\u0161o loku un t\u016bskas gad\u012bjum\u0101.<\/p>\n<p data-start=\"3003\" data-end=\"3021\"><strong data-start=\"3003\" data-end=\"3015\">Tilpums:<\/strong> 15 ml<\/p>\n","protected":false},"excerpt":{"rendered":"<p data-start=\"3128\" data-end=\"3161\">Mitrino\u0161s acu kr\u0113ms jut\u012bgai zonai<\/p>\n<h2 data-start=\"3163\" data-end=\"3212\"><strong data-start=\"3163\" data-end=\"3212\">\u012apa\u0161\u012bbas Bioelements &#8211; Sensitive Eye Smoother<\/strong><\/h2>\n<p data-start=\"3214\" data-end=\"3371\">\u2714\ufe0f Mitrina un m\u012bkstina jut\u012bgo zonu<br data-start=\"3248\" data-end=\"3251\" \/>\u2714\ufe0f Atbalsta aizsargbarjeru<br data-start=\"3277\" data-end=\"3280\" \/>\u2714\ufe0f Vizu\u0101li samazina tum\u0161os lokus<br data-start=\"3312\" data-end=\"3315\" \/>\u2714\ufe0f Pal\u012bdz mazin\u0101t t\u016bsku<br data-start=\"3338\" data-end=\"3341\" \/>\u2714\ufe0f Nomierina jut\u012bguma saj\u016btu<\/p>\n","protected":false},"featured_media":67864,"template":"","meta":[],"pwb-brand":[1239],"product_brand":[],"product_cat":[733],"product_tag":[],"giftcard-category":[],"class_list":{"0":"post-80322","1":"product","2":"type-product","3":"status-publish","4":"has-post-thumbnail","6":"pwb-brand-bioelements-lv","7":"product_cat-ada-ap-acim","9":"first","10":"instock","11":"taxable","12":"shipping-taxable","13":"purchasable","14":"product-type-simple"},"acf":[],"brands":[{"id":1239,"name":"Bioelements","slug":"bioelements-lv"}],"_links":{"self":[{"href":"https:\/\/skinstudio.ee\/lv\/wp-json\/wp\/v2\/product\/80322","targetHints":{"allow":["GET"]}}],"collection":[{"href":"https:\/\/skinstudio.ee\/lv\/wp-json\/wp\/v2\/product"}],"about":[{"href":"https:\/\/skinstudio.ee\/lv\/wp-json\/wp\/v2\/types\/product"}],"version-history":[{"count":1,"href":"https:\/\/skinstudio.ee\/lv\/wp-json\/wp\/v2\/product\/80322\/revisions"}],"predecessor-version":[{"id":80323,"href":"https:\/\/skinstudio.ee\/lv\/wp-json\/wp\/v2\/product\/80322\/revisions\/80323"}],"wp:featuredmedia":[{"embeddable":true,"href":"https:\/\/skinstudio.ee\/lv\/wp-json\/wp\/v2\/media\/67864"}],"wp:attachment":[{"href":"https:\/\/skinstudio.ee\/lv\/wp-json\/wp\/v2\/media?parent=80322"}],"wp:term":[{"taxonomy":"pwb-brand","embeddable":true,"href":"https:\/\/skinstudio.ee\/lv\/wp-json\/wp\/v2\/pwb-brand?post=80322"},{"taxonomy":"product_brand","embeddable":true,"href":"https:\/\/skinstudio.ee\/lv\/wp-json\/wp\/v2\/product_brand?post=80322"},{"taxonomy":"product_cat","embeddable":true,"href":"https:\/\/skinstudio.ee\/lv\/wp-json\/wp\/v2\/product_cat?post=80322"},{"taxonomy":"product_tag","embeddable":true,"href":"https:\/\/skinstudio.ee\/lv\/wp-json\/wp\/v2\/product_tag?post=80322"},{"taxonomy":"giftcard-category","embeddable":true,"href":"https:\/\/skinstudio.ee\/lv\/wp-json\/wp\/v2\/giftcard-category?post=80322"}],"curies":[{"name":"wp","href":"https:\/\/api.w.org\/{rel}","templated":true}]}}