{"id":80329,"date":"2025-08-07T11:03:51","date_gmt":"2025-08-07T11:03:51","guid":{"rendered":"https:\/\/skinstudio.ee\/?post_type=product&#038;p=80329"},"modified":"2026-04-03T09:47:11","modified_gmt":"2026-04-03T09:47:11","slug":"v-neck-soothing-creme","status":"publish","type":"product","link":"https:\/\/skinstudio.ee\/lv\/catalog\/bioelements-lv\/v-neck-soothing-creme\/","title":{"rendered":"V-Neck Soothing Creme"},"content":{"rendered":"<p data-start=\"2732\" data-end=\"3102\"><strong data-start=\"2732\" data-end=\"2772\">V-Neck Soothing Creme no Bioelements<\/strong> &#8211; kr\u0113ms kakla, kr\u016b\u0161u un dekolt\u0113 zonas kop\u0161anai, kas paredz\u0113ts grumbu, l\u012bniju un pigment\u0101cijas izmai\u0146u redzam\u012bbas samazin\u0101\u0161anai, ko izraisa fotoboj\u0101jumi un dabiskie noveco\u0161an\u0101s procesi. Formula apvieno pretnoveco\u0161an\u0101s pept\u012bdus, izgaismojo\u0161o alfa-arbut\u012bnu un mitrino\u0161o hialuronsk\u0101bi, lai atbalst\u012btu glud\u0101ku un vienm\u0113r\u012bg\u0101ku izskatu.<\/p>\n<p data-start=\"3104\" data-end=\"3331\">Produkts pal\u012bdz uzlabot tekst\u016bru, vizu\u0101li m\u012bkstina krokas un nevienm\u0113r\u012bbas, uztur mitruma l\u012bmeni un padara virsmu m\u012bkst\u0101ku un kopt\u0101ku. Regul\u0101ri lietojot, kakla un dekolt\u0113 zona izskat\u0101s glud\u0101ka, tvirt\u0101ka un vizu\u0101li vienm\u0113r\u012bg\u0101ka.<\/p>\n<p data-start=\"3333\" data-end=\"3473\"><strong data-start=\"3333\" data-end=\"3373\">Kam piem\u0113rots V-Neck Soothing Creme:<\/strong> ikdienas kakla un dekolt\u0113 kop\u0161anai grumbu, elast\u012bbas zuduma, sausuma un nevienm\u0113r\u012bga to\u0146a gad\u012bjum\u0101.<\/p>\n<p data-start=\"3475\" data-end=\"3493\"><strong data-start=\"3475\" data-end=\"3487\">Tilpums:<\/strong> 45 ml<\/p>\n","protected":false},"excerpt":{"rendered":"<p data-start=\"3715\" data-end=\"3767\">Kakla un dekolt\u0113 kr\u0113ms ar pept\u012bdiem un alfa-arbut\u012bnu<\/p>\n<h2 data-start=\"3769\" data-end=\"3817\"><strong data-start=\"3769\" data-end=\"3817\">\u012apa\u0161\u012bbas Bioelements &#8211; V-Neck Soothing Creme<\/strong><\/h2>\n<p data-start=\"3819\" data-end=\"3973\">\u2714\ufe0f Vizu\u0101li izl\u012bdzina l\u012bnijas un grumbas<br data-start=\"3858\" data-end=\"3861\" \/>\u2714\ufe0f Atbalsta vienm\u0113r\u012bg\u0101ku toni<br data-start=\"3890\" data-end=\"3893\" \/>\u2714\ufe0f Uzlabo tvirtuma saj\u016btu<br data-start=\"3918\" data-end=\"3921\" \/>\u2714\ufe0f Uztur mitruma l\u012bmeni<br data-start=\"3944\" data-end=\"3947\" \/>\u2714\ufe0f Padara virsmu glud\u0101ku<\/p>\n","protected":false},"featured_media":67875,"template":"","meta":[],"pwb-brand":[1239],"product_brand":[],"product_cat":[735],"product_tag":[],"giftcard-category":[],"class_list":{"0":"post-80329","1":"product","2":"type-product","3":"status-publish","4":"has-post-thumbnail","6":"pwb-brand-bioelements-lv","7":"product_cat-dekolte-zona","9":"first","10":"instock","11":"sale","12":"taxable","13":"shipping-taxable","14":"purchasable","15":"product-type-simple"},"acf":[],"brands":[{"id":1239,"name":"Bioelements","slug":"bioelements-lv"}],"_links":{"self":[{"href":"https:\/\/skinstudio.ee\/lv\/wp-json\/wp\/v2\/product\/80329","targetHints":{"allow":["GET"]}}],"collection":[{"href":"https:\/\/skinstudio.ee\/lv\/wp-json\/wp\/v2\/product"}],"about":[{"href":"https:\/\/skinstudio.ee\/lv\/wp-json\/wp\/v2\/types\/product"}],"version-history":[{"count":1,"href":"https:\/\/skinstudio.ee\/lv\/wp-json\/wp\/v2\/product\/80329\/revisions"}],"predecessor-version":[{"id":80330,"href":"https:\/\/skinstudio.ee\/lv\/wp-json\/wp\/v2\/product\/80329\/revisions\/80330"}],"wp:featuredmedia":[{"embeddable":true,"href":"https:\/\/skinstudio.ee\/lv\/wp-json\/wp\/v2\/media\/67875"}],"wp:attachment":[{"href":"https:\/\/skinstudio.ee\/lv\/wp-json\/wp\/v2\/media?parent=80329"}],"wp:term":[{"taxonomy":"pwb-brand","embeddable":true,"href":"https:\/\/skinstudio.ee\/lv\/wp-json\/wp\/v2\/pwb-brand?post=80329"},{"taxonomy":"product_brand","embeddable":true,"href":"https:\/\/skinstudio.ee\/lv\/wp-json\/wp\/v2\/product_brand?post=80329"},{"taxonomy":"product_cat","embeddable":true,"href":"https:\/\/skinstudio.ee\/lv\/wp-json\/wp\/v2\/product_cat?post=80329"},{"taxonomy":"product_tag","embeddable":true,"href":"https:\/\/skinstudio.ee\/lv\/wp-json\/wp\/v2\/product_tag?post=80329"},{"taxonomy":"giftcard-category","embeddable":true,"href":"https:\/\/skinstudio.ee\/lv\/wp-json\/wp\/v2\/giftcard-category?post=80329"}],"curies":[{"name":"wp","href":"https:\/\/api.w.org\/{rel}","templated":true}]}}