{"id":80336,"date":"2025-08-07T11:03:31","date_gmt":"2025-08-07T11:03:31","guid":{"rendered":"https:\/\/skinstudio.ee\/?post_type=product&#038;p=80336"},"modified":"2026-04-03T09:47:11","modified_gmt":"2026-04-03T09:47:11","slug":"sleepwear","status":"publish","type":"product","link":"https:\/\/skinstudio.ee\/lv\/catalog\/bioelements-lv\/sleepwear\/","title":{"rendered":"Sleepwear"},"content":{"rendered":"<p data-start=\"2239\" data-end=\"2493\"><strong data-start=\"2239\" data-end=\"2267\">Sleepwear no Bioelements<\/strong> &#8211; nakts kr\u0113ms, kas pal\u012bdz vizu\u0101li izl\u012bdzin\u0101t l\u012bnijas un grumbas, uzlabojot mitruma l\u012bmeni un atbalstot tonusu. Formula apvieno kalciju, retinolu, pept\u012bdus un dz\u0113rve\u0146u s\u0113klu e\u013c\u013cu, pal\u012bdzot uztur\u0113t stingr\u0101ku un glud\u0101ku izskatu.<\/p>\n<p data-start=\"2495\" data-end=\"2739\">Nakts kop\u0161anas laik\u0101 produkts atbalsta atjauno\u0161an\u0101s procesus, uzlabo maiguma saj\u016btu un pal\u012bdz padar\u012bt virsmu vienm\u0113r\u012bg\u0101ku un kopt\u0101ku. Regul\u0101ri lietojot, \u0101da izskat\u0101s svaig\u0101ka, atp\u016btusies un vizu\u0101li glud\u0101ka, vienlaikus uzlabojot komforta saj\u016btu.<\/p>\n<p data-start=\"2741\" data-end=\"2852\"><strong data-start=\"2741\" data-end=\"2769\">Kam piem\u0113rots Sleepwear:<\/strong> vakara kop\u0161anai sausai un kombin\u0113tai \u0101dai ar sausumu, elast\u012bbas zudumu un grumb\u0101m.<\/p>\n<p data-start=\"2854\" data-end=\"2872\"><strong data-start=\"2854\" data-end=\"2866\">Tilpums:<\/strong> 45 ml<\/p>\n","protected":false},"excerpt":{"rendered":"<p data-start=\"3010\" data-end=\"3046\">Nakts kr\u0113ms ar retinolu un pept\u012bdiem<\/p>\n<h2 data-start=\"3048\" data-end=\"3084\"><strong data-start=\"3048\" data-end=\"3084\">\u012apa\u0161\u012bbas Bioelements &#8211; Sleepwear<\/strong><\/h2>\n<p data-start=\"3086\" data-end=\"3253\">\u2714\ufe0f Atbalsta nakts atjauno\u0161anos<br data-start=\"3116\" data-end=\"3119\" \/>\u2714\ufe0f Vizu\u0101li izl\u012bdzina l\u012bnijas un grumbas<br data-start=\"3158\" data-end=\"3161\" \/>\u2714\ufe0f Uzlabo tvirtuma saj\u016btu<br data-start=\"3186\" data-end=\"3189\" \/>\u2714\ufe0f Uztur mitruma l\u012bmeni<br data-start=\"3212\" data-end=\"3215\" \/>\u2714\ufe0f Padara virsmu m\u012bkst\u0101ku un glud\u0101ku<\/p>\n","protected":false},"featured_media":67883,"template":"","meta":[],"pwb-brand":[1239],"product_brand":[],"product_cat":[737,749,739],"product_tag":[],"giftcard-category":[],"class_list":{"0":"post-80336","1":"product","2":"type-product","3":"status-publish","4":"has-post-thumbnail","6":"pwb-brand-bioelements-lv","7":"product_cat-mitrinasana","8":"product_cat-novecojosa-ada","9":"product_cat-sausai-adai","11":"first","12":"instock","13":"taxable","14":"shipping-taxable","15":"purchasable","16":"product-type-simple"},"acf":[],"brands":[{"id":1239,"name":"Bioelements","slug":"bioelements-lv"}],"_links":{"self":[{"href":"https:\/\/skinstudio.ee\/lv\/wp-json\/wp\/v2\/product\/80336","targetHints":{"allow":["GET"]}}],"collection":[{"href":"https:\/\/skinstudio.ee\/lv\/wp-json\/wp\/v2\/product"}],"about":[{"href":"https:\/\/skinstudio.ee\/lv\/wp-json\/wp\/v2\/types\/product"}],"version-history":[{"count":1,"href":"https:\/\/skinstudio.ee\/lv\/wp-json\/wp\/v2\/product\/80336\/revisions"}],"predecessor-version":[{"id":80337,"href":"https:\/\/skinstudio.ee\/lv\/wp-json\/wp\/v2\/product\/80336\/revisions\/80337"}],"wp:featuredmedia":[{"embeddable":true,"href":"https:\/\/skinstudio.ee\/lv\/wp-json\/wp\/v2\/media\/67883"}],"wp:attachment":[{"href":"https:\/\/skinstudio.ee\/lv\/wp-json\/wp\/v2\/media?parent=80336"}],"wp:term":[{"taxonomy":"pwb-brand","embeddable":true,"href":"https:\/\/skinstudio.ee\/lv\/wp-json\/wp\/v2\/pwb-brand?post=80336"},{"taxonomy":"product_brand","embeddable":true,"href":"https:\/\/skinstudio.ee\/lv\/wp-json\/wp\/v2\/product_brand?post=80336"},{"taxonomy":"product_cat","embeddable":true,"href":"https:\/\/skinstudio.ee\/lv\/wp-json\/wp\/v2\/product_cat?post=80336"},{"taxonomy":"product_tag","embeddable":true,"href":"https:\/\/skinstudio.ee\/lv\/wp-json\/wp\/v2\/product_tag?post=80336"},{"taxonomy":"giftcard-category","embeddable":true,"href":"https:\/\/skinstudio.ee\/lv\/wp-json\/wp\/v2\/giftcard-category?post=80336"}],"curies":[{"name":"wp","href":"https:\/\/api.w.org\/{rel}","templated":true}]}}