{"id":80344,"date":"2025-08-07T11:02:22","date_gmt":"2025-08-07T11:02:22","guid":{"rendered":"https:\/\/skinstudio.ee\/?post_type=product&#038;p=80344"},"modified":"2026-04-03T09:47:10","modified_gmt":"2026-04-03T09:47:10","slug":"dewluxe","status":"publish","type":"product","link":"https:\/\/skinstudio.ee\/lv\/catalog\/bioelements-lv\/dewluxe\/","title":{"rendered":"Dewluxe"},"content":{"rendered":"<p data-start=\"2499\" data-end=\"2824\"><strong data-start=\"2499\" data-end=\"2525\">Dewluxe no Bioelements<\/strong> &#8211; viegla sejas e\u013c\u013ca ar sabalans\u0113tu arg\u0101na e\u013c\u013cas un skval\u0101na mais\u012bjumu, kas paredz\u0113ta mitruma l\u012bme\u0146a uztur\u0113\u0161anai un lip\u012bdu barjeras papildin\u0101\u0161anai. Formula pal\u012bdz saglab\u0101t mitrumu, m\u012bkstina epiderm\u0101l\u0101 stresa paz\u012bmes, pateicoties halof\u012btiskajam j\u016bras k\u0101postam, un atbalsta glud\u0101ku un kopt\u0101ku izskatu.<\/p>\n<p data-start=\"2826\" data-end=\"3040\">Da\u017ei koncentr\u0113ti pilieni vienm\u0113r\u012bgi kl\u0101jas un \u0101tri ies\u016bcas bez smaguma vai lip\u012bguma saj\u016btas. Produkts pal\u012bdz uzlabot maiguma saj\u016btu, atbalsta piln\u012bg\u0101ku izskatu un padara virsmu komfortabl\u0101ku un vizu\u0101li starojo\u0161\u0101ku.<\/p>\n<p data-start=\"3042\" data-end=\"3178\"><strong data-start=\"3042\" data-end=\"3068\">Kam piem\u0113rots Dewluxe:<\/strong> ikdienas kop\u0161anai sausuma, dehidrat\u0101cijas vai maiguma zuduma gad\u012bjum\u0101, k\u0101 ar\u012b papildu baro\u0161anai un komfortam.<\/p>\n<p data-start=\"3180\" data-end=\"3198\"><strong data-start=\"3180\" data-end=\"3192\">Tilpums:<\/strong> 30 ml<\/p>\n","protected":false},"excerpt":{"rendered":"<p data-start=\"3436\" data-end=\"3453\">Viegl\u0101 sejas e\u013c\u013ca<\/p>\n<h2 data-start=\"3455\" data-end=\"3489\"><strong data-start=\"3455\" data-end=\"3489\">\u012apa\u0161\u012bbas Bioelements &#8211; Dewluxe<\/strong><\/h2>\n<p data-start=\"3491\" data-end=\"3662\">\u2714\ufe0f Uztur mitruma l\u012bmeni<br data-start=\"3514\" data-end=\"3517\" \/>\u2714\ufe0f M\u012bkstina un uzlabo komforta saj\u016btu<br data-start=\"3554\" data-end=\"3557\" \/>\u2714\ufe0f Atbalsta aizsargbarjeru<br data-start=\"3583\" data-end=\"3586\" \/>\u2714\ufe0f Pie\u0161\u0137ir starojo\u0161\u0101ku izskatu<br data-start=\"3616\" data-end=\"3619\" \/>\u2714\ufe0f Viegl\u0101 tekst\u016bra bez taukainuma saj\u016btas<\/p>\n","protected":false},"featured_media":67900,"template":"","meta":[],"pwb-brand":[1239],"product_brand":[],"product_cat":[739,723],"product_tag":[],"giftcard-category":[],"class_list":{"0":"post-80344","1":"product","2":"type-product","3":"status-publish","4":"has-post-thumbnail","6":"pwb-brand-bioelements-lv","7":"product_cat-sausai-adai","8":"product_cat-serumi","10":"first","11":"instock","12":"taxable","13":"shipping-taxable","14":"purchasable","15":"product-type-simple"},"acf":[],"brands":[{"id":1239,"name":"Bioelements","slug":"bioelements-lv"}],"_links":{"self":[{"href":"https:\/\/skinstudio.ee\/lv\/wp-json\/wp\/v2\/product\/80344","targetHints":{"allow":["GET"]}}],"collection":[{"href":"https:\/\/skinstudio.ee\/lv\/wp-json\/wp\/v2\/product"}],"about":[{"href":"https:\/\/skinstudio.ee\/lv\/wp-json\/wp\/v2\/types\/product"}],"version-history":[{"count":1,"href":"https:\/\/skinstudio.ee\/lv\/wp-json\/wp\/v2\/product\/80344\/revisions"}],"predecessor-version":[{"id":80345,"href":"https:\/\/skinstudio.ee\/lv\/wp-json\/wp\/v2\/product\/80344\/revisions\/80345"}],"wp:featuredmedia":[{"embeddable":true,"href":"https:\/\/skinstudio.ee\/lv\/wp-json\/wp\/v2\/media\/67900"}],"wp:attachment":[{"href":"https:\/\/skinstudio.ee\/lv\/wp-json\/wp\/v2\/media?parent=80344"}],"wp:term":[{"taxonomy":"pwb-brand","embeddable":true,"href":"https:\/\/skinstudio.ee\/lv\/wp-json\/wp\/v2\/pwb-brand?post=80344"},{"taxonomy":"product_brand","embeddable":true,"href":"https:\/\/skinstudio.ee\/lv\/wp-json\/wp\/v2\/product_brand?post=80344"},{"taxonomy":"product_cat","embeddable":true,"href":"https:\/\/skinstudio.ee\/lv\/wp-json\/wp\/v2\/product_cat?post=80344"},{"taxonomy":"product_tag","embeddable":true,"href":"https:\/\/skinstudio.ee\/lv\/wp-json\/wp\/v2\/product_tag?post=80344"},{"taxonomy":"giftcard-category","embeddable":true,"href":"https:\/\/skinstudio.ee\/lv\/wp-json\/wp\/v2\/giftcard-category?post=80344"}],"curies":[{"name":"wp","href":"https:\/\/api.w.org\/{rel}","templated":true}]}}