{"id":80352,"date":"2025-08-07T11:01:25","date_gmt":"2025-08-07T11:01:25","guid":{"rendered":"https:\/\/skinstudio.ee\/?post_type=product&#038;p=80352"},"modified":"2026-04-03T09:47:10","modified_gmt":"2026-04-03T09:47:10","slug":"moisture-x10","status":"publish","type":"product","link":"https:\/\/skinstudio.ee\/lv\/catalog\/bioelements-lv\/moisture-x10\/","title":{"rendered":"Moisture x10"},"content":{"rendered":"<p data-start=\"2456\" data-end=\"2765\"><strong data-start=\"2456\" data-end=\"2487\">Moisture x10 no Bioelements<\/strong> &#8211; \u012bpa\u0161i mitrino\u0161s sejas serums ar hialuronsk\u0101bi, kas paredz\u0113ts \u0101trai mitrin\u0101\u0161anai un optim\u0101la mitruma l\u012bme\u0146a uztur\u0113\u0161anai. Formula pal\u012bdz piesaist\u012bt mitrumu, vizu\u0101li uzlabo l\u012bniju un grumbu izskatu un sagatavo virsmu turpm\u0101kajai kop\u0161anai, uzlabojot mitrino\u0161\u0101 kr\u0113ma efektivit\u0101ti.<\/p>\n<p data-start=\"2767\" data-end=\"2916\">Viegl\u0101 tekst\u016bra vienm\u0113r\u012bgi kl\u0101jas un pal\u012bdz padar\u012bt virsmu glud\u0101ku un m\u012bkst\u0101ku. Produkts uztur mitrin\u0101tu saj\u016btu un veicina svaig\u0101ku, kopt\u0101ku izskatu.<\/p>\n<p data-start=\"2918\" data-end=\"3080\"><strong data-start=\"2918\" data-end=\"2949\">Kam piem\u0113rots Moisture x10:<\/strong> ikdienas kop\u0161anai sausuma, dehidrat\u0101cijas vai maiguma samazin\u0101\u0161an\u0101s gad\u012bjum\u0101, k\u0101 ar\u012b k\u0101 papildu mitrin\u0101\u0161anas solis jebkur\u0101 rut\u012bn\u0101.<\/p>\n<p data-start=\"3082\" data-end=\"3100\"><strong data-start=\"3082\" data-end=\"3094\">Tilpums:<\/strong> 30 ml<\/p>\n","protected":false},"excerpt":{"rendered":"<p data-start=\"3275\" data-end=\"3298\">Serums ar hialuronsk\u0101bi<\/p>\n<h2 data-start=\"3300\" data-end=\"3339\"><strong data-start=\"3300\" data-end=\"3339\">\u012apa\u0161\u012bbas Bioelements &#8211; Moisture x10<\/strong><\/h2>\n<p data-start=\"3341\" data-end=\"3534\">\u2714\ufe0f Intens\u012bvi atbalsta mitruma l\u012bmeni<br data-start=\"3377\" data-end=\"3380\" \/>\u2714\ufe0f Padara virsmu glud\u0101ku<br data-start=\"3404\" data-end=\"3407\" \/>\u2714\ufe0f Vizu\u0101li m\u012bkstina l\u012bnijas un grumbas<br data-start=\"3445\" data-end=\"3448\" \/>\u2714\ufe0f Uzlabo maiguma un komforta saj\u016btu<br data-start=\"3484\" data-end=\"3487\" \/>\u2714\ufe0f Pastiprina turpm\u0101k\u0101s kop\u0161anas efektivit\u0101ti<\/p>\n","protected":false},"featured_media":67918,"template":"","meta":[],"pwb-brand":[1239],"product_brand":[],"product_cat":[737,723],"product_tag":[],"giftcard-category":[],"class_list":{"0":"post-80352","1":"product","2":"type-product","3":"status-publish","4":"has-post-thumbnail","6":"pwb-brand-bioelements-lv","7":"product_cat-mitrinasana","8":"product_cat-serumi","10":"first","11":"instock","12":"taxable","13":"shipping-taxable","14":"purchasable","15":"product-type-simple"},"acf":[],"brands":[{"id":1239,"name":"Bioelements","slug":"bioelements-lv"}],"_links":{"self":[{"href":"https:\/\/skinstudio.ee\/lv\/wp-json\/wp\/v2\/product\/80352","targetHints":{"allow":["GET"]}}],"collection":[{"href":"https:\/\/skinstudio.ee\/lv\/wp-json\/wp\/v2\/product"}],"about":[{"href":"https:\/\/skinstudio.ee\/lv\/wp-json\/wp\/v2\/types\/product"}],"version-history":[{"count":1,"href":"https:\/\/skinstudio.ee\/lv\/wp-json\/wp\/v2\/product\/80352\/revisions"}],"predecessor-version":[{"id":80353,"href":"https:\/\/skinstudio.ee\/lv\/wp-json\/wp\/v2\/product\/80352\/revisions\/80353"}],"wp:featuredmedia":[{"embeddable":true,"href":"https:\/\/skinstudio.ee\/lv\/wp-json\/wp\/v2\/media\/67918"}],"wp:attachment":[{"href":"https:\/\/skinstudio.ee\/lv\/wp-json\/wp\/v2\/media?parent=80352"}],"wp:term":[{"taxonomy":"pwb-brand","embeddable":true,"href":"https:\/\/skinstudio.ee\/lv\/wp-json\/wp\/v2\/pwb-brand?post=80352"},{"taxonomy":"product_brand","embeddable":true,"href":"https:\/\/skinstudio.ee\/lv\/wp-json\/wp\/v2\/product_brand?post=80352"},{"taxonomy":"product_cat","embeddable":true,"href":"https:\/\/skinstudio.ee\/lv\/wp-json\/wp\/v2\/product_cat?post=80352"},{"taxonomy":"product_tag","embeddable":true,"href":"https:\/\/skinstudio.ee\/lv\/wp-json\/wp\/v2\/product_tag?post=80352"},{"taxonomy":"giftcard-category","embeddable":true,"href":"https:\/\/skinstudio.ee\/lv\/wp-json\/wp\/v2\/giftcard-category?post=80352"}],"curies":[{"name":"wp","href":"https:\/\/api.w.org\/{rel}","templated":true}]}}