{"id":80359,"date":"2025-08-07T10:59:55","date_gmt":"2025-08-07T10:59:55","guid":{"rendered":"https:\/\/skinstudio.ee\/?post_type=product&#038;p=80359"},"modified":"2026-04-03T09:47:10","modified_gmt":"2026-04-03T09:47:10","slug":"oxygen-boost-barrier-treatment","status":"publish","type":"product","link":"https:\/\/skinstudio.ee\/lv\/catalog\/bioelements-lv\/oxygen-boost-barrier-treatment\/","title":{"rendered":"Oxygen Boost Barrier Treatment"},"content":{"rendered":"<p data-start=\"2654\" data-end=\"3067\"><strong data-start=\"2654\" data-end=\"2703\">Oxygen Boost Barrier Treatment no Bioelements<\/strong> &#8211; viegls skin-booster, kas paredz\u0113ts \u0161\u016bnu elpo\u0161anas atbalstam un bl\u0101vas, noguru\u0161as \u0101das izskata uzlabo\u0161anai. Formula ar 2.5% tr\u012bsk\u0101r\u0161u oksigen\u0113jo\u0161u kompleksu, kas ietver stabiliz\u0113tu \u016bde\u0146ra\u017ea peroks\u012bdu, derm\u0101lo elpo\u0161anas faktoru un j\u016bras a\u013c\u0123es, pal\u012bdz atbalst\u012bt sk\u0101bek\u013ca pieg\u0101di, veicina svaig\u0101ku un starojo\u0161\u0101ku izskatu un uzlabo iepriek\u0161 uzkl\u0101to l\u012bdzek\u013cu darb\u012bbu.<\/p>\n<p data-start=\"3069\" data-end=\"3308\">Viegl\u0101 tekst\u016bra komfortabli kl\u0101jas virs eso\u0161\u0101s kop\u0161anas, atbalsta t\u012br\u012bbas saj\u016btu un padara virsmu vizu\u0101li glud\u0101ku un vienm\u0113r\u012bg\u0101ku. Regul\u0101ri lietojot, \u0101da izskat\u0101s svaig\u0101ka, starojo\u0161\u0101ka un kopt\u0101ka, bet aizsargbarjera sa\u0146em papildu atbalstu.<\/p>\n<p data-start=\"3310\" data-end=\"3473\"><strong data-start=\"3310\" data-end=\"3359\">Kam piem\u0113rots Oxygen Boost Barrier Treatment:<\/strong> ikdienas kop\u0161anai bl\u0101va to\u0146a, noguruma paz\u012bmju, nevienm\u0113r\u012bgas tekst\u016bras un samazin\u0101tas tvirtuma saj\u016btas gad\u012bjum\u0101.<\/p>\n<p data-start=\"3475\" data-end=\"3493\"><strong data-start=\"3475\" data-end=\"3487\">Tilpums:<\/strong> 30 ml<\/p>\n","protected":false},"excerpt":{"rendered":"<p data-start=\"3606\" data-end=\"3633\">Oksigen\u0113jo\u0161s booster serums<\/p>\n<h2 data-start=\"3635\" data-end=\"3692\"><strong data-start=\"3635\" data-end=\"3692\">\u012apa\u0161\u012bbas Bioelements &#8211; Oxygen Boost Barrier Treatment<\/strong><\/h2>\n<p data-start=\"3694\" data-end=\"3884\">\u2714\ufe0f Atbalsta \u0161\u016bnu elpo\u0161anu<br data-start=\"3719\" data-end=\"3722\" \/>\u2714\ufe0f Atsvaidzina izskatu un pie\u0161\u0137ir mirdzumu<br data-start=\"3764\" data-end=\"3767\" \/>\u2714\ufe0f Veicina vizu\u0101li t\u012br\u0101ku poru izskatu<br data-start=\"3805\" data-end=\"3808\" \/>\u2714\ufe0f Atbalsta aizsargbarjeru<br data-start=\"3834\" data-end=\"3837\" \/>\u2714\ufe0f Pastiprina turpm\u0101k\u0101s kop\u0161anas efektivit\u0101ti<\/p>\n","protected":false},"featured_media":67933,"template":"","meta":[],"pwb-brand":[1239],"product_brand":[],"product_cat":[749,743,751,723],"product_tag":[],"giftcard-category":[],"class_list":{"0":"post-80359","1":"product","2":"type-product","3":"status-publish","4":"has-post-thumbnail","6":"pwb-brand-bioelements-lv","7":"product_cat-novecojosa-ada","8":"product_cat-paplasinatas-poras","9":"product_cat-pigmentacija-lv","10":"product_cat-serumi","12":"first","13":"instock","14":"taxable","15":"shipping-taxable","16":"purchasable","17":"product-type-simple"},"acf":[],"brands":[{"id":1239,"name":"Bioelements","slug":"bioelements-lv"}],"_links":{"self":[{"href":"https:\/\/skinstudio.ee\/lv\/wp-json\/wp\/v2\/product\/80359","targetHints":{"allow":["GET"]}}],"collection":[{"href":"https:\/\/skinstudio.ee\/lv\/wp-json\/wp\/v2\/product"}],"about":[{"href":"https:\/\/skinstudio.ee\/lv\/wp-json\/wp\/v2\/types\/product"}],"version-history":[{"count":1,"href":"https:\/\/skinstudio.ee\/lv\/wp-json\/wp\/v2\/product\/80359\/revisions"}],"predecessor-version":[{"id":80360,"href":"https:\/\/skinstudio.ee\/lv\/wp-json\/wp\/v2\/product\/80359\/revisions\/80360"}],"wp:featuredmedia":[{"embeddable":true,"href":"https:\/\/skinstudio.ee\/lv\/wp-json\/wp\/v2\/media\/67933"}],"wp:attachment":[{"href":"https:\/\/skinstudio.ee\/lv\/wp-json\/wp\/v2\/media?parent=80359"}],"wp:term":[{"taxonomy":"pwb-brand","embeddable":true,"href":"https:\/\/skinstudio.ee\/lv\/wp-json\/wp\/v2\/pwb-brand?post=80359"},{"taxonomy":"product_brand","embeddable":true,"href":"https:\/\/skinstudio.ee\/lv\/wp-json\/wp\/v2\/product_brand?post=80359"},{"taxonomy":"product_cat","embeddable":true,"href":"https:\/\/skinstudio.ee\/lv\/wp-json\/wp\/v2\/product_cat?post=80359"},{"taxonomy":"product_tag","embeddable":true,"href":"https:\/\/skinstudio.ee\/lv\/wp-json\/wp\/v2\/product_tag?post=80359"},{"taxonomy":"giftcard-category","embeddable":true,"href":"https:\/\/skinstudio.ee\/lv\/wp-json\/wp\/v2\/giftcard-category?post=80359"}],"curies":[{"name":"wp","href":"https:\/\/api.w.org\/{rel}","templated":true}]}}