{"id":80366,"date":"2025-08-07T10:56:35","date_gmt":"2025-08-07T10:56:35","guid":{"rendered":"https:\/\/skinstudio.ee\/?post_type=product&#038;p=80366"},"modified":"2026-04-03T09:47:11","modified_gmt":"2026-04-03T09:47:11","slug":"recovery-serum","status":"publish","type":"product","link":"https:\/\/skinstudio.ee\/lv\/catalog\/bioelements-lv\/recovery-serum\/","title":{"rendered":"Recovery Serum"},"content":{"rendered":"<p data-start=\"2832\" data-end=\"3098\"><strong data-start=\"2832\" data-end=\"2865\">Recovery Serum no Bioelements<\/strong> &#8211; mitrino\u0161s serums ar ultraizl\u012bdzino\u0161iem keram\u012bdiem un m\u012bkstino\u0161\u0101m sast\u0101vda\u013c\u0101m, paredz\u0113ts sausai, redzami novecojo\u0161ai un p\u0101rm\u0113r\u012bgi eksfoli\u0113tai \u0101dai. Formula pal\u012bdz atjaunot lip\u012bdu l\u012bmeni, uzlabo mitrin\u0101\u0161anu un padara virsmu glud\u0101ku.<\/p>\n<p data-start=\"3100\" data-end=\"3321\">Produkts veicina komforta saj\u016btu, pal\u012bdz vienm\u0113r\u012bg\u0101k uzkl\u0101t dekorat\u012bvo kosm\u0113tiku un pie\u0161\u0137ir maigu dabisku mirdzumu. P\u0113c lieto\u0161anas \u0101da izskat\u0101s barot\u0101ka, glud\u0101ka un vizu\u0101li atjaunota, saglab\u0101jot vieglu saj\u016btu bez smaguma.<\/p>\n<p data-start=\"3323\" data-end=\"3450\"><strong data-start=\"3323\" data-end=\"3356\">Kam piem\u0113rots Recovery Serum:<\/strong> sausai, dehidr\u0113tai, jut\u012bgai \u0101dai, k\u0101 ar\u012b p\u0113c akt\u012bv\u0101m proced\u016br\u0101m vai p\u0101rm\u0113r\u012bgas eksfoli\u0101cijas.<\/p>\n<p data-start=\"3452\" data-end=\"3470\"><strong data-start=\"3452\" data-end=\"3464\">Tilpums:<\/strong> 30 ml<\/p>\n","protected":false},"excerpt":{"rendered":"<p data-start=\"3884\" data-end=\"3927\">M\u012bkstino\u0161s atjaunojo\u0161s serums ar keram\u012bdiem<\/p>\n<h2 data-start=\"3929\" data-end=\"3966\"><strong>\u012apa\u0161\u012bbas Bioelements &#8211; Recovery Serum<\/strong><\/h2>\n<p data-start=\"3968\" data-end=\"4150\">\u2714\ufe0f Dzi\u013ci mitrina un atjauno komfortu<br data-start=\"4004\" data-end=\"4007\" \/>\u2714\ufe0f Izl\u012bdzina un m\u012bkstina tekst\u016bru<br data-start=\"4040\" data-end=\"4043\" \/>\u2714\ufe0f Atbalsta aizsargbarjeru<br data-start=\"4069\" data-end=\"4072\" \/>\u2714\ufe0f Pal\u012bdz samazin\u0101t lob\u012b\u0161anos un kairin\u0101jumu<br data-start=\"4116\" data-end=\"4119\" \/>\u2714\ufe0f Uzlabo elast\u012bbu un maigumu<\/p>\n","protected":false},"featured_media":67938,"template":"","meta":[],"pwb-brand":[1239],"product_brand":[],"product_cat":[745,737,739,723],"product_tag":[],"giftcard-category":[],"class_list":{"0":"post-80366","1":"product","2":"type-product","3":"status-publish","4":"has-post-thumbnail","6":"pwb-brand-bioelements-lv","7":"product_cat-jutigai-adai","8":"product_cat-mitrinasana","9":"product_cat-sausai-adai","10":"product_cat-serumi","12":"first","13":"instock","14":"taxable","15":"shipping-taxable","16":"purchasable","17":"product-type-simple"},"acf":[],"brands":[{"id":1239,"name":"Bioelements","slug":"bioelements-lv"}],"_links":{"self":[{"href":"https:\/\/skinstudio.ee\/lv\/wp-json\/wp\/v2\/product\/80366","targetHints":{"allow":["GET"]}}],"collection":[{"href":"https:\/\/skinstudio.ee\/lv\/wp-json\/wp\/v2\/product"}],"about":[{"href":"https:\/\/skinstudio.ee\/lv\/wp-json\/wp\/v2\/types\/product"}],"version-history":[{"count":1,"href":"https:\/\/skinstudio.ee\/lv\/wp-json\/wp\/v2\/product\/80366\/revisions"}],"predecessor-version":[{"id":80367,"href":"https:\/\/skinstudio.ee\/lv\/wp-json\/wp\/v2\/product\/80366\/revisions\/80367"}],"wp:featuredmedia":[{"embeddable":true,"href":"https:\/\/skinstudio.ee\/lv\/wp-json\/wp\/v2\/media\/67938"}],"wp:attachment":[{"href":"https:\/\/skinstudio.ee\/lv\/wp-json\/wp\/v2\/media?parent=80366"}],"wp:term":[{"taxonomy":"pwb-brand","embeddable":true,"href":"https:\/\/skinstudio.ee\/lv\/wp-json\/wp\/v2\/pwb-brand?post=80366"},{"taxonomy":"product_brand","embeddable":true,"href":"https:\/\/skinstudio.ee\/lv\/wp-json\/wp\/v2\/product_brand?post=80366"},{"taxonomy":"product_cat","embeddable":true,"href":"https:\/\/skinstudio.ee\/lv\/wp-json\/wp\/v2\/product_cat?post=80366"},{"taxonomy":"product_tag","embeddable":true,"href":"https:\/\/skinstudio.ee\/lv\/wp-json\/wp\/v2\/product_tag?post=80366"},{"taxonomy":"giftcard-category","embeddable":true,"href":"https:\/\/skinstudio.ee\/lv\/wp-json\/wp\/v2\/giftcard-category?post=80366"}],"curies":[{"name":"wp","href":"https:\/\/api.w.org\/{rel}","templated":true}]}}