{"id":80374,"date":"2025-08-07T10:55:41","date_gmt":"2025-08-07T10:55:41","guid":{"rendered":"https:\/\/skinstudio.ee\/?post_type=product&#038;p=80374"},"modified":"2026-04-03T09:47:09","modified_gmt":"2026-04-03T09:47:09","slug":"createfirm","status":"publish","type":"product","link":"https:\/\/skinstudio.ee\/lv\/catalog\/bioelements-lv\/createfirm\/","title":{"rendered":"CreateFirm"},"content":{"rendered":"<p data-start=\"2762\" data-end=\"3070\"><strong data-start=\"2762\" data-end=\"2791\">CreateFirm no Bioelements<\/strong> &#8211; ir sp\u0113c\u012bgs pretnoveco\u0161an\u0101s serums, kas pal\u012bdz uzlabot \u0101das tvirtumu, stiprin\u0101t \u0101das strukt\u016bru un nodro\u0161in\u0101t intens\u012bvu mitrin\u0101\u0161anu. Ar keram\u012bdiem bag\u0101tin\u0101tais Aquamide-5\u00ae komplekss pal\u012bdz stiprin\u0101t \u0101das aizsargbarjeru, mazin\u0101t sausuma saj\u016btu un veicin\u0101t stingr\u0101ku \u0101das izskatu.<\/p>\n<p data-start=\"3072\" data-end=\"3386\">Serums apvieno mitrino\u0161as un stiprino\u0161as sast\u0101vda\u013cas, kas pal\u012bdz \u0101dai izskat\u012bties glud\u0101kai, elast\u012bg\u0101kai un vizu\u0101li svaig\u0101kai. Viegl\u0101 tekst\u016bra \u0101tri ies\u016bcas un ir piem\u0113rota lieto\u0161anai gan no r\u012bta, gan vakar\u0101. Regul\u0101ri lietojot, \u0101da izskat\u0101s piln\u012bg\u0101ka, elast\u012bg\u0101ka un atjaunot\u0101ka, bet sejas kont\u016bras \u0161\u0137iet izteikt\u0101kas.<\/p>\n<p data-start=\"3388\" data-end=\"3516\"><strong data-start=\"3388\" data-end=\"3417\">Kam piem\u0113rots CreateFirm:<\/strong> \u0101dai ar noveco\u0161an\u0101s paz\u012bm\u0113m, elast\u012bbas zudumu, samazin\u0101tu bl\u012bvumu, dehidrat\u0101ciju un bl\u0101vu izskatu.<\/p>\n<p data-start=\"3518\" data-end=\"3536\"><strong data-start=\"3518\" data-end=\"3530\">Tilpums:<\/strong> 30 ml<\/p>\n","protected":false},"excerpt":{"rendered":"<p data-start=\"3721\" data-end=\"3751\">Sp\u0113c\u012bgs pretnoveco\u0161an\u0101s serums<\/p>\n<h2 data-start=\"3753\" data-end=\"3790\"><strong data-start=\"3753\" data-end=\"3790\">\u012apa\u0161\u012bbas Bioelements &#8211; CreateFirm<\/strong><\/h2>\n<p data-start=\"3792\" data-end=\"3985\">\u2714\ufe0f Uzlabo \u0101das tvirtumu un liftinga efektu<br data-start=\"3834\" data-end=\"3837\" \/>\u2714\ufe0f Intens\u012bvi mitrina un mazina sausumu<br data-start=\"3875\" data-end=\"3878\" \/>\u2714\ufe0f Padara \u0101du glud\u0101ku un bl\u012bv\u0101ku<br data-start=\"3910\" data-end=\"3913\" \/>\u2714\ufe0f Stiprina \u0101das aizsargbarjeru<br data-start=\"3944\" data-end=\"3947\" \/>\u2714\ufe0f Pie\u0161\u0137ir svaig\u0101ku un kopt\u0101ku izskatu<\/p>\n","protected":false},"featured_media":67943,"template":"","meta":[],"pwb-brand":[1239],"product_brand":[],"product_cat":[749,723],"product_tag":[],"giftcard-category":[],"class_list":{"0":"post-80374","1":"product","2":"type-product","3":"status-publish","4":"has-post-thumbnail","6":"pwb-brand-bioelements-lv","7":"product_cat-novecojosa-ada","8":"product_cat-serumi","10":"first","11":"instock","12":"taxable","13":"shipping-taxable","14":"purchasable","15":"product-type-simple"},"acf":[],"brands":[{"id":1239,"name":"Bioelements","slug":"bioelements-lv"}],"_links":{"self":[{"href":"https:\/\/skinstudio.ee\/lv\/wp-json\/wp\/v2\/product\/80374","targetHints":{"allow":["GET"]}}],"collection":[{"href":"https:\/\/skinstudio.ee\/lv\/wp-json\/wp\/v2\/product"}],"about":[{"href":"https:\/\/skinstudio.ee\/lv\/wp-json\/wp\/v2\/types\/product"}],"version-history":[{"count":1,"href":"https:\/\/skinstudio.ee\/lv\/wp-json\/wp\/v2\/product\/80374\/revisions"}],"predecessor-version":[{"id":80375,"href":"https:\/\/skinstudio.ee\/lv\/wp-json\/wp\/v2\/product\/80374\/revisions\/80375"}],"wp:featuredmedia":[{"embeddable":true,"href":"https:\/\/skinstudio.ee\/lv\/wp-json\/wp\/v2\/media\/67943"}],"wp:attachment":[{"href":"https:\/\/skinstudio.ee\/lv\/wp-json\/wp\/v2\/media?parent=80374"}],"wp:term":[{"taxonomy":"pwb-brand","embeddable":true,"href":"https:\/\/skinstudio.ee\/lv\/wp-json\/wp\/v2\/pwb-brand?post=80374"},{"taxonomy":"product_brand","embeddable":true,"href":"https:\/\/skinstudio.ee\/lv\/wp-json\/wp\/v2\/product_brand?post=80374"},{"taxonomy":"product_cat","embeddable":true,"href":"https:\/\/skinstudio.ee\/lv\/wp-json\/wp\/v2\/product_cat?post=80374"},{"taxonomy":"product_tag","embeddable":true,"href":"https:\/\/skinstudio.ee\/lv\/wp-json\/wp\/v2\/product_tag?post=80374"},{"taxonomy":"giftcard-category","embeddable":true,"href":"https:\/\/skinstudio.ee\/lv\/wp-json\/wp\/v2\/giftcard-category?post=80374"}],"curies":[{"name":"wp","href":"https:\/\/api.w.org\/{rel}","templated":true}]}}