{"id":80381,"date":"2025-08-07T10:55:18","date_gmt":"2025-08-07T10:55:18","guid":{"rendered":"https:\/\/skinstudio.ee\/?post_type=product&#038;p=80381"},"modified":"2026-04-03T09:47:09","modified_gmt":"2026-04-03T09:47:09","slug":"age-activist-clinical-youth-serum","status":"publish","type":"product","link":"https:\/\/skinstudio.ee\/lv\/catalog\/bioelements-lv\/age-activist-clinical-youth-serum\/","title":{"rendered":"Age Activist Clinical Youth Serum"},"content":{"rendered":"<p data-start=\"3318\" data-end=\"3745\"><strong data-start=\"3318\" data-end=\"3370\">Age Activist Clinical Youth Serum no Bioelements<\/strong> &#8211; ir daudzfunkcion\u0101ls pretnoveco\u0161an\u0101s serums, kas apvieno kl\u012bniski efekt\u012bvas akt\u012bv\u0101s vielas ar modern\u0101m \u0101das kop\u0161anas inov\u0101cij\u0101m, lai atbalst\u012btu visaptvero\u0161u \u0101das atjauno\u0161anos un uzlabotu t\u0101s kop\u0113jo izskatu. Retinols, pept\u012bdi, E vitam\u012bns un koenz\u012bms Q10 kop\u0101 ar arb\u016bza, \u0101bola, l\u0113cu un ferment\u0113ta \u0137irbja ekstraktiem pal\u012bdz \u0101dai izskat\u012bties glud\u0101kai, svaig\u0101kai un elast\u012bg\u0101kai.<\/p>\n<p data-start=\"3747\" data-end=\"4105\">Serums pal\u012bdz izl\u012bdzin\u0101t \u0101das tekst\u016bru, samazin\u0101t l\u012bniju un papla\u0161in\u0101tu poru redzam\u012bbu, vienlaikus nodro\u0161inot mitrin\u0101\u0161anu un dabisku mirdzumu. Atjaunojo\u0161o un stiprino\u0161o komponentu kombin\u0101cija pal\u012bdz uzlabot \u0101das toni un bl\u012bvumu, pie\u0161\u0137irot stingr\u0101ku un kopt\u0101ku izskatu. Viegl\u0101 tekst\u016bra \u0101tri ies\u016bcas un ir piem\u0113rota regul\u0101rai lieto\u0161anai pretnoveco\u0161an\u0101s rut\u012bn\u0101.<\/p>\n<p data-start=\"4107\" data-end=\"4309\"><strong data-start=\"4107\" data-end=\"4159\">Kam piem\u0113rots Age Activist Clinical Youth Serum:<\/strong> \u0101dai ar noveco\u0161an\u0101s paz\u012bm\u0113m, nevienm\u0113r\u012bgu tekst\u016bru, bl\u0101vu toni, redzam\u0101m por\u0101m, samazin\u0101tu tvirtumu un nepiecie\u0161am\u012bbu p\u0113c visaptvero\u0161as atjauno\u0161anas.<\/p>\n<p data-start=\"4311\" data-end=\"4329\"><strong data-start=\"4311\" data-end=\"4323\">Tilpums:<\/strong> 30 ml<\/p>\n","protected":false},"excerpt":{"rendered":"<p data-start=\"4490\" data-end=\"4529\">Daudzfunkcion\u0101ls pretnoveco\u0161an\u0101s serums<\/p>\n<h2 data-start=\"4531\" data-end=\"4591\"><strong data-start=\"4531\" data-end=\"4591\">\u012apa\u0161\u012bbas Bioelements &#8211; Age Activist Clinical Youth Serum<\/strong><\/h2>\n<p data-start=\"4593\" data-end=\"4840\">\u2714\ufe0f Izl\u012bdzina \u0101das tekst\u016bru un uzlabo virsmas gludumu<br data-start=\"4645\" data-end=\"4648\" \/>\u2714\ufe0f Pie\u0161\u0137ir gai\u0161\u0101ku un vienm\u0113r\u012bg\u0101ku \u0101das toni<br data-start=\"4692\" data-end=\"4695\" \/>\u2714\ufe0f Samazina l\u012bniju redzam\u012bbu\u00a0<br data-start=\"4748\" data-end=\"4751\" \/>\u2714\ufe0f Samazina poru redzam\u012bbu un uzlabo reljefu<br data-start=\"4795\" data-end=\"4798\" \/>\u2714\ufe0f Uzlabo tvirtumu un jaunekl\u012bg\u0101ku izskatu<\/p>\n","protected":false},"featured_media":67948,"template":"","meta":[],"pwb-brand":[1239],"product_brand":[],"product_cat":[737,749,743,723],"product_tag":[],"giftcard-category":[],"class_list":{"0":"post-80381","1":"product","2":"type-product","3":"status-publish","4":"has-post-thumbnail","6":"pwb-brand-bioelements-lv","7":"product_cat-mitrinasana","8":"product_cat-novecojosa-ada","9":"product_cat-paplasinatas-poras","10":"product_cat-serumi","12":"first","13":"instock","14":"taxable","15":"shipping-taxable","16":"purchasable","17":"product-type-simple"},"acf":[],"brands":[{"id":1239,"name":"Bioelements","slug":"bioelements-lv"}],"_links":{"self":[{"href":"https:\/\/skinstudio.ee\/lv\/wp-json\/wp\/v2\/product\/80381","targetHints":{"allow":["GET"]}}],"collection":[{"href":"https:\/\/skinstudio.ee\/lv\/wp-json\/wp\/v2\/product"}],"about":[{"href":"https:\/\/skinstudio.ee\/lv\/wp-json\/wp\/v2\/types\/product"}],"version-history":[{"count":1,"href":"https:\/\/skinstudio.ee\/lv\/wp-json\/wp\/v2\/product\/80381\/revisions"}],"predecessor-version":[{"id":80382,"href":"https:\/\/skinstudio.ee\/lv\/wp-json\/wp\/v2\/product\/80381\/revisions\/80382"}],"wp:featuredmedia":[{"embeddable":true,"href":"https:\/\/skinstudio.ee\/lv\/wp-json\/wp\/v2\/media\/67948"}],"wp:attachment":[{"href":"https:\/\/skinstudio.ee\/lv\/wp-json\/wp\/v2\/media?parent=80381"}],"wp:term":[{"taxonomy":"pwb-brand","embeddable":true,"href":"https:\/\/skinstudio.ee\/lv\/wp-json\/wp\/v2\/pwb-brand?post=80381"},{"taxonomy":"product_brand","embeddable":true,"href":"https:\/\/skinstudio.ee\/lv\/wp-json\/wp\/v2\/product_brand?post=80381"},{"taxonomy":"product_cat","embeddable":true,"href":"https:\/\/skinstudio.ee\/lv\/wp-json\/wp\/v2\/product_cat?post=80381"},{"taxonomy":"product_tag","embeddable":true,"href":"https:\/\/skinstudio.ee\/lv\/wp-json\/wp\/v2\/product_tag?post=80381"},{"taxonomy":"giftcard-category","embeddable":true,"href":"https:\/\/skinstudio.ee\/lv\/wp-json\/wp\/v2\/giftcard-category?post=80381"}],"curies":[{"name":"wp","href":"https:\/\/api.w.org\/{rel}","templated":true}]}}