{"id":80388,"date":"2025-08-07T10:34:56","date_gmt":"2025-08-07T10:34:56","guid":{"rendered":"https:\/\/skinstudio.ee\/?post_type=product&#038;p=80388"},"modified":"2026-04-03T09:47:10","modified_gmt":"2026-04-03T09:47:10","slug":"plump-start","status":"publish","type":"product","link":"https:\/\/skinstudio.ee\/lv\/catalog\/bioelements-lv\/plump-start\/","title":{"rendered":"Plump Start"},"content":{"rendered":"<p data-start=\"2606\" data-end=\"2926\"><strong data-start=\"2606\" data-end=\"2636\">Plump Start no Bioelements<\/strong> &#8211; ir antioksidantu koncentr\u0101ts, kas paredz\u0113ts intens\u012bvai mitrin\u0101\u0161anai, \u0101das tvirtuma uzlabo\u0161anai un \u0101das tekst\u016bras vizu\u0101lai pilnveido\u0161anai. Uz pl\u016bmju ekstraktiem balst\u012bt\u0101 antioksidantu formula pal\u012bdz uztur\u0113t \u0101das piln\u012bgumu, izl\u012bdzin\u0101t smalk\u0101s l\u012bnijas un pie\u0161\u0137irt svaig\u0101ku, kopt\u0101ku izskatu.<\/p>\n<p data-start=\"2928\" data-end=\"3237\">Inteli\u0123enta mitrin\u0101\u0161anas sist\u0113ma piel\u0101gojas \u0101das vajadz\u012bb\u0101m, nodro\u0161inot m\u0113r\u0137\u0113tu mitrin\u0101\u0161anu nepiecie\u0161amaj\u0101s zon\u0101s. Koncentr\u0101ts pal\u012bdz samazin\u0101t sausuma l\u012bniju un nevienm\u0113r\u012bgas tekst\u016bras redzam\u012bbu, padarot \u0101du glud\u0101ku, piln\u012bg\u0101ku un starojo\u0161\u0101ku. Viegl\u0101 tekst\u016bra \u0101tri ies\u016bcas un ir piem\u0113rota ikdienas lieto\u0161anai.<\/p>\n<p data-start=\"3239\" data-end=\"3363\"><strong data-start=\"3239\" data-end=\"3269\">Kam piem\u0113rots Plump Start:<\/strong> dehidr\u0113tai \u0101dai ar samazin\u0101tu tvirtumu, smalk\u0101m l\u012bnij\u0101m, bl\u0101vu toni un nevienm\u0113r\u012bgu tekst\u016bru.<\/p>\n<p data-start=\"3365\" data-end=\"3383\"><strong data-start=\"3365\" data-end=\"3377\">Tilpums:<\/strong> 30 ml<\/p>\n","protected":false},"excerpt":{"rendered":"<p data-start=\"3528\" data-end=\"3568\">Antioksidantu koncentr\u0101ts \u0101das tvirtumam<\/p>\n<h2 data-start=\"3570\" data-end=\"3608\"><strong data-start=\"3570\" data-end=\"3608\">\u012apa\u0161\u012bbas Bioelements &#8211; Plump Start<\/strong><\/h2>\n<p data-start=\"3610\" data-end=\"3833\">\u2714\ufe0f Uzlabo \u0101das tvirtumu un palielina bl\u012bvumu<br data-start=\"3654\" data-end=\"3657\" \/>\u2714\ufe0f Intens\u012bvi mitrina un mazina sausuma saj\u016btu<br data-start=\"3702\" data-end=\"3705\" \/>\u2714\ufe0f Izl\u012bdzina smalk\u0101s l\u012bnijas un reljefu<br data-start=\"3744\" data-end=\"3747\" \/>\u2714\ufe0f Nodro\u0161ina antioksidantu aizsardz\u012bbu<br data-start=\"3785\" data-end=\"3788\" \/>\u2714\ufe0f Atsvaidzina sejas toni un pie\u0161\u0137ir mirdzumu<\/p>\n","protected":false},"featured_media":67953,"template":"","meta":[],"pwb-brand":[1239],"product_brand":[],"product_cat":[749,739,723],"product_tag":[],"giftcard-category":[],"class_list":{"0":"post-80388","1":"product","2":"type-product","3":"status-publish","4":"has-post-thumbnail","6":"pwb-brand-bioelements-lv","7":"product_cat-novecojosa-ada","8":"product_cat-sausai-adai","9":"product_cat-serumi","11":"first","12":"instock","13":"taxable","14":"shipping-taxable","15":"purchasable","16":"product-type-simple"},"acf":[],"brands":[{"id":1239,"name":"Bioelements","slug":"bioelements-lv"}],"_links":{"self":[{"href":"https:\/\/skinstudio.ee\/lv\/wp-json\/wp\/v2\/product\/80388","targetHints":{"allow":["GET"]}}],"collection":[{"href":"https:\/\/skinstudio.ee\/lv\/wp-json\/wp\/v2\/product"}],"about":[{"href":"https:\/\/skinstudio.ee\/lv\/wp-json\/wp\/v2\/types\/product"}],"version-history":[{"count":1,"href":"https:\/\/skinstudio.ee\/lv\/wp-json\/wp\/v2\/product\/80388\/revisions"}],"predecessor-version":[{"id":80389,"href":"https:\/\/skinstudio.ee\/lv\/wp-json\/wp\/v2\/product\/80388\/revisions\/80389"}],"wp:featuredmedia":[{"embeddable":true,"href":"https:\/\/skinstudio.ee\/lv\/wp-json\/wp\/v2\/media\/67953"}],"wp:attachment":[{"href":"https:\/\/skinstudio.ee\/lv\/wp-json\/wp\/v2\/media?parent=80388"}],"wp:term":[{"taxonomy":"pwb-brand","embeddable":true,"href":"https:\/\/skinstudio.ee\/lv\/wp-json\/wp\/v2\/pwb-brand?post=80388"},{"taxonomy":"product_brand","embeddable":true,"href":"https:\/\/skinstudio.ee\/lv\/wp-json\/wp\/v2\/product_brand?post=80388"},{"taxonomy":"product_cat","embeddable":true,"href":"https:\/\/skinstudio.ee\/lv\/wp-json\/wp\/v2\/product_cat?post=80388"},{"taxonomy":"product_tag","embeddable":true,"href":"https:\/\/skinstudio.ee\/lv\/wp-json\/wp\/v2\/product_tag?post=80388"},{"taxonomy":"giftcard-category","embeddable":true,"href":"https:\/\/skinstudio.ee\/lv\/wp-json\/wp\/v2\/giftcard-category?post=80388"}],"curies":[{"name":"wp","href":"https:\/\/api.w.org\/{rel}","templated":true}]}}