{"id":80396,"date":"2025-08-07T10:34:12","date_gmt":"2025-08-07T10:34:12","guid":{"rendered":"https:\/\/skinstudio.ee\/?post_type=product&#038;p=80396"},"modified":"2026-04-03T09:47:11","modified_gmt":"2026-04-03T09:47:11","slug":"vc10-daily-glow","status":"publish","type":"product","link":"https:\/\/skinstudio.ee\/lv\/catalog\/bioelements-lv\/vc10-daily-glow\/","title":{"rendered":"VC10 Daily Glow"},"content":{"rendered":"<p data-start=\"2994\" data-end=\"3443\"><strong data-start=\"2994\" data-end=\"3028\">VC10 Daily Glow no Bioelements<\/strong> &#8211; ir mirdzumu pie\u0161\u0137iro\u0161s antioksidantu serums ar augstu C vitam\u012bna koncentr\u0101ciju, kas pal\u012bdz izl\u012bdzin\u0101t \u0101das toni, pastiprin\u0101t mirdzumu un aizsarg\u0101t pret priek\u0161laic\u012bgas noveco\u0161an\u0101s faktoriem. Formula ar 10% tr\u012bsk\u0101r\u0161as izcelsmes C vitam\u012bnu, tostarp C vitam\u012bna atvasin\u0101jumiem un dab\u012bgo acerolu, pal\u012bdz c\u012bn\u012bties ar br\u012bvo radik\u0101\u013cu rad\u012btajiem boj\u0101jumiem, kas saist\u012bti ar sauli, vides pies\u0101r\u0146ojumu un dabisku noveco\u0161anu.<\/p>\n<p data-start=\"3445\" data-end=\"3802\">Papildin\u0101ts ar E vitam\u012bnu, hialuronsk\u0101bi un augu ekstraktiem, serums nodro\u0161ina intens\u012bvu mitrin\u0101\u0161anu un pal\u012bdz rad\u012bt glud\u0101ku un vienm\u0113r\u012bg\u0101ku \u0101das izskatu. Tas pal\u012bdz izgaismot pigment\u0101ciju, uzlabot tekst\u016bru un atbalst\u012bt kolag\u0113na strukt\u016bras, pie\u0161\u0137irot \u0101dai svaig\u0101ku, starojo\u0161\u0101ku un kopt\u0101ku izskatu. Viegl\u0101 tekst\u016bra \u0101tri ies\u016bcas un ir piem\u0113rota r\u012bta kop\u0161anai.<\/p>\n<p data-start=\"3804\" data-end=\"3980\"><strong data-start=\"3804\" data-end=\"3838\">Kam piem\u0113rots VC10 Daily Glow:<\/strong> \u0101dai ar bl\u0101vu toni, nevienm\u0113r\u012bgu pigment\u0101ciju, fotonoveco\u0161an\u0101s paz\u012bm\u0113m, samazin\u0101tu mirdzumu un nepiecie\u0161am\u012bbu p\u0113c antioksidantu aizsardz\u012bbas.<\/p>\n<p data-start=\"3982\" data-end=\"4000\"><strong data-start=\"3982\" data-end=\"3994\">Tilpums:<\/strong> 30 ml<\/p>\n","protected":false},"excerpt":{"rendered":"<p data-start=\"4152\" data-end=\"4196\">Mirdzumu pie\u0161\u0137iro\u0161s serums ar 10% C vitam\u012bnu<\/p>\n<h2 data-start=\"4198\" data-end=\"4240\"><strong data-start=\"4198\" data-end=\"4240\">\u012apa\u0161\u012bbas Bioelements &#8211; VC10 Daily Glow<\/strong><\/h2>\n<p data-start=\"4242\" data-end=\"4459\">\u2714\ufe0f Izgaismo \u0101das toni un pastiprina dabisko mirdzumu<br data-start=\"4294\" data-end=\"4297\" \/>\u2714\ufe0f Izl\u012bdzina \u0101das toni un mazina bl\u0101vumu<br data-start=\"4337\" data-end=\"4340\" \/>\u2714\ufe0f Samazina tum\u0161o plankumu redzam\u012bbu<br data-start=\"4376\" data-end=\"4379\" \/>\u2714\ufe0f Nodro\u0161ina antioksidantu aizsardz\u012bbu<br data-start=\"4417\" data-end=\"4420\" \/>\u2714\ufe0f Atbalsta mitrin\u0101\u0161anu un \u0101das gludumu<\/p>\n","protected":false},"featured_media":67961,"template":"","meta":[],"pwb-brand":[1239],"product_brand":[],"product_cat":[729,751,723],"product_tag":[],"giftcard-category":[],"class_list":{"0":"post-80396","1":"product","2":"type-product","3":"status-publish","4":"has-post-thumbnail","6":"pwb-brand-bioelements-lv","7":"product_cat-c-vitamins","8":"product_cat-pigmentacija-lv","9":"product_cat-serumi","11":"first","12":"instock","13":"taxable","14":"shipping-taxable","15":"purchasable","16":"product-type-simple"},"acf":[],"brands":[{"id":1239,"name":"Bioelements","slug":"bioelements-lv"}],"_links":{"self":[{"href":"https:\/\/skinstudio.ee\/lv\/wp-json\/wp\/v2\/product\/80396","targetHints":{"allow":["GET"]}}],"collection":[{"href":"https:\/\/skinstudio.ee\/lv\/wp-json\/wp\/v2\/product"}],"about":[{"href":"https:\/\/skinstudio.ee\/lv\/wp-json\/wp\/v2\/types\/product"}],"version-history":[{"count":1,"href":"https:\/\/skinstudio.ee\/lv\/wp-json\/wp\/v2\/product\/80396\/revisions"}],"predecessor-version":[{"id":80397,"href":"https:\/\/skinstudio.ee\/lv\/wp-json\/wp\/v2\/product\/80396\/revisions\/80397"}],"wp:featuredmedia":[{"embeddable":true,"href":"https:\/\/skinstudio.ee\/lv\/wp-json\/wp\/v2\/media\/67961"}],"wp:attachment":[{"href":"https:\/\/skinstudio.ee\/lv\/wp-json\/wp\/v2\/media?parent=80396"}],"wp:term":[{"taxonomy":"pwb-brand","embeddable":true,"href":"https:\/\/skinstudio.ee\/lv\/wp-json\/wp\/v2\/pwb-brand?post=80396"},{"taxonomy":"product_brand","embeddable":true,"href":"https:\/\/skinstudio.ee\/lv\/wp-json\/wp\/v2\/product_brand?post=80396"},{"taxonomy":"product_cat","embeddable":true,"href":"https:\/\/skinstudio.ee\/lv\/wp-json\/wp\/v2\/product_cat?post=80396"},{"taxonomy":"product_tag","embeddable":true,"href":"https:\/\/skinstudio.ee\/lv\/wp-json\/wp\/v2\/product_tag?post=80396"},{"taxonomy":"giftcard-category","embeddable":true,"href":"https:\/\/skinstudio.ee\/lv\/wp-json\/wp\/v2\/giftcard-category?post=80396"}],"curies":[{"name":"wp","href":"https:\/\/api.w.org\/{rel}","templated":true}]}}