{"id":80404,"date":"2025-08-07T10:32:03","date_gmt":"2025-08-07T10:32:03","guid":{"rendered":"https:\/\/skinstudio.ee\/?post_type=product&#038;p=80404"},"modified":"2026-04-03T09:47:11","modified_gmt":"2026-04-03T09:47:11","slug":"vc10-eye-bright-contour","status":"publish","type":"product","link":"https:\/\/skinstudio.ee\/lv\/catalog\/bioelements-lv\/vc10-eye-bright-contour\/","title":{"rendered":"VC10 Eye Bright Contour"},"content":{"rendered":"<p data-start=\"3007\" data-end=\"3407\"><strong data-start=\"3007\" data-end=\"3049\">VC10 Eye Bright Contour no Bioelements<\/strong> &#8211; ir kl\u012bnisks acu zonas kr\u0113ms ar augstu C vitam\u012bna koncentr\u0101ciju, kas paredz\u0113ts galveno noveco\u0161an\u0101s un noguruma paz\u012bmju mazin\u0101\u0161anai acu zon\u0101. Signat\u016bras VC10 komplekss (10% stabiliz\u0113ts tr\u012bsk\u0101r\u0161as izcelsmes C vitam\u012bns, tostarp C vitam\u012bna atvasin\u0101jumi un dab\u012bg\u0101 acerola) pal\u012bdz izgaismot \u0101das toni, samazin\u0101t tum\u0161o loku redzam\u012bbu un pie\u0161\u0137irt svaig\u0101ku izskatu.<\/p>\n<p data-start=\"3409\" data-end=\"3760\">Papildin\u0101ts ar a\u013c\u0123\u0113m, pept\u012bdiem, kofe\u012bnu un gur\u0137a ekstraktu, sast\u0101vs pal\u012bdz mazin\u0101t piet\u016bkumu, uzlabot \u0101das tvirtumu un atbalst\u012bt optim\u0101lu mitrin\u0101\u0161anu. Kr\u0113ms pal\u012bdz izl\u012bdzin\u0101t smalk\u0101s l\u012bnijas un \u201cv\u0101rnu k\u0101ji\u0146as\u201d, uzlabojot \u0101das tekst\u016bru un padarot acu zonu glud\u0101ku, stingr\u0101ku un kopt\u0101ku. Viegl\u0101 tekst\u016bra piem\u0113rota ikdienas lieto\u0161anai no r\u012bta un vakar\u0101.<\/p>\n<p data-start=\"3762\" data-end=\"3921\"><strong data-start=\"3762\" data-end=\"3804\">Kam piem\u0113rots VC10 Eye Bright Contour:<\/strong> acu zonai ar tum\u0161iem lokiem, piet\u016bkumu, smalk\u0101m l\u012bnij\u0101m, fotonoveco\u0161an\u0101s paz\u012bm\u0113m, bl\u0101vu toni un samazin\u0101tu tvirtumu.<\/p>\n<p data-start=\"3923\" data-end=\"3941\"><strong data-start=\"3923\" data-end=\"3935\">Tilpums:<\/strong> 15 ml<\/p>\n","protected":false},"excerpt":{"rendered":"<p data-start=\"4083\" data-end=\"4119\">Kl\u012bnisks acu kr\u0113ms ar 10% C vitam\u012bnu<\/p>\n<h2 data-start=\"4121\" data-end=\"4171\"><strong data-start=\"4121\" data-end=\"4171\">\u012apa\u0161\u012bbas Bioelements &#8211; VC10 Eye Bright Contour<\/strong><\/h2>\n<p data-start=\"4173\" data-end=\"4370\">\u2714\ufe0f Izgaismo tum\u0161os lokus zem ac\u012bm<br data-start=\"4206\" data-end=\"4209\" \/>\u2714\ufe0f Pie\u0161\u0137ir acu zonai vair\u0101k mirdzuma<br data-start=\"4245\" data-end=\"4248\" \/>\u2714\ufe0f Izl\u012bdzina smalk\u0101s l\u012bnijas un \u201cv\u0101rnu k\u0101ji\u0146as\u201d<br data-start=\"4295\" data-end=\"4298\" \/>\u2714\ufe0f Samazina redzam\u0101s noguruma paz\u012bmes<br data-start=\"4335\" data-end=\"4338\" \/>\u2714\ufe0f Uzlabo \u0101das tvirtumu acu zon\u0101<\/p>\n","protected":false},"featured_media":67986,"template":"","meta":[],"pwb-brand":[1239],"product_brand":[],"product_cat":[733,729],"product_tag":[],"giftcard-category":[],"class_list":{"0":"post-80404","1":"product","2":"type-product","3":"status-publish","4":"has-post-thumbnail","6":"pwb-brand-bioelements-lv","7":"product_cat-ada-ap-acim","8":"product_cat-c-vitamins","10":"first","11":"instock","12":"taxable","13":"shipping-taxable","14":"purchasable","15":"product-type-simple"},"acf":[],"brands":[{"id":1239,"name":"Bioelements","slug":"bioelements-lv"}],"_links":{"self":[{"href":"https:\/\/skinstudio.ee\/lv\/wp-json\/wp\/v2\/product\/80404","targetHints":{"allow":["GET"]}}],"collection":[{"href":"https:\/\/skinstudio.ee\/lv\/wp-json\/wp\/v2\/product"}],"about":[{"href":"https:\/\/skinstudio.ee\/lv\/wp-json\/wp\/v2\/types\/product"}],"version-history":[{"count":1,"href":"https:\/\/skinstudio.ee\/lv\/wp-json\/wp\/v2\/product\/80404\/revisions"}],"predecessor-version":[{"id":80405,"href":"https:\/\/skinstudio.ee\/lv\/wp-json\/wp\/v2\/product\/80404\/revisions\/80405"}],"wp:featuredmedia":[{"embeddable":true,"href":"https:\/\/skinstudio.ee\/lv\/wp-json\/wp\/v2\/media\/67986"}],"wp:attachment":[{"href":"https:\/\/skinstudio.ee\/lv\/wp-json\/wp\/v2\/media?parent=80404"}],"wp:term":[{"taxonomy":"pwb-brand","embeddable":true,"href":"https:\/\/skinstudio.ee\/lv\/wp-json\/wp\/v2\/pwb-brand?post=80404"},{"taxonomy":"product_brand","embeddable":true,"href":"https:\/\/skinstudio.ee\/lv\/wp-json\/wp\/v2\/product_brand?post=80404"},{"taxonomy":"product_cat","embeddable":true,"href":"https:\/\/skinstudio.ee\/lv\/wp-json\/wp\/v2\/product_cat?post=80404"},{"taxonomy":"product_tag","embeddable":true,"href":"https:\/\/skinstudio.ee\/lv\/wp-json\/wp\/v2\/product_tag?post=80404"},{"taxonomy":"giftcard-category","embeddable":true,"href":"https:\/\/skinstudio.ee\/lv\/wp-json\/wp\/v2\/giftcard-category?post=80404"}],"curies":[{"name":"wp","href":"https:\/\/api.w.org\/{rel}","templated":true}]}}