{"id":80411,"date":"2025-08-07T10:30:31","date_gmt":"2025-08-07T10:30:31","guid":{"rendered":"https:\/\/skinstudio.ee\/?post_type=product&#038;p=80411"},"modified":"2026-04-03T09:47:11","modified_gmt":"2026-04-03T09:47:11","slug":"vc10-nightly-bright","status":"publish","type":"product","link":"https:\/\/skinstudio.ee\/lv\/catalog\/bioelements-lv\/vc10-nightly-bright\/","title":{"rendered":"VC10 Nightly Bright"},"content":{"rendered":"<p data-start=\"3421\" data-end=\"3837\"><strong data-start=\"3421\" data-end=\"3459\">VC10 Nightly Bright no Bioelements<\/strong> &#8211; ir nakts izgaismojo\u0161s kr\u0113ms ar augstu C vitam\u012bna koncentr\u0101ciju, kas pal\u012bdz izl\u012bdzin\u0101t \u0101das toni, pastiprin\u0101t mirdzumu un atbalst\u012bt \u0101das atjauno\u0161anos nakts laik\u0101. Signat\u016bras VC10 komplekss (10% stabiliz\u0113ts tr\u012bsk\u0101r\u0161as izcelsmes C vitam\u012bns, tostarp C vitam\u012bna atvasin\u0101jumi un dab\u012bg\u0101 acerola) pal\u012bdz mazin\u0101t fotonoveco\u0161an\u0101s paz\u012bmes un veicina vienm\u0113r\u012bg\u0101ku, svaig\u0101ku \u0101das izskatu.<\/p>\n<p data-start=\"3839\" data-end=\"4208\">Perillas, alfa-arbut\u012bna, niacinam\u012bda un lakricas ekstrakta komplekss pal\u012bdz izgaismot pigment\u0101ciju, vizu\u0101li samazin\u0101t poras un uzlabot \u0101das tekst\u016bru. Samtain\u0101, barojo\u0161\u0101 tekst\u016bra ar skval\u0101nu un dz\u0113rve\u0146u s\u0113klu e\u013c\u013cu nodro\u0161ina intens\u012bvu mitrin\u0101\u0161anu un pal\u012bdz saglab\u0101t komfortu nakts laik\u0101. Kr\u0113ms lieliski papildina VC10 Daily Glow, nodro\u0161inot nep\u0101rtrauktu mirdzuma kop\u0161anu.<\/p>\n<p data-start=\"4210\" data-end=\"4382\"><strong data-start=\"4210\" data-end=\"4248\">Kam piem\u0113rots VC10 Nightly Bright:<\/strong> \u0101dai ar bl\u0101vu toni, nevienm\u0113r\u012bgu pigment\u0101ciju, fotonoveco\u0161an\u0101s paz\u012bm\u0113m, samazin\u0101tu mirdzumu un nepiecie\u0161am\u012bbu p\u0113c nakts atjauno\u0161anas.<\/p>\n<p data-start=\"4384\" data-end=\"4402\"><strong data-start=\"4384\" data-end=\"4396\">Tilpums:<\/strong> 30 ml<\/p>\n","protected":false},"excerpt":{"rendered":"<p data-start=\"4757\" data-end=\"4799\">Nakts izgaismojo\u0161s kr\u0113ms ar 10% C vitam\u012bnu<\/p>\n<h2 data-start=\"4801\" data-end=\"4847\"><strong data-start=\"4801\" data-end=\"4847\">\u012apa\u0161\u012bbas Bioelements &#8211; VC10 Nightly Bright<\/strong><\/h2>\n<p data-start=\"4849\" data-end=\"5055\">\u2714\ufe0f Izgaismo \u0101das toni nakts kop\u0161anas laik\u0101<br data-start=\"4891\" data-end=\"4894\" \/>\u2714\ufe0f Pastiprina \u0101das mirdzumu<br data-start=\"4921\" data-end=\"4924\" \/>\u2714\ufe0f Nodro\u0161ina dzi\u013cu mitrin\u0101\u0161anu ar barojo\u0161u tekst\u016bru<br data-start=\"4975\" data-end=\"4978\" \/>\u2714\ufe0f Samazina pigment\u0101cijas redzam\u012bbu<br data-start=\"5013\" data-end=\"5016\" \/>\u2714\ufe0f Padara poras vizu\u0101li maz\u0101k paman\u0101mas<\/p>\n","protected":false},"featured_media":68011,"template":"","meta":[],"pwb-brand":[1239],"product_brand":[],"product_cat":[729,737,743,751],"product_tag":[],"giftcard-category":[],"class_list":{"0":"post-80411","1":"product","2":"type-product","3":"status-publish","4":"has-post-thumbnail","6":"pwb-brand-bioelements-lv","7":"product_cat-c-vitamins","8":"product_cat-mitrinasana","9":"product_cat-paplasinatas-poras","10":"product_cat-pigmentacija-lv","12":"first","13":"instock","14":"taxable","15":"shipping-taxable","16":"purchasable","17":"product-type-simple"},"acf":[],"brands":[{"id":1239,"name":"Bioelements","slug":"bioelements-lv"}],"_links":{"self":[{"href":"https:\/\/skinstudio.ee\/lv\/wp-json\/wp\/v2\/product\/80411","targetHints":{"allow":["GET"]}}],"collection":[{"href":"https:\/\/skinstudio.ee\/lv\/wp-json\/wp\/v2\/product"}],"about":[{"href":"https:\/\/skinstudio.ee\/lv\/wp-json\/wp\/v2\/types\/product"}],"version-history":[{"count":1,"href":"https:\/\/skinstudio.ee\/lv\/wp-json\/wp\/v2\/product\/80411\/revisions"}],"predecessor-version":[{"id":80412,"href":"https:\/\/skinstudio.ee\/lv\/wp-json\/wp\/v2\/product\/80411\/revisions\/80412"}],"wp:featuredmedia":[{"embeddable":true,"href":"https:\/\/skinstudio.ee\/lv\/wp-json\/wp\/v2\/media\/68011"}],"wp:attachment":[{"href":"https:\/\/skinstudio.ee\/lv\/wp-json\/wp\/v2\/media?parent=80411"}],"wp:term":[{"taxonomy":"pwb-brand","embeddable":true,"href":"https:\/\/skinstudio.ee\/lv\/wp-json\/wp\/v2\/pwb-brand?post=80411"},{"taxonomy":"product_brand","embeddable":true,"href":"https:\/\/skinstudio.ee\/lv\/wp-json\/wp\/v2\/product_brand?post=80411"},{"taxonomy":"product_cat","embeddable":true,"href":"https:\/\/skinstudio.ee\/lv\/wp-json\/wp\/v2\/product_cat?post=80411"},{"taxonomy":"product_tag","embeddable":true,"href":"https:\/\/skinstudio.ee\/lv\/wp-json\/wp\/v2\/product_tag?post=80411"},{"taxonomy":"giftcard-category","embeddable":true,"href":"https:\/\/skinstudio.ee\/lv\/wp-json\/wp\/v2\/giftcard-category?post=80411"}],"curies":[{"name":"wp","href":"https:\/\/api.w.org\/{rel}","templated":true}]}}