{"id":80419,"date":"2025-08-07T10:29:11","date_gmt":"2025-08-07T10:29:11","guid":{"rendered":"https:\/\/skinstudio.ee\/?post_type=product&#038;p=80419"},"modified":"2026-04-03T09:47:10","modified_gmt":"2026-04-03T09:47:10","slug":"lip-clinic-exfoliating-butter","status":"publish","type":"product","link":"https:\/\/skinstudio.ee\/lv\/catalog\/bioelements-lv\/lip-clinic-exfoliating-butter\/","title":{"rendered":"Lip Clinic Exfoliating Butter"},"content":{"rendered":"<p data-start=\"2748\" data-end=\"3044\"><strong data-start=\"2748\" data-end=\"2796\">Lip Clinic Exfoliating Butter no Bioelements<\/strong> &#8211; ir nakts izl\u012bdzino\u0161s l\u016bpu balzams, kas paredz\u0113ts maigai atjauno\u0161anai, baro\u0161anai un komforta atjauno\u0161anai saus\u0101m un raupj\u0101m l\u016bp\u0101m. AHA un aug\u013csk\u0101bju formula darbojas nakts laik\u0101, maigi nolobot \u0101du bez meh\u0101niskas berzes un uzlabojot l\u016bpu tekst\u016bru.<\/p>\n<p data-start=\"3046\" data-end=\"3360\">Atjaunojo\u0161s mais\u012bjums ar soju, lakricu un fosfolip\u012bdiem pal\u012bdz uzlabot l\u016bpu elast\u012bbu un gludumu, savuk\u0101rt barojo\u0161\u0101s e\u013c\u013cas un sviesti dzi\u013ci kondicion\u0113 \u0101du, mazinot sausuma saj\u016btu. Samtain\u0101 tekst\u016bra nodro\u0161ina komfortu un atst\u0101j l\u016bpas m\u012bkst\u0101kas, glud\u0101kas un kopt\u0101kas. Ide\u0101li kombin\u0113jams ar Lip Clinic Hydrating Serum.<\/p>\n<p data-start=\"3362\" data-end=\"3483\"><strong data-start=\"3362\" data-end=\"3410\">Kam piem\u0113rots Lip Clinic Exfoliating Butter:<\/strong> saus\u0101m, dehidr\u0113t\u0101m, raupj\u0101m l\u016bp\u0101m ar redzam\u0101m l\u012bnij\u0101m un gluduma zudumu.<\/p>\n<p data-start=\"3485\" data-end=\"3502\"><strong data-start=\"3485\" data-end=\"3497\">Tilpums:<\/strong> 9 ml<\/p>\n","protected":false},"excerpt":{"rendered":"<p data-start=\"3620\" data-end=\"3664\">Nakts izl\u012bdzino\u0161s l\u016bpu balzams ar AHA sk\u0101b\u0113m<\/p>\n<h2 data-start=\"3666\" data-end=\"3722\"><strong data-start=\"3666\" data-end=\"3722\">\u012apa\u0161\u012bbas Bioelements &#8211; Lip Clinic Exfoliating Butter<\/strong><\/h2>\n<p data-start=\"3724\" data-end=\"3921\">\u2714\ufe0f Maigi atjauno l\u016bpu virsmu nakts laik\u0101<br data-start=\"3764\" data-end=\"3767\" \/>\u2714\ufe0f Delik\u0101ti noloba bez meh\u0101niskas berzes<br data-start=\"3807\" data-end=\"3810\" \/>\u2714\ufe0f Uzlabo l\u016bpu gludumu un elast\u012bbu<br data-start=\"3844\" data-end=\"3847\" \/>\u2714\ufe0f Dzi\u013ci baro ar e\u013c\u013c\u0101m un lip\u012bdiem<br data-start=\"3881\" data-end=\"3884\" \/>\u2714\ufe0f Padara l\u016bpas m\u012bkst\u0101kas un kopt\u0101kas<\/p>\n","protected":false},"featured_media":68020,"template":"","meta":[],"pwb-brand":[1239],"product_brand":[],"product_cat":[759],"product_tag":[],"giftcard-category":[],"class_list":{"0":"post-80419","1":"product","2":"type-product","3":"status-publish","4":"has-post-thumbnail","6":"pwb-brand-bioelements-lv","7":"product_cat-lupu-kopsana","9":"first","10":"instock","11":"taxable","12":"shipping-taxable","13":"purchasable","14":"product-type-simple"},"acf":[],"brands":[{"id":1239,"name":"Bioelements","slug":"bioelements-lv"}],"_links":{"self":[{"href":"https:\/\/skinstudio.ee\/lv\/wp-json\/wp\/v2\/product\/80419","targetHints":{"allow":["GET"]}}],"collection":[{"href":"https:\/\/skinstudio.ee\/lv\/wp-json\/wp\/v2\/product"}],"about":[{"href":"https:\/\/skinstudio.ee\/lv\/wp-json\/wp\/v2\/types\/product"}],"version-history":[{"count":1,"href":"https:\/\/skinstudio.ee\/lv\/wp-json\/wp\/v2\/product\/80419\/revisions"}],"predecessor-version":[{"id":80420,"href":"https:\/\/skinstudio.ee\/lv\/wp-json\/wp\/v2\/product\/80419\/revisions\/80420"}],"wp:featuredmedia":[{"embeddable":true,"href":"https:\/\/skinstudio.ee\/lv\/wp-json\/wp\/v2\/media\/68020"}],"wp:attachment":[{"href":"https:\/\/skinstudio.ee\/lv\/wp-json\/wp\/v2\/media?parent=80419"}],"wp:term":[{"taxonomy":"pwb-brand","embeddable":true,"href":"https:\/\/skinstudio.ee\/lv\/wp-json\/wp\/v2\/pwb-brand?post=80419"},{"taxonomy":"product_brand","embeddable":true,"href":"https:\/\/skinstudio.ee\/lv\/wp-json\/wp\/v2\/product_brand?post=80419"},{"taxonomy":"product_cat","embeddable":true,"href":"https:\/\/skinstudio.ee\/lv\/wp-json\/wp\/v2\/product_cat?post=80419"},{"taxonomy":"product_tag","embeddable":true,"href":"https:\/\/skinstudio.ee\/lv\/wp-json\/wp\/v2\/product_tag?post=80419"},{"taxonomy":"giftcard-category","embeddable":true,"href":"https:\/\/skinstudio.ee\/lv\/wp-json\/wp\/v2\/giftcard-category?post=80419"}],"curies":[{"name":"wp","href":"https:\/\/api.w.org\/{rel}","templated":true}]}}