{"id":80427,"date":"2025-08-07T10:28:33","date_gmt":"2025-08-07T10:28:33","guid":{"rendered":"https:\/\/skinstudio.ee\/?post_type=product&#038;p=80427"},"modified":"2026-04-03T09:47:10","modified_gmt":"2026-04-03T09:47:10","slug":"lip-clinic-hydrating-serum","status":"publish","type":"product","link":"https:\/\/skinstudio.ee\/lv\/catalog\/bioelements-lv\/lip-clinic-hydrating-serum\/","title":{"rendered":"Lip Clinic Hydrating Serum"},"content":{"rendered":"<p data-start=\"2894\" data-end=\"3290\"><strong data-start=\"2894\" data-end=\"2939\">Lip Clinic Hydrating Serum no Bioelements<\/strong> &#8211; ir daudzfunkcion\u0101ls mitrino\u0161s l\u016bpu serums, kas paredz\u0113ts komforta atjauno\u0161anai, intens\u012bvai baro\u0161anai un l\u016bpu aizsargbarjeras stiprin\u0101\u0161anai. Viegl\u0101 formula p\u0101rsniedz tradicion\u0101la sp\u012bduma efektu, nodro\u0161inot dzi\u013cu mitrin\u0101\u0161anu bez lip\u012bguma vai m\u0101ksl\u012bga to\u0146a. Atjaunojo\u0161o lip\u012bdu, skval\u0101na un \u0161\u012b sviesta komplekss pal\u012bdz saglab\u0101t l\u016bpu maigumu un gludumu.<\/p>\n<p data-start=\"3292\" data-end=\"3593\">Gran\u0101t\u0101bola un dz\u0113rve\u0146u s\u0113klu e\u013c\u013cas antioksidanti pal\u012bdz aizsarg\u0101t pret \u0101r\u0113jiem faktoriem un uztur vesel\u012bg\u0101ku l\u016bpu izskatu. Serums veido komfortablu kopjo\u0161u sl\u0101ni, kas pal\u012bdz mazin\u0101t sausumu un savilkuma saj\u016btu, padarot l\u016bpas m\u012bkst\u0101kas un glud\u0101kas. Ide\u0101li kombin\u0113jams ar Lip Clinic Exfoliating Butter.<\/p>\n<p data-start=\"3595\" data-end=\"3728\"><strong data-start=\"3595\" data-end=\"3640\">Kam piem\u0113rots Lip Clinic Hydrating Serum:<\/strong> saus\u0101m, dehidr\u0113t\u0101m un jut\u012bg\u0101m l\u016bp\u0101m ar nov\u0101jin\u0101tu barjerfunkciju un diskomforta saj\u016btu.<\/p>\n<p data-start=\"3730\" data-end=\"3747\"><strong data-start=\"3730\" data-end=\"3742\">Tilpums:<\/strong> 9 ml<\/p>\n","protected":false},"excerpt":{"rendered":"<p data-start=\"3867\" data-end=\"3907\">Serums l\u016bpu barjerfunkcijas atjauno\u0161anai<\/p>\n<h2 data-start=\"3909\" data-end=\"3962\"><strong data-start=\"3909\" data-end=\"3962\">\u012apa\u0161\u012bbas Bioelements &#8211; Lip Clinic Hydrating Serum<\/strong><\/h2>\n<p data-start=\"3964\" data-end=\"4155\">\u2714\ufe0f Stiprina l\u016bpu aizsargbarjeru<br data-start=\"3995\" data-end=\"3998\" \/>\u2714\ufe0f Intens\u012bvi atjauno mitruma l\u012bmeni<br data-start=\"4033\" data-end=\"4036\" \/>\u2714\ufe0f Uzlabo l\u016bpu maigumu un gludumu<br data-start=\"4069\" data-end=\"4072\" \/>\u2714\ufe0f Mazina sausuma un savilkuma saj\u016btu<br data-start=\"4109\" data-end=\"4112\" \/>\u2714\ufe0f Pie\u0161\u0137ir kopt\u0101ku un komfortabl\u0101ku izskatu<\/p>\n","protected":false},"featured_media":68025,"template":"","meta":[],"pwb-brand":[1239],"product_brand":[],"product_cat":[759],"product_tag":[],"giftcard-category":[],"class_list":{"0":"post-80427","1":"product","2":"type-product","3":"status-publish","4":"has-post-thumbnail","6":"pwb-brand-bioelements-lv","7":"product_cat-lupu-kopsana","9":"first","10":"instock","11":"taxable","12":"shipping-taxable","13":"purchasable","14":"product-type-simple"},"acf":[],"brands":[{"id":1239,"name":"Bioelements","slug":"bioelements-lv"}],"_links":{"self":[{"href":"https:\/\/skinstudio.ee\/lv\/wp-json\/wp\/v2\/product\/80427","targetHints":{"allow":["GET"]}}],"collection":[{"href":"https:\/\/skinstudio.ee\/lv\/wp-json\/wp\/v2\/product"}],"about":[{"href":"https:\/\/skinstudio.ee\/lv\/wp-json\/wp\/v2\/types\/product"}],"version-history":[{"count":1,"href":"https:\/\/skinstudio.ee\/lv\/wp-json\/wp\/v2\/product\/80427\/revisions"}],"predecessor-version":[{"id":80428,"href":"https:\/\/skinstudio.ee\/lv\/wp-json\/wp\/v2\/product\/80427\/revisions\/80428"}],"wp:featuredmedia":[{"embeddable":true,"href":"https:\/\/skinstudio.ee\/lv\/wp-json\/wp\/v2\/media\/68025"}],"wp:attachment":[{"href":"https:\/\/skinstudio.ee\/lv\/wp-json\/wp\/v2\/media?parent=80427"}],"wp:term":[{"taxonomy":"pwb-brand","embeddable":true,"href":"https:\/\/skinstudio.ee\/lv\/wp-json\/wp\/v2\/pwb-brand?post=80427"},{"taxonomy":"product_brand","embeddable":true,"href":"https:\/\/skinstudio.ee\/lv\/wp-json\/wp\/v2\/product_brand?post=80427"},{"taxonomy":"product_cat","embeddable":true,"href":"https:\/\/skinstudio.ee\/lv\/wp-json\/wp\/v2\/product_cat?post=80427"},{"taxonomy":"product_tag","embeddable":true,"href":"https:\/\/skinstudio.ee\/lv\/wp-json\/wp\/v2\/product_tag?post=80427"},{"taxonomy":"giftcard-category","embeddable":true,"href":"https:\/\/skinstudio.ee\/lv\/wp-json\/wp\/v2\/giftcard-category?post=80427"}],"curies":[{"name":"wp","href":"https:\/\/api.w.org\/{rel}","templated":true}]}}