{"id":80434,"date":"2025-08-07T10:28:05","date_gmt":"2025-08-07T10:28:05","guid":{"rendered":"https:\/\/skinstudio.ee\/?post_type=product&#038;p=80434"},"modified":"2026-04-03T09:47:09","modified_gmt":"2026-04-03T09:47:09","slug":"collagen-rehab","status":"publish","type":"product","link":"https:\/\/skinstudio.ee\/lv\/catalog\/bioelements-lv\/collagen-rehab\/","title":{"rendered":"Collagen Rehab"},"content":{"rendered":"<p data-start=\"2991\" data-end=\"3388\"><strong data-start=\"2991\" data-end=\"3024\">Collagen Rehab no Bioelements<\/strong> &#8211; ir t\u016bl\u012bt\u0113jas iedarb\u012bbas maska sejai un l\u016bp\u0101m, kas paredz\u0113ta dzi\u013cai mitrin\u0101\u0161anai, elast\u012bbas atjauno\u0161anai un \u0101das vizu\u0101lai izl\u012bdzin\u0101\u0161anai. Aminosk\u0101bes pal\u012bdz atbalst\u012bt kolag\u0113na un elast\u012bna darb\u012bbu, padarot \u0101du tvirt\u0101ku, glud\u0101ku un svaig\u0101ku. Vitam\u012bns F un lip\u012bdi ar tauksk\u0101b\u0113m imit\u0113 \u0101das dabiskos aizsargmeh\u0101nismus, pal\u012bdzot stiprin\u0101t barjeru un saglab\u0101t komfortu.<\/p>\n<p data-start=\"3390\" data-end=\"3711\">Bag\u0101t\u012bg\u0101 tekst\u016bra veido izteiktu mitruma barjeru, kas pal\u012bdz saglab\u0101t mitrumu l\u012bdz pat 72 stund\u0101m, nodro\u0161inot piln\u012bg\u0101ku un barot\u0101ku saj\u016btu. Maska pal\u012bdz m\u012bkstin\u0101t grumbu izskatu un pie\u0161\u0137ir \u0101dai svaig\u0101ku un starojo\u0161\u0101ku izskatu. Piem\u0113rota k\u0101 intens\u012bva kop\u0161ana, nakts maska vai ekspress l\u012bdzeklis pirms svar\u012bgiem notikumiem.<\/p>\n<p data-start=\"3713\" data-end=\"3839\"><strong data-start=\"3713\" data-end=\"3746\">Kam piem\u0113rots Collagen Rehab:<\/strong> dehidr\u0113tai \u0101dai, elast\u012bbas zudumam, redzam\u0101m l\u012bnij\u0101m, sausuma saj\u016btai un \u0101trai atjauno\u0161anai.<\/p>\n<p data-start=\"3841\" data-end=\"3859\"><strong data-start=\"3841\" data-end=\"3853\">Tilpums:<\/strong> 50 ml<\/p>\n","protected":false},"excerpt":{"rendered":"<p data-start=\"4103\" data-end=\"4144\">T\u016bl\u012bt\u0113jas iedarb\u012bbas maska sejai un l\u016bp\u0101m<\/p>\n<h2 data-start=\"4146\" data-end=\"4187\"><strong data-start=\"4146\" data-end=\"4187\">\u012apa\u0161\u012bbas Bioelements &#8211; Collagen Rehab<\/strong><\/h2>\n<p data-start=\"4189\" data-end=\"4342\">\u2714\ufe0f Intens\u012bvi mitrina \u0101du<br data-start=\"4213\" data-end=\"4216\" \/>\u2714\ufe0f Palielina maiguma un komforta saj\u016btu<br data-start=\"4255\" data-end=\"4258\" \/>\u2714\ufe0f Atbalsta \u0101das elast\u012bbu<br data-start=\"4283\" data-end=\"4286\" \/>\u2714\ufe0f Izl\u012bdzina \u0101das tekst\u016bru<br data-start=\"4312\" data-end=\"4315\" \/>\u2714\ufe0f Pie\u0161\u0137ir svaig\u0101ku izskatu<\/p>\n","protected":false},"featured_media":68032,"template":"","meta":[],"pwb-brand":[1239],"product_brand":[],"product_cat":[759,725,737,739],"product_tag":[],"giftcard-category":[],"class_list":{"0":"post-80434","1":"product","2":"type-product","3":"status-publish","4":"has-post-thumbnail","6":"pwb-brand-bioelements-lv","7":"product_cat-lupu-kopsana","8":"product_cat-maskas","9":"product_cat-mitrinasana","10":"product_cat-sausa-ada","12":"first","13":"instock","14":"taxable","15":"shipping-taxable","16":"purchasable","17":"product-type-simple"},"acf":[],"brands":[{"id":1239,"name":"Bioelements","slug":"bioelements-lv"}],"_links":{"self":[{"href":"https:\/\/skinstudio.ee\/lv\/wp-json\/wp\/v2\/product\/80434","targetHints":{"allow":["GET"]}}],"collection":[{"href":"https:\/\/skinstudio.ee\/lv\/wp-json\/wp\/v2\/product"}],"about":[{"href":"https:\/\/skinstudio.ee\/lv\/wp-json\/wp\/v2\/types\/product"}],"version-history":[{"count":1,"href":"https:\/\/skinstudio.ee\/lv\/wp-json\/wp\/v2\/product\/80434\/revisions"}],"predecessor-version":[{"id":80435,"href":"https:\/\/skinstudio.ee\/lv\/wp-json\/wp\/v2\/product\/80434\/revisions\/80435"}],"wp:featuredmedia":[{"embeddable":true,"href":"https:\/\/skinstudio.ee\/lv\/wp-json\/wp\/v2\/media\/68032"}],"wp:attachment":[{"href":"https:\/\/skinstudio.ee\/lv\/wp-json\/wp\/v2\/media?parent=80434"}],"wp:term":[{"taxonomy":"pwb-brand","embeddable":true,"href":"https:\/\/skinstudio.ee\/lv\/wp-json\/wp\/v2\/pwb-brand?post=80434"},{"taxonomy":"product_brand","embeddable":true,"href":"https:\/\/skinstudio.ee\/lv\/wp-json\/wp\/v2\/product_brand?post=80434"},{"taxonomy":"product_cat","embeddable":true,"href":"https:\/\/skinstudio.ee\/lv\/wp-json\/wp\/v2\/product_cat?post=80434"},{"taxonomy":"product_tag","embeddable":true,"href":"https:\/\/skinstudio.ee\/lv\/wp-json\/wp\/v2\/product_tag?post=80434"},{"taxonomy":"giftcard-category","embeddable":true,"href":"https:\/\/skinstudio.ee\/lv\/wp-json\/wp\/v2\/giftcard-category?post=80434"}],"curies":[{"name":"wp","href":"https:\/\/api.w.org\/{rel}","templated":true}]}}