{"id":80442,"date":"2025-08-07T10:26:59","date_gmt":"2025-08-07T10:26:59","guid":{"rendered":"https:\/\/skinstudio.ee\/?post_type=product&#038;p=80442"},"modified":"2026-04-03T09:47:10","modified_gmt":"2026-04-03T09:47:10","slug":"hydroplunge","status":"publish","type":"product","link":"https:\/\/skinstudio.ee\/lv\/catalog\/bioelements-lv\/hydroplunge\/","title":{"rendered":"Hydroplunge"},"content":{"rendered":"<p data-start=\"2665\" data-end=\"2984\"><strong data-start=\"2665\" data-end=\"2695\">Hydroplunge no Bioelements<\/strong> &#8211; ir viegla imersijas maska, kas paredz\u0113ta dzi\u013cai \u0101das mitrin\u0101\u0161anai, maiguma atjauno\u0161anai un tvirtuma saj\u016btas uzlabo\u0161anai. Formula ar cukurbie\u0161u ekstraktu un hialuronsk\u0101bi pal\u012bdz iek\u013c\u016bt dehidr\u0113tajos \u0101das sl\u0101\u0146os, atbalstot optim\u0101lu mitruma l\u012bdzsvaru un mazinot sausuma un noguruma paz\u012bmes.<\/p>\n<p data-start=\"2986\" data-end=\"3258\">Glikozes un ksil\u012bta komplekss pal\u012bdz palielin\u0101t \u0161\u016bnu mitrin\u0101\u0161anas l\u012bmeni un stiprin\u0101t \u0101das aizsargbarjeru, saglab\u0101jot mitrumu ilg\u0101k. Maska pie\u0161\u0137ir \u0101dai svaig\u0101ku un atp\u016btu\u0161os izskatu, uzlabo tekst\u016bru un atjauno gludumu. Viegl\u0101 tekst\u016bra piem\u0113rota sejai, kaklam un acu zonai.<\/p>\n<p data-start=\"3260\" data-end=\"3388\"><strong data-start=\"3260\" data-end=\"3290\">Kam piem\u0113rots Hydroplunge:<\/strong> dehidr\u0113tai \u0101dai ar savilkuma saj\u016btu, bl\u0101vu izskatu un nepiecie\u0161am\u012bbu p\u0113c intens\u012bvas mitrin\u0101\u0161anas.<\/p>\n<p data-start=\"3390\" data-end=\"3408\"><strong data-start=\"3390\" data-end=\"3402\">Tilpums:<\/strong> 50 ml<\/p>\n","protected":false},"excerpt":{"rendered":"<p data-start=\"3547\" data-end=\"3588\">Mitrino\u0161a imersijas maska dehidr\u0113tai \u0101dai<\/p>\n<h2 data-start=\"3590\" data-end=\"3628\"><strong data-start=\"3590\" data-end=\"3628\">\u012apa\u0161\u012bbas Bioelements &#8211; Hydroplunge<\/strong><\/h2>\n<p data-start=\"3630\" data-end=\"3775\">\u2714\ufe0f Intens\u012bvi mitrina \u0101du<br data-start=\"3654\" data-end=\"3657\" \/>\u2714\ufe0f Mazina sausuma saj\u016btu<br data-start=\"3681\" data-end=\"3684\" \/>\u2714\ufe0f Izl\u012bdzina \u0101das virsmu<br data-start=\"3708\" data-end=\"3711\" \/>\u2714\ufe0f Pie\u0161\u0137ir svaig\u0101ku izskatu<br data-start=\"3738\" data-end=\"3741\" \/>\u2714\ufe0f Piem\u0113rota ekspress mitrin\u0101\u0161anai<\/p>\n","protected":false},"featured_media":68038,"template":"","meta":[],"pwb-brand":[1239],"product_brand":[],"product_cat":[725,737,739],"product_tag":[],"giftcard-category":[],"class_list":{"0":"post-80442","1":"product","2":"type-product","3":"status-publish","4":"has-post-thumbnail","6":"pwb-brand-bioelements-lv","7":"product_cat-maskas","8":"product_cat-mitrinasana","9":"product_cat-sausa-ada","11":"first","12":"instock","13":"taxable","14":"shipping-taxable","15":"purchasable","16":"product-type-simple"},"acf":[],"brands":[{"id":1239,"name":"Bioelements","slug":"bioelements-lv"}],"_links":{"self":[{"href":"https:\/\/skinstudio.ee\/lv\/wp-json\/wp\/v2\/product\/80442","targetHints":{"allow":["GET"]}}],"collection":[{"href":"https:\/\/skinstudio.ee\/lv\/wp-json\/wp\/v2\/product"}],"about":[{"href":"https:\/\/skinstudio.ee\/lv\/wp-json\/wp\/v2\/types\/product"}],"version-history":[{"count":1,"href":"https:\/\/skinstudio.ee\/lv\/wp-json\/wp\/v2\/product\/80442\/revisions"}],"predecessor-version":[{"id":80443,"href":"https:\/\/skinstudio.ee\/lv\/wp-json\/wp\/v2\/product\/80442\/revisions\/80443"}],"wp:featuredmedia":[{"embeddable":true,"href":"https:\/\/skinstudio.ee\/lv\/wp-json\/wp\/v2\/media\/68038"}],"wp:attachment":[{"href":"https:\/\/skinstudio.ee\/lv\/wp-json\/wp\/v2\/media?parent=80442"}],"wp:term":[{"taxonomy":"pwb-brand","embeddable":true,"href":"https:\/\/skinstudio.ee\/lv\/wp-json\/wp\/v2\/pwb-brand?post=80442"},{"taxonomy":"product_brand","embeddable":true,"href":"https:\/\/skinstudio.ee\/lv\/wp-json\/wp\/v2\/product_brand?post=80442"},{"taxonomy":"product_cat","embeddable":true,"href":"https:\/\/skinstudio.ee\/lv\/wp-json\/wp\/v2\/product_cat?post=80442"},{"taxonomy":"product_tag","embeddable":true,"href":"https:\/\/skinstudio.ee\/lv\/wp-json\/wp\/v2\/product_tag?post=80442"},{"taxonomy":"giftcard-category","embeddable":true,"href":"https:\/\/skinstudio.ee\/lv\/wp-json\/wp\/v2\/giftcard-category?post=80442"}],"curies":[{"name":"wp","href":"https:\/\/api.w.org\/{rel}","templated":true}]}}