{"id":80449,"date":"2025-08-07T10:25:50","date_gmt":"2025-08-07T10:25:50","guid":{"rendered":"https:\/\/skinstudio.ee\/?post_type=product&#038;p=80449"},"modified":"2026-04-03T09:47:10","modified_gmt":"2026-04-03T09:47:10","slug":"kerafole","status":"publish","type":"product","link":"https:\/\/skinstudio.ee\/lv\/catalog\/bioelements-lv\/kerafole\/","title":{"rendered":"Kerafole"},"content":{"rendered":"<p data-start=\"2570\" data-end=\"2854\"><strong data-start=\"2570\" data-end=\"2597\">Kerafole no Bioelements<\/strong> &#8211; ir kulta statusa viegli k\u0146udino\u0161a maska, kas paredz\u0113ta \u0101das atjauno\u0161anai, dzi\u013cai att\u012br\u012b\u0161anai un dabisk\u0101 mirdzuma pastiprin\u0101\u0161anai. Dab\u012bg\u0101s citronu un \u0101bolsk\u0101bes pal\u012bdz maigi no\u0146emt atmiru\u0161\u0101s \u0161\u016bnas un net\u012brumus, padarot \u0101das virsmu glud\u0101ku un vienm\u0113r\u012bg\u0101ku.<\/p>\n<p data-start=\"2856\" data-end=\"3128\">A\u013c\u0123u, ginkgo biloba un lamin\u0101rijas komplekss pal\u012bdz uzlabot \u0101das tekst\u016bru un pie\u0161\u0137irt svaig\u0101ku izskatu. Maska pal\u012bdz vizu\u0101li samazin\u0101t poru redzam\u012bbu, mazin\u0101t bl\u0101vumu un atjaunot gai\u0161\u0101ku izskatu jau 10 min\u016bt\u0113s. Viegl\u0101 k\u0146ud\u0113\u0161ana lieto\u0161anas laik\u0101 nor\u0101da uz akt\u012bvu iedarb\u012bbu.<\/p>\n<p data-start=\"3130\" data-end=\"3261\"><strong data-start=\"3130\" data-end=\"3157\">Kam piem\u0113rots Kerafole:<\/strong> \u0101dai ar bl\u0101vu toni, nevienm\u0113r\u012bgu tekst\u016bru, redzam\u0101m por\u0101m un nepiecie\u0161am\u012bbu p\u0113c regul\u0101ras atjauno\u0161anas.<\/p>\n<p data-start=\"3263\" data-end=\"3281\"><strong data-start=\"3263\" data-end=\"3275\">Tilpums:<\/strong> 74 ml<\/p>\n","protected":false},"excerpt":{"rendered":"<p data-start=\"3472\" data-end=\"3513\">\u0100tras iedarb\u012bbas atjaunojo\u0161a sk\u0101bju maska<\/p>\n<h2 data-start=\"3515\" data-end=\"3550\"><strong data-start=\"3515\" data-end=\"3550\">\u012apa\u0161\u012bbas Bioelements &#8211; Kerafole<\/strong><\/h2>\n<p data-start=\"3552\" data-end=\"3737\">\u2714\ufe0f Intens\u012bvi att\u012bra \u0101das virsmu<br data-start=\"3583\" data-end=\"3586\" \/>\u2714\ufe0f Maigi pa\u0101trina \u0101das atjauno\u0161anos<br data-start=\"3621\" data-end=\"3624\" \/>\u2714\ufe0f Vizu\u0101li samazina poru redzam\u012bbu<br data-start=\"3658\" data-end=\"3661\" \/>\u2714\ufe0f Izl\u012bdzina \u0101das toni un pastiprina mirdzumu<br data-start=\"3706\" data-end=\"3709\" \/>\u2714\ufe0f Padara \u0101du man\u0101mi glud\u0101ku<\/p>\n","protected":false},"featured_media":68043,"template":"","meta":[],"pwb-brand":[1239],"product_brand":[],"product_cat":[725,751],"product_tag":[],"giftcard-category":[],"class_list":{"0":"post-80449","1":"product","2":"type-product","3":"status-publish","4":"has-post-thumbnail","6":"pwb-brand-bioelements-lv","7":"product_cat-maskas","8":"product_cat-pigmentacija-lv","10":"first","11":"instock","12":"taxable","13":"shipping-taxable","14":"purchasable","15":"product-type-simple"},"acf":[],"brands":[{"id":1239,"name":"Bioelements","slug":"bioelements-lv"}],"_links":{"self":[{"href":"https:\/\/skinstudio.ee\/lv\/wp-json\/wp\/v2\/product\/80449","targetHints":{"allow":["GET"]}}],"collection":[{"href":"https:\/\/skinstudio.ee\/lv\/wp-json\/wp\/v2\/product"}],"about":[{"href":"https:\/\/skinstudio.ee\/lv\/wp-json\/wp\/v2\/types\/product"}],"version-history":[{"count":1,"href":"https:\/\/skinstudio.ee\/lv\/wp-json\/wp\/v2\/product\/80449\/revisions"}],"predecessor-version":[{"id":80450,"href":"https:\/\/skinstudio.ee\/lv\/wp-json\/wp\/v2\/product\/80449\/revisions\/80450"}],"wp:featuredmedia":[{"embeddable":true,"href":"https:\/\/skinstudio.ee\/lv\/wp-json\/wp\/v2\/media\/68043"}],"wp:attachment":[{"href":"https:\/\/skinstudio.ee\/lv\/wp-json\/wp\/v2\/media?parent=80449"}],"wp:term":[{"taxonomy":"pwb-brand","embeddable":true,"href":"https:\/\/skinstudio.ee\/lv\/wp-json\/wp\/v2\/pwb-brand?post=80449"},{"taxonomy":"product_brand","embeddable":true,"href":"https:\/\/skinstudio.ee\/lv\/wp-json\/wp\/v2\/product_brand?post=80449"},{"taxonomy":"product_cat","embeddable":true,"href":"https:\/\/skinstudio.ee\/lv\/wp-json\/wp\/v2\/product_cat?post=80449"},{"taxonomy":"product_tag","embeddable":true,"href":"https:\/\/skinstudio.ee\/lv\/wp-json\/wp\/v2\/product_tag?post=80449"},{"taxonomy":"giftcard-category","embeddable":true,"href":"https:\/\/skinstudio.ee\/lv\/wp-json\/wp\/v2\/giftcard-category?post=80449"}],"curies":[{"name":"wp","href":"https:\/\/api.w.org\/{rel}","templated":true}]}}