{"id":80457,"date":"2025-08-07T10:22:50","date_gmt":"2025-08-07T10:22:50","guid":{"rendered":"https:\/\/skinstudio.ee\/?post_type=product&#038;p=80457"},"modified":"2026-04-03T09:47:10","modified_gmt":"2026-04-03T09:47:10","slug":"measured-micrograins","status":"publish","type":"product","link":"https:\/\/skinstudio.ee\/lv\/catalog\/bioelements-lv\/measured-micrograins\/","title":{"rendered":"Measured Micrograins+"},"content":{"rendered":"<p data-start=\"3117\" data-end=\"3407\"><strong data-start=\"3117\" data-end=\"3157\">Measured Micrograins+ no Bioelements<\/strong> &#8211; ir jaun\u0101s paaudzes skrubis, kas apvieno att\u012br\u012b\u0161anu, atjauno\u0161anu un \u0101das komforta atjauno\u0161anu vien\u0101 kop\u0161an\u0101. Formula ar dab\u012bg\u0101m jojobas granul\u0101m maigi no\u0146em atmiru\u0161\u0101s \u0161\u016bnas un net\u012brumus, pal\u012bdzot izl\u012bdzin\u0101t tekst\u016bru un saglab\u0101t svaigu \u0101das izskatu.<\/p>\n<p data-start=\"3409\" data-end=\"3711\">Balans\u0113jo\u0161\u0101s sast\u0101vda\u013cas pal\u012bdz kontrol\u0113t taukain\u012bbu un att\u012br\u012bt poras, savuk\u0101rt augu ekstraktu un \u0113terisko e\u013c\u013cu mais\u012bjums pie\u0161\u0137ir atsvaidzino\u0161u, v\u0113sino\u0161u saj\u016btu. Kr\u0113mveida m\u0101la b\u0101ze pal\u012bdz absorb\u0113t net\u012brumus un lieko sebumu, padarot \u0101du glud\u0101ku un atjaunot\u0101ku. Var izmantot gan k\u0101 skrubi, gan k\u0101 masku.<\/p>\n<p data-start=\"3713\" data-end=\"3882\"><strong data-start=\"3713\" data-end=\"3753\">Kam piem\u0113rots Measured Micrograins+:<\/strong> visiem \u0101das tipiem, tostarp jut\u012bgai \u0101dai, ar nevienm\u0113r\u012bgu tekst\u016bru, bl\u0101vu toni, aizsprostot\u0101m por\u0101m vai pastiprin\u0101tu taukain\u012bbu.<\/p>\n<p data-start=\"3884\" data-end=\"3902\"><strong data-start=\"3884\" data-end=\"3896\">Tilpums:<\/strong> 74 ml<\/p>\n","protected":false},"excerpt":{"rendered":"<p data-start=\"4287\" data-end=\"4343\">Univers\u0101ls atjaunojo\u0161s sejas skrubis ar jojobas granul\u0101m<\/p>\n<h2 data-start=\"4345\" data-end=\"4393\"><strong data-start=\"4345\" data-end=\"4393\">\u012apa\u0161\u012bbas Bioelements &#8211; Measured Micrograins+<\/strong><\/h2>\n<p data-start=\"4395\" data-end=\"4556\">\u2714\ufe0f Maigi atjauno \u0101das virsmu<br data-start=\"4423\" data-end=\"4426\" \/>\u2714\ufe0f Dzi\u013ci att\u012bra poras<br data-start=\"4447\" data-end=\"4450\" \/>\u2714\ufe0f Pal\u012bdz kontrol\u0113t taukain\u012bbu<br data-start=\"4480\" data-end=\"4483\" \/>\u2714\ufe0f Izl\u012bdzina tekst\u016bru un uzlabo gludumu<br data-start=\"4522\" data-end=\"4525\" \/>\u2714\ufe0f Pie\u0161\u0137ir atsvaidzin\u0101tu saj\u016btu<\/p>\n","protected":false},"featured_media":68048,"template":"","meta":[],"pwb-brand":[1239],"product_brand":[],"product_cat":[743,719],"product_tag":[],"giftcard-category":[],"class_list":{"0":"post-80457","1":"product","2":"type-product","3":"status-publish","4":"has-post-thumbnail","6":"pwb-brand-bioelements-lv","7":"product_cat-paplasinatas-poras","8":"product_cat-skrubji-un-pilingi","10":"first","11":"instock","12":"taxable","13":"shipping-taxable","14":"purchasable","15":"product-type-simple"},"acf":[],"brands":[{"id":1239,"name":"Bioelements","slug":"bioelements-lv"}],"_links":{"self":[{"href":"https:\/\/skinstudio.ee\/lv\/wp-json\/wp\/v2\/product\/80457","targetHints":{"allow":["GET"]}}],"collection":[{"href":"https:\/\/skinstudio.ee\/lv\/wp-json\/wp\/v2\/product"}],"about":[{"href":"https:\/\/skinstudio.ee\/lv\/wp-json\/wp\/v2\/types\/product"}],"version-history":[{"count":1,"href":"https:\/\/skinstudio.ee\/lv\/wp-json\/wp\/v2\/product\/80457\/revisions"}],"predecessor-version":[{"id":80458,"href":"https:\/\/skinstudio.ee\/lv\/wp-json\/wp\/v2\/product\/80457\/revisions\/80458"}],"wp:featuredmedia":[{"embeddable":true,"href":"https:\/\/skinstudio.ee\/lv\/wp-json\/wp\/v2\/media\/68048"}],"wp:attachment":[{"href":"https:\/\/skinstudio.ee\/lv\/wp-json\/wp\/v2\/media?parent=80457"}],"wp:term":[{"taxonomy":"pwb-brand","embeddable":true,"href":"https:\/\/skinstudio.ee\/lv\/wp-json\/wp\/v2\/pwb-brand?post=80457"},{"taxonomy":"product_brand","embeddable":true,"href":"https:\/\/skinstudio.ee\/lv\/wp-json\/wp\/v2\/product_brand?post=80457"},{"taxonomy":"product_cat","embeddable":true,"href":"https:\/\/skinstudio.ee\/lv\/wp-json\/wp\/v2\/product_cat?post=80457"},{"taxonomy":"product_tag","embeddable":true,"href":"https:\/\/skinstudio.ee\/lv\/wp-json\/wp\/v2\/product_tag?post=80457"},{"taxonomy":"giftcard-category","embeddable":true,"href":"https:\/\/skinstudio.ee\/lv\/wp-json\/wp\/v2\/giftcard-category?post=80457"}],"curies":[{"name":"wp","href":"https:\/\/api.w.org\/{rel}","templated":true}]}}