{"id":80464,"date":"2025-08-07T10:21:12","date_gmt":"2025-08-07T10:21:12","guid":{"rendered":"https:\/\/skinstudio.ee\/?post_type=product&#038;p=80464"},"modified":"2026-04-03T09:47:10","modified_gmt":"2026-04-03T09:47:10","slug":"pumice-peel","status":"publish","type":"product","link":"https:\/\/skinstudio.ee\/lv\/catalog\/bioelements-lv\/pumice-peel\/","title":{"rendered":"Pumice Peel"},"content":{"rendered":"<p data-start=\"3162\" data-end=\"3474\"><strong data-start=\"3162\" data-end=\"3192\">Pumice Peel no Bioelements<\/strong> &#8211; ir mikrodermabr\u0101zijas kr\u0113ms ar \u012bpa\u0161i smalkiem dab\u012bg\u0101s pumeka krist\u0101liem, kas paredz\u0113ts dzi\u013cai \u0101das virsmas atjauno\u0161anai un dabisk\u0101 mirdzuma pastiprin\u0101\u0161anai. Formula maigi no\u0146em atmiru\u0161\u0101s \u0161\u016bnas un bl\u0101vumu, pal\u012bdzot atkl\u0101t svaig\u0101ku un glud\u0101ku \u0101das izskatu bez agres\u012bvas iedarb\u012bbas.<\/p>\n<p data-start=\"3476\" data-end=\"3774\">Augu ekstrakti pal\u012bdz saglab\u0101t komfortu un uzlabot \u0101das tekst\u016bru, savuk\u0101rt kr\u0113m\u012bg\u0101 b\u0101ze \u013cauj produktu izmantot gan k\u0101 skrubi, gan k\u0101 mikrodermabr\u0101zijas masku. Regul\u0101ra lieto\u0161ana pal\u012bdz vizu\u0101li samazin\u0101t poru redzam\u012bbu, m\u012bkstin\u0101t virspus\u0113jo l\u012bniju izskatu un padar\u012bt \u0101du vienm\u0113r\u012bg\u0101ku un starojo\u0161\u0101ku.<\/p>\n<p data-start=\"3776\" data-end=\"3944\"><strong data-start=\"3776\" data-end=\"3806\">Kam piem\u0113rots Pumice Peel:<\/strong> norm\u0101lai, kombin\u0113tai un taukainai \u0101dai ar nevienm\u0113r\u012bgu tekst\u016bru, bl\u0101vu toni, redzam\u0101m por\u0101m un nepiecie\u0161am\u012bbu p\u0113c regul\u0101ras atjauno\u0161anas.<\/p>\n<p data-start=\"3946\" data-end=\"3964\"><strong data-start=\"3946\" data-end=\"3958\">Tilpums:<\/strong> 74 ml<\/p>\n","protected":false},"excerpt":{"rendered":"<p data-start=\"4375\" data-end=\"4416\">Mikrodermabr\u0101zijas kr\u0113ms ar dab\u012bgo pumeku<\/p>\n<h2 data-start=\"4418\" data-end=\"4456\"><strong data-start=\"4418\" data-end=\"4456\">\u012apa\u0161\u012bbas Bioelements &#8211; Pumice Peel<\/strong><\/h2>\n<p data-start=\"4458\" data-end=\"4629\">\u2714\ufe0f Intens\u012bvi atjauno \u0101das virsmu<br data-start=\"4490\" data-end=\"4493\" \/>\u2714\ufe0f Padara poras vizu\u0101li maz\u0101k paman\u0101mas<br data-start=\"4532\" data-end=\"4535\" \/>\u2714\ufe0f Uzlabo \u0101das gludumu<br data-start=\"4557\" data-end=\"4560\" \/>\u2714\ufe0f Atjauno spilgt\u0101ku mirdzumu<br data-start=\"4589\" data-end=\"4592\" \/>\u2714\ufe0f M\u012bkstina virspus\u0113jo l\u012bniju izskatu<\/p>\n","protected":false},"featured_media":68053,"template":"","meta":[],"pwb-brand":[1239],"product_brand":[],"product_cat":[743,719,747],"product_tag":[],"giftcard-category":[],"class_list":{"0":"post-80464","1":"product","2":"type-product","3":"status-publish","4":"has-post-thumbnail","6":"pwb-brand-bioelements-lv","7":"product_cat-paplasinatas-poras","8":"product_cat-skrubji-un-pilingi","9":"product_cat-taukaina-ada","11":"first","12":"instock","13":"sale","14":"taxable","15":"shipping-taxable","16":"purchasable","17":"product-type-simple"},"acf":[],"brands":[{"id":1239,"name":"Bioelements","slug":"bioelements-lv"}],"_links":{"self":[{"href":"https:\/\/skinstudio.ee\/lv\/wp-json\/wp\/v2\/product\/80464","targetHints":{"allow":["GET"]}}],"collection":[{"href":"https:\/\/skinstudio.ee\/lv\/wp-json\/wp\/v2\/product"}],"about":[{"href":"https:\/\/skinstudio.ee\/lv\/wp-json\/wp\/v2\/types\/product"}],"version-history":[{"count":1,"href":"https:\/\/skinstudio.ee\/lv\/wp-json\/wp\/v2\/product\/80464\/revisions"}],"predecessor-version":[{"id":80465,"href":"https:\/\/skinstudio.ee\/lv\/wp-json\/wp\/v2\/product\/80464\/revisions\/80465"}],"wp:featuredmedia":[{"embeddable":true,"href":"https:\/\/skinstudio.ee\/lv\/wp-json\/wp\/v2\/media\/68053"}],"wp:attachment":[{"href":"https:\/\/skinstudio.ee\/lv\/wp-json\/wp\/v2\/media?parent=80464"}],"wp:term":[{"taxonomy":"pwb-brand","embeddable":true,"href":"https:\/\/skinstudio.ee\/lv\/wp-json\/wp\/v2\/pwb-brand?post=80464"},{"taxonomy":"product_brand","embeddable":true,"href":"https:\/\/skinstudio.ee\/lv\/wp-json\/wp\/v2\/product_brand?post=80464"},{"taxonomy":"product_cat","embeddable":true,"href":"https:\/\/skinstudio.ee\/lv\/wp-json\/wp\/v2\/product_cat?post=80464"},{"taxonomy":"product_tag","embeddable":true,"href":"https:\/\/skinstudio.ee\/lv\/wp-json\/wp\/v2\/product_tag?post=80464"},{"taxonomy":"giftcard-category","embeddable":true,"href":"https:\/\/skinstudio.ee\/lv\/wp-json\/wp\/v2\/giftcard-category?post=80464"}],"curies":[{"name":"wp","href":"https:\/\/api.w.org\/{rel}","templated":true}]}}