{"id":80471,"date":"2025-08-07T10:20:01","date_gmt":"2025-08-07T10:20:01","guid":{"rendered":"https:\/\/skinstudio.ee\/?post_type=product&#038;p=80471"},"modified":"2026-04-03T09:47:11","modified_gmt":"2026-04-03T09:47:11","slug":"quick-refiner","status":"publish","type":"product","link":"https:\/\/skinstudio.ee\/lv\/catalog\/bioelements-lv\/quick-refiner\/","title":{"rendered":"Quick Refiner"},"content":{"rendered":"<p data-start=\"2583\" data-end=\"2917\"><strong data-start=\"2583\" data-end=\"2615\">Quick Refiner no Bioelements<\/strong> &#8211; ir nenoskalojams nakts sk\u0101bju eksfoliants, kas pal\u012bdz atjaunot \u0101du, pastiprin\u0101t mirdzumu un uzlabot tekst\u016bru. Formula ar beta- un alfa-hidroksisk\u0101b\u0113m, tostarp glikolsk\u0101bi un ekskluz\u012bvo Alphablend multifruktosk\u0101bju kompleksu (5%), pal\u012bdz maigi \u0161\u0137\u012bdin\u0101t atmiru\u0161\u0101s \u0161\u016bnas un pa\u0101trin\u0101t \u0101das atjauno\u0161anos.<\/p>\n<p data-start=\"2919\" data-end=\"3172\">L\u012bdzeklis iedarbojas uz bl\u0101vu toni, redzam\u0101m por\u0101m un nevienm\u0113r\u012bgu tekst\u016bru, veicinot glud\u0101ku un svaig\u0101ku \u0101das izskatu. Viegl\u0101 g\u0113la tekst\u016bra \u0101tri ies\u016bcas un darbojas nakts laik\u0101 bez noskalo\u0161anas. Regul\u0101ri lietojot, \u0101da k\u013c\u016bst vienm\u0113r\u012bg\u0101ka un starojo\u0161\u0101ka.<\/p>\n<p data-start=\"3174\" data-end=\"3343\"><strong data-start=\"3174\" data-end=\"3206\">Kam piem\u0113rots Quick Refiner:<\/strong> \u0101dai ar bl\u0101vu toni, nevienm\u0113r\u012bgu tekst\u016bru, redzam\u0101m por\u0101m, fotonoveco\u0161an\u0101s paz\u012bm\u0113m un nepiecie\u0161am\u012bbu p\u0113c regul\u0101ras sk\u0101bju eksfoli\u0101cijas.<\/p>\n<p data-start=\"3345\" data-end=\"3363\"><strong data-start=\"3345\" data-end=\"3357\">Tilpums:<\/strong> 30 ml<\/p>\n","protected":false},"excerpt":{"rendered":"<p data-start=\"3526\" data-end=\"3570\">Nenoskalojams nakts sk\u0101bju eksfoli\u0113jo\u0161s g\u0113ls<\/p>\n<h2 data-start=\"3572\" data-end=\"3612\"><strong data-start=\"3572\" data-end=\"3612\">\u012apa\u0161\u012bbas Bioelements &#8211; Quick Refiner<\/strong><\/h2>\n<p data-start=\"3614\" data-end=\"3790\">\u2714\ufe0f Pa\u0101trina \u0101das virsmas atjauno\u0161anos<br data-start=\"3651\" data-end=\"3654\" \/>\u2714\ufe0f Uzlabo tekst\u016bras gludumu<br data-start=\"3681\" data-end=\"3684\" \/>\u2714\ufe0f Padara poras vizu\u0101li maz\u0101k redzamas<br data-start=\"3722\" data-end=\"3725\" \/>\u2714\ufe0f Atjauno spilgt\u0101ku \u0101das mirdzumu<br data-start=\"3759\" data-end=\"3762\" \/>\u2714\ufe0f \u0100tri ies\u016bcas bez lip\u012bguma<\/p>\n","protected":false},"featured_media":68058,"template":"","meta":[],"pwb-brand":[1239],"product_brand":[],"product_cat":[741,743,751,723],"product_tag":[],"giftcard-category":[],"class_list":{"0":"post-80471","1":"product","2":"type-product","3":"status-publish","4":"has-post-thumbnail","6":"pwb-brand-bioelements-lv","7":"product_cat-izsitumi","8":"product_cat-paplasinatas-poras","9":"product_cat-pigmentacija-lv","10":"product_cat-serumi","12":"first","13":"instock","14":"taxable","15":"shipping-taxable","16":"purchasable","17":"product-type-simple"},"acf":[],"brands":[{"id":1239,"name":"Bioelements","slug":"bioelements-lv"}],"_links":{"self":[{"href":"https:\/\/skinstudio.ee\/lv\/wp-json\/wp\/v2\/product\/80471","targetHints":{"allow":["GET"]}}],"collection":[{"href":"https:\/\/skinstudio.ee\/lv\/wp-json\/wp\/v2\/product"}],"about":[{"href":"https:\/\/skinstudio.ee\/lv\/wp-json\/wp\/v2\/types\/product"}],"version-history":[{"count":1,"href":"https:\/\/skinstudio.ee\/lv\/wp-json\/wp\/v2\/product\/80471\/revisions"}],"predecessor-version":[{"id":80472,"href":"https:\/\/skinstudio.ee\/lv\/wp-json\/wp\/v2\/product\/80471\/revisions\/80472"}],"wp:featuredmedia":[{"embeddable":true,"href":"https:\/\/skinstudio.ee\/lv\/wp-json\/wp\/v2\/media\/68058"}],"wp:attachment":[{"href":"https:\/\/skinstudio.ee\/lv\/wp-json\/wp\/v2\/media?parent=80471"}],"wp:term":[{"taxonomy":"pwb-brand","embeddable":true,"href":"https:\/\/skinstudio.ee\/lv\/wp-json\/wp\/v2\/pwb-brand?post=80471"},{"taxonomy":"product_brand","embeddable":true,"href":"https:\/\/skinstudio.ee\/lv\/wp-json\/wp\/v2\/product_brand?post=80471"},{"taxonomy":"product_cat","embeddable":true,"href":"https:\/\/skinstudio.ee\/lv\/wp-json\/wp\/v2\/product_cat?post=80471"},{"taxonomy":"product_tag","embeddable":true,"href":"https:\/\/skinstudio.ee\/lv\/wp-json\/wp\/v2\/product_tag?post=80471"},{"taxonomy":"giftcard-category","embeddable":true,"href":"https:\/\/skinstudio.ee\/lv\/wp-json\/wp\/v2\/giftcard-category?post=80471"}],"curies":[{"name":"wp","href":"https:\/\/api.w.org\/{rel}","templated":true}]}}