{"id":80478,"date":"2025-08-07T10:19:11","date_gmt":"2025-08-07T10:19:11","guid":{"rendered":"https:\/\/skinstudio.ee\/?post_type=product&#038;p=80478"},"modified":"2026-04-03T09:47:11","modified_gmt":"2026-04-03T09:47:11","slug":"radiance-rescue","status":"publish","type":"product","link":"https:\/\/skinstudio.ee\/lv\/catalog\/bioelements-lv\/radiance-rescue\/","title":{"rendered":"Radiance Rescue"},"content":{"rendered":"<p data-start=\"2736\" data-end=\"3018\"><strong data-start=\"2736\" data-end=\"2770\">Radiance Rescue no Bioelements<\/strong> &#8211; ir t\u016bl\u012bt\u0113jas iedarb\u012bbas maska sejai un acu zonai, kas pal\u012bdz pastiprin\u0101t mirdzumu, uzlabot tvirtuma saj\u016btu un atjaunot \u0101das komfortu. Ret\u0101 balt\u0101 trifele pal\u012bdz atbalst\u012bt \u0101das elast\u012bbu un mitrin\u0101\u0161anas l\u012bmeni, veicinot glud\u0101ku un svaig\u0101ku izskatu.<\/p>\n<p data-start=\"3020\" data-end=\"3370\">Kofe\u012bns aktiviz\u0113 mikrocirkul\u0101ciju, pal\u012bdzot mazin\u0101t noguruma paz\u012bmes un uzlabot \u0101das toni, savuk\u0101rt murumuru un \u0161\u012b sviests bag\u0101tina \u0101du ar tauksk\u0101b\u0113m, atbalstot barjerfunkciju un maigumu. Bag\u0101t\u012bg\u0101 tekst\u016bra nodro\u0161ina t\u016bl\u012bt\u0113ju atsvaidzino\u0161u efektu, padarot \u0101du starojo\u0161\u0101ku, glud\u0101ku un atp\u016btu\u0161os. Piem\u0113rota k\u0101 ekspress kop\u0161ana vai intens\u012bva nakts maska.<\/p>\n<p data-start=\"3372\" data-end=\"3501\"><strong data-start=\"3372\" data-end=\"3406\">Kam piem\u0113rots Radiance Rescue:<\/strong> bl\u0101vai, noguru\u0161ai \u0101dai, dehidr\u0113tai \u0101dai, samazin\u0101tai elast\u012bbai un \u0101trai mirdzuma atjauno\u0161anai.<\/p>\n<p data-start=\"3503\" data-end=\"3521\"><strong data-start=\"3503\" data-end=\"3515\">Tilpums:<\/strong> 50 ml<\/p>\n","protected":false},"excerpt":{"rendered":"<p data-start=\"3738\" data-end=\"3780\">T\u016bl\u012bt\u0113ja mirdzuma maska sejai un acu zonai<\/p>\n<h2 data-start=\"3782\" data-end=\"3824\"><strong data-start=\"3782\" data-end=\"3824\">\u012apa\u0161\u012bbas Bioelements &#8211; Radiance Rescue<\/strong><\/h2>\n<p data-start=\"3826\" data-end=\"3978\">\u2714\ufe0f Pastiprina redzamu \u0101das mirdzumu<br data-start=\"3861\" data-end=\"3864\" \/>\u2714\ufe0f Atsvaidzina \u0101das izskatu<br data-start=\"3891\" data-end=\"3894\" \/>\u2714\ufe0f Uzlabo tvirtuma saj\u016btu<br data-start=\"3919\" data-end=\"3922\" \/>\u2714\ufe0f Intens\u012bvi baro \u0101du<br data-start=\"3943\" data-end=\"3946\" \/>\u2714\ufe0f Padara \u0101du glud\u0101ku un kopt\u0101ku<\/p>\n","protected":false},"featured_media":68063,"template":"","meta":[],"pwb-brand":[1239],"product_brand":[],"product_cat":[725,749,751],"product_tag":[],"giftcard-category":[],"class_list":{"0":"post-80478","1":"product","2":"type-product","3":"status-publish","4":"has-post-thumbnail","6":"pwb-brand-bioelements-lv","7":"product_cat-maskas","8":"product_cat-novecojosa-ada","9":"product_cat-pigmentacija-lv","11":"first","12":"instock","13":"taxable","14":"shipping-taxable","15":"purchasable","16":"product-type-simple"},"acf":[],"brands":[{"id":1239,"name":"Bioelements","slug":"bioelements-lv"}],"_links":{"self":[{"href":"https:\/\/skinstudio.ee\/lv\/wp-json\/wp\/v2\/product\/80478","targetHints":{"allow":["GET"]}}],"collection":[{"href":"https:\/\/skinstudio.ee\/lv\/wp-json\/wp\/v2\/product"}],"about":[{"href":"https:\/\/skinstudio.ee\/lv\/wp-json\/wp\/v2\/types\/product"}],"version-history":[{"count":1,"href":"https:\/\/skinstudio.ee\/lv\/wp-json\/wp\/v2\/product\/80478\/revisions"}],"predecessor-version":[{"id":80479,"href":"https:\/\/skinstudio.ee\/lv\/wp-json\/wp\/v2\/product\/80478\/revisions\/80479"}],"wp:featuredmedia":[{"embeddable":true,"href":"https:\/\/skinstudio.ee\/lv\/wp-json\/wp\/v2\/media\/68063"}],"wp:attachment":[{"href":"https:\/\/skinstudio.ee\/lv\/wp-json\/wp\/v2\/media?parent=80478"}],"wp:term":[{"taxonomy":"pwb-brand","embeddable":true,"href":"https:\/\/skinstudio.ee\/lv\/wp-json\/wp\/v2\/pwb-brand?post=80478"},{"taxonomy":"product_brand","embeddable":true,"href":"https:\/\/skinstudio.ee\/lv\/wp-json\/wp\/v2\/product_brand?post=80478"},{"taxonomy":"product_cat","embeddable":true,"href":"https:\/\/skinstudio.ee\/lv\/wp-json\/wp\/v2\/product_cat?post=80478"},{"taxonomy":"product_tag","embeddable":true,"href":"https:\/\/skinstudio.ee\/lv\/wp-json\/wp\/v2\/product_tag?post=80478"},{"taxonomy":"giftcard-category","embeddable":true,"href":"https:\/\/skinstudio.ee\/lv\/wp-json\/wp\/v2\/giftcard-category?post=80478"}],"curies":[{"name":"wp","href":"https:\/\/api.w.org\/{rel}","templated":true}]}}