{"id":80485,"date":"2025-08-07T10:15:51","date_gmt":"2025-08-07T10:15:51","guid":{"rendered":"https:\/\/skinstudio.ee\/?post_type=product&#038;p=80485"},"modified":"2026-04-03T09:47:10","modified_gmt":"2026-04-03T09:47:10","slug":"lightplex-megawatt-dark-spot-corrector","status":"publish","type":"product","link":"https:\/\/skinstudio.ee\/lv\/catalog\/bioelements-lv\/lightplex-megawatt-dark-spot-corrector\/","title":{"rendered":"LightPlex MegaWatt Dark Spot Corrector"},"content":{"rendered":"<p data-start=\"2610\" data-end=\"2938\"><strong data-start=\"2610\" data-end=\"2667\">LightPlex MegaWatt Dark Spot Corrector no Bioelements<\/strong> &#8211; ir antioksidantu sejas kr\u0113ms, kas pal\u012bdz izl\u012bdzin\u0101t \u0101das toni, mazin\u0101t hiperpigment\u0101cijas redzam\u012bbu un pastiprin\u0101t dabisko mirdzumu. Mitrino\u0161\u0101 formula iedarbojas uz nevienm\u0113r\u012bgu \u0101das toni, fotoboj\u0101jumu paz\u012bm\u0113m un bl\u0101vu \u0101du, pal\u012bdzot pan\u0101kt gai\u0161\u0101ku un dzidr\u0101ku izskatu.<\/p>\n<p data-start=\"2940\" data-end=\"3194\">Augu ekstraktu un antioksidantu komplekss atbalsta \u0101das aizsargfunkcijas un veicina vienm\u0113r\u012bg\u0101ku sejas toni. Viegl\u0101 tekst\u016bra \u0113rti kl\u0101jas uz \u0101das, nodro\u0161inot mitrin\u0101\u0161anu bez smaguma saj\u016btas. Regul\u0101ri lietojot, \u0101da izskat\u0101s glud\u0101ka, starojo\u0161\u0101ka un kopt\u0101ka.<\/p>\n<p data-start=\"3196\" data-end=\"3340\"><strong data-start=\"3196\" data-end=\"3253\">Kam piem\u0113rots LightPlex MegaWatt Dark Spot Corrector:<\/strong> \u0101dai ar pigment\u0101ciju, bl\u0101vu toni, nevienm\u0113r\u012bgu sejas kr\u0101su un fotonoveco\u0161an\u0101s paz\u012bm\u0113m.<\/p>\n<p data-start=\"3342\" data-end=\"3360\"><strong data-start=\"3342\" data-end=\"3354\">Tilpums:<\/strong> 44 ml<\/p>\n","protected":false},"excerpt":{"rendered":"<p data-start=\"3498\" data-end=\"3536\">Izgaismojo\u0161s antioksidantu sejas kr\u0113ms<\/p>\n<h2 data-start=\"3538\" data-end=\"3603\"><strong data-start=\"3538\" data-end=\"3603\">\u012apa\u0161\u012bbas Bioelements &#8211; LightPlex MegaWatt Dark Spot Corrector<\/strong><\/h2>\n<p data-start=\"3605\" data-end=\"3774\">\u2714\ufe0f Pastiprina \u0101das mirdzumu<br data-start=\"3632\" data-end=\"3635\" \/>\u2714\ufe0f Izl\u012bdzina \u0101das toni<br data-start=\"3657\" data-end=\"3660\" \/>\u2714\ufe0f Samazina pigment\u0101cijas redzam\u012bbu<br data-start=\"3695\" data-end=\"3698\" \/>\u2714\ufe0f Atbalsta antioksidantu aizsardz\u012bbu<br data-start=\"3735\" data-end=\"3738\" \/>\u2714\ufe0f Nodro\u0161ina komfortablu mitrin\u0101\u0161anu<\/p>\n","protected":false},"featured_media":68068,"template":"","meta":[],"pwb-brand":[1239],"product_brand":[],"product_cat":[751],"product_tag":[],"giftcard-category":[],"class_list":{"0":"post-80485","1":"product","2":"type-product","3":"status-publish","4":"has-post-thumbnail","6":"pwb-brand-bioelements-lv","7":"product_cat-pigmentacija","9":"first","10":"instock","11":"taxable","12":"shipping-taxable","13":"purchasable","14":"product-type-simple"},"acf":[],"brands":[{"id":1239,"name":"Bioelements","slug":"bioelements-lv"}],"_links":{"self":[{"href":"https:\/\/skinstudio.ee\/lv\/wp-json\/wp\/v2\/product\/80485","targetHints":{"allow":["GET"]}}],"collection":[{"href":"https:\/\/skinstudio.ee\/lv\/wp-json\/wp\/v2\/product"}],"about":[{"href":"https:\/\/skinstudio.ee\/lv\/wp-json\/wp\/v2\/types\/product"}],"version-history":[{"count":1,"href":"https:\/\/skinstudio.ee\/lv\/wp-json\/wp\/v2\/product\/80485\/revisions"}],"predecessor-version":[{"id":80486,"href":"https:\/\/skinstudio.ee\/lv\/wp-json\/wp\/v2\/product\/80485\/revisions\/80486"}],"wp:featuredmedia":[{"embeddable":true,"href":"https:\/\/skinstudio.ee\/lv\/wp-json\/wp\/v2\/media\/68068"}],"wp:attachment":[{"href":"https:\/\/skinstudio.ee\/lv\/wp-json\/wp\/v2\/media?parent=80485"}],"wp:term":[{"taxonomy":"pwb-brand","embeddable":true,"href":"https:\/\/skinstudio.ee\/lv\/wp-json\/wp\/v2\/pwb-brand?post=80485"},{"taxonomy":"product_brand","embeddable":true,"href":"https:\/\/skinstudio.ee\/lv\/wp-json\/wp\/v2\/product_brand?post=80485"},{"taxonomy":"product_cat","embeddable":true,"href":"https:\/\/skinstudio.ee\/lv\/wp-json\/wp\/v2\/product_cat?post=80485"},{"taxonomy":"product_tag","embeddable":true,"href":"https:\/\/skinstudio.ee\/lv\/wp-json\/wp\/v2\/product_tag?post=80485"},{"taxonomy":"giftcard-category","embeddable":true,"href":"https:\/\/skinstudio.ee\/lv\/wp-json\/wp\/v2\/giftcard-category?post=80485"}],"curies":[{"name":"wp","href":"https:\/\/api.w.org\/{rel}","templated":true}]}}