{"id":80499,"date":"2025-08-07T10:10:58","date_gmt":"2025-08-07T10:10:58","guid":{"rendered":"https:\/\/skinstudio.ee\/?post_type=product&#038;p=80499"},"modified":"2026-04-03T09:47:11","modified_gmt":"2026-04-03T09:47:11","slug":"skin-editor","status":"publish","type":"product","link":"https:\/\/skinstudio.ee\/lv\/catalog\/bioelements-lv\/skin-editor\/","title":{"rendered":"Skin Editor"},"content":{"rendered":"<p data-start=\"3253\" data-end=\"3563\"><strong data-start=\"3253\" data-end=\"3283\">Skin Editor no Bioelements<\/strong> &#8211; ir intens\u012bvs AHA p\u012blinga kr\u0113ms, kas paredz\u0113ts \u0101das atjauno\u0161anai, tekst\u016bras izl\u012bdzin\u0101\u0161anai un dabisk\u0101 mirdzuma pastiprin\u0101\u0161anai. Formula ar 3% glikolsk\u0101bi un 7% piensk\u0101bi maigi \u0161\u0137\u012bdina atmiru\u0161\u0101s \u0161\u016bnas, pal\u012bdzot mazin\u0101t bl\u0101vumu, uzlabot \u0101das dzidrumu un padar\u012bt toni vienm\u0113r\u012bg\u0101ku.<\/p>\n<p data-start=\"3565\" data-end=\"3934\">Izgaismojo\u0161ais ferment\u0113t\u0101s meln\u0101s t\u0113jas ekstrakts (kombu\u010da) veicina svaig\u0101ku izskatu, savuk\u0101rt nomierino\u0161ais Kan\u0101das ugunspu\u0137es ekstrakts pal\u012bdz saglab\u0101t komfortu akt\u012bvas atjauno\u0161anas laik\u0101. Organiskais \u0161\u012b sviests pal\u012bdz uztur\u0113t mitrumu un maigumu, nodro\u0161inot efekt\u012bvu atjauno\u0161anu bez agres\u012bvas saj\u016btas. Regul\u0101ri lietojot, \u0101da izskat\u0101s glud\u0101ka, starojo\u0161\u0101ka un svaig\u0101ka.<\/p>\n<p data-start=\"3936\" data-end=\"4101\"><strong data-start=\"3936\" data-end=\"3966\">Kam piem\u0113rots Skin Editor:<\/strong> bl\u0101vai \u0101dai, nevienm\u0113r\u012bgai tekst\u016brai, fotonoveco\u0161an\u0101s paz\u012bm\u0113m, pigment\u0101cijai un \u0101dai, kurai nepiecie\u0161ama regul\u0101ra sk\u0101bju eksfoli\u0101cija.<\/p>\n<p data-start=\"4103\" data-end=\"4354\"><strong data-start=\"4103\" data-end=\"4141\">BR\u012aDIN\u0100JUMS PAR SAULES APDEGUMIEM:<\/strong> produkts satur alfa-hidroksi sk\u0101bes (AHA), kas var palielin\u0101t \u0101das jut\u012bbu pret sauli. Lietojiet saules aizsardz\u012bbu, valk\u0101jiet aizsargap\u0123\u0113rbu un ierobe\u017eojiet uztur\u0113\u0161anos saul\u0113 lieto\u0161anas laik\u0101 un vienu ned\u0113\u013cu p\u0113c.<\/p>\n<p data-start=\"4356\" data-end=\"4374\"><strong data-start=\"4356\" data-end=\"4368\">Tilpums:<\/strong> 50 ml<\/p>\n","protected":false},"excerpt":{"rendered":"<p data-start=\"4567\" data-end=\"4602\">AHA p\u012blinga kr\u0113ms \u0101das atjauno\u0161anai<\/p>\n<h2 data-start=\"4604\" data-end=\"4642\"><strong data-start=\"4604\" data-end=\"4642\">\u012apa\u0161\u012bbas Bioelements &#8211; Skin Editor<\/strong><\/h2>\n<p data-start=\"4644\" data-end=\"4802\">\u2714\ufe0f Intens\u012bvi atjauno \u0101das virsmu<br data-start=\"4676\" data-end=\"4679\" \/>\u2714\ufe0f Izl\u012bdzina \u0101das toni<br data-start=\"4701\" data-end=\"4704\" \/>\u2714\ufe0f Uzlabo tekst\u016bras gludumu<br data-start=\"4731\" data-end=\"4734\" \/>\u2714\ufe0f Samazina stagn\u0113jo\u0161u plankumu redzam\u012bbu<br data-start=\"4775\" data-end=\"4778\" \/>\u2714\ufe0f Atjauno \u0101das mirdzumu<\/p>\n","protected":false},"featured_media":68079,"template":"","meta":[],"pwb-brand":[1239],"product_brand":[],"product_cat":[741,743,751,719],"product_tag":[],"giftcard-category":[],"class_list":{"0":"post-80499","1":"product","2":"type-product","3":"status-publish","4":"has-post-thumbnail","6":"pwb-brand-bioelements-lv","7":"product_cat-izsitumi","8":"product_cat-paplasinatas-poras","9":"product_cat-pigmentacija","10":"product_cat-skrubji-un-pilingi","12":"first","13":"instock","14":"sale","15":"taxable","16":"shipping-taxable","17":"purchasable","18":"product-type-simple"},"acf":[],"brands":[{"id":1239,"name":"Bioelements","slug":"bioelements-lv"}],"_links":{"self":[{"href":"https:\/\/skinstudio.ee\/lv\/wp-json\/wp\/v2\/product\/80499","targetHints":{"allow":["GET"]}}],"collection":[{"href":"https:\/\/skinstudio.ee\/lv\/wp-json\/wp\/v2\/product"}],"about":[{"href":"https:\/\/skinstudio.ee\/lv\/wp-json\/wp\/v2\/types\/product"}],"version-history":[{"count":1,"href":"https:\/\/skinstudio.ee\/lv\/wp-json\/wp\/v2\/product\/80499\/revisions"}],"predecessor-version":[{"id":80500,"href":"https:\/\/skinstudio.ee\/lv\/wp-json\/wp\/v2\/product\/80499\/revisions\/80500"}],"wp:featuredmedia":[{"embeddable":true,"href":"https:\/\/skinstudio.ee\/lv\/wp-json\/wp\/v2\/media\/68079"}],"wp:attachment":[{"href":"https:\/\/skinstudio.ee\/lv\/wp-json\/wp\/v2\/media?parent=80499"}],"wp:term":[{"taxonomy":"pwb-brand","embeddable":true,"href":"https:\/\/skinstudio.ee\/lv\/wp-json\/wp\/v2\/pwb-brand?post=80499"},{"taxonomy":"product_brand","embeddable":true,"href":"https:\/\/skinstudio.ee\/lv\/wp-json\/wp\/v2\/product_brand?post=80499"},{"taxonomy":"product_cat","embeddable":true,"href":"https:\/\/skinstudio.ee\/lv\/wp-json\/wp\/v2\/product_cat?post=80499"},{"taxonomy":"product_tag","embeddable":true,"href":"https:\/\/skinstudio.ee\/lv\/wp-json\/wp\/v2\/product_tag?post=80499"},{"taxonomy":"giftcard-category","embeddable":true,"href":"https:\/\/skinstudio.ee\/lv\/wp-json\/wp\/v2\/giftcard-category?post=80499"}],"curies":[{"name":"wp","href":"https:\/\/api.w.org\/{rel}","templated":true}]}}