{"id":81998,"date":"2026-02-19T08:59:59","date_gmt":"2026-02-19T08:59:59","guid":{"rendered":"https:\/\/skinstudio.ee\/?post_type=product&#038;p=81998"},"modified":"2026-05-13T16:20:01","modified_gmt":"2026-05-13T16:20:01","slug":"sunscription-dark-spot-defence-spf50-next-gen","status":"publish","type":"product","link":"https:\/\/skinstudio.ee\/lv\/catalog\/instytutum\/sunscription-dark-spot-defence-spf50-next-gen\/","title":{"rendered":"Sunscription Dark Spot Defence SPF50 Next-Gen"},"content":{"rendered":"<p data-start=\"3701\" data-end=\"4122\"><strong data-start=\"3701\" data-end=\"3764\">Sunscription Dark Spot Defence SPF50 Next-Gen no Instytutum<\/strong> &#8211; jaun\u0101s paaudzes daudzfunkcion\u0101ls saules aizsargflu\u012bds ar vieglu ton\u0113jo\u0161u efektu, rad\u012bts ikdienas aizsardz\u012bbai pret fotonoveco\u0161anos, pigment\u0101ciju un \u0101r\u0113jiem stresa faktoriem. Formula apvieno <strong data-start=\"3957\" data-end=\"3997\">19% jaun\u0101s paaudzes organisko filtru<\/strong>, antioksidantu kompleksu un komponentus, kas pal\u012bdz uztur\u0113t \u0101das aizsargbarjeru, vienm\u0113r\u012bgu toni un komfortablu mitrin\u0101\u0161anu.<\/p>\n<p data-start=\"4124\" data-end=\"4399\">L\u012bdzeklis pal\u012bdz aizsarg\u0101t \u0101du no UVA\/UVB stariem, zil\u0101s gaismas un infrasarkan\u0101 starojuma, atbalsta tum\u0161o plankumu profilaksi un pal\u012bdz ieg\u016bt svaig\u0101ku, starojo\u0161\u0101ku un vienm\u0113r\u012bg\u0101ku \u0101das izskatu. Viegl\u0101 tekst\u016bra vienm\u0113r\u012bgi kl\u0101jas uz \u0101das, \u0101tri uzs\u016bcas un neatst\u0101j baltu k\u0101rtu.<\/p>\n<p data-start=\"4401\" data-end=\"4639\">Flu\u012bds maigi piel\u0101gojas \u0101das dabiskajam tonim, radot gludu un koptu fini\u0161u bez taukaina sp\u012bduma. Piem\u0113rots ikdienas lieto\u0161anai visa gada garum\u0101 un \u0113rti lietojams k\u0101 atsevi\u0161\u0137s l\u012bdzeklis vai k\u0101 p\u0113d\u0113jais r\u012bta \u0101das kop\u0161anas posms pirms grima.<\/p>\n<p data-start=\"4641\" data-end=\"4673\"><strong data-start=\"4641\" data-end=\"4673\">Akt\u012bvo komponentu iedarb\u012bba:<\/strong><\/p>\n<p data-start=\"4675\" data-end=\"4859\"><strong data-start=\"4675\" data-end=\"4714\">Age-Disrupting &amp; Longevity Complex:<\/strong> kakao pept\u012bdi un E vitam\u012bns nodro\u0161ina antioksidantu aizsardz\u012bbu, pal\u012bdz mazin\u0101t \u0101r\u0113jo stresa faktoru ietekmi un uztur jaunekl\u012bg\u0101ku \u0101das izskatu.<\/p>\n<p data-start=\"4861\" data-end=\"5088\"><strong data-start=\"4861\" data-end=\"4894\">Barrier &amp; Protection Complex:<\/strong> 19% jaun\u0101s paaudzes organisko filtru, r\u0101ce\u0146a ekstrakts, salikornijas ekstrakts un saguaro kaktusa ekstrakts pal\u012bdz aizsarg\u0101t \u0101du no saules starojuma, mitruma zuduma un ikdienas pils\u0113tas stresa.<\/p>\n<p data-start=\"5090\" data-end=\"5200\"><strong data-start=\"5090\" data-end=\"5125\">Brassica Rapa saknes ekstrakts:<\/strong> veicina vienm\u0113r\u012bg\u0101ku \u0101das toni un pal\u012bdz mazin\u0101t tum\u0161o plankumu redzam\u012bbu.<\/p>\n<p data-start=\"5202\" data-end=\"5481\"><strong data-start=\"5202\" data-end=\"5266\">Kam piem\u0113rots Sunscription Dark Spot Defence SPF50 Next-Gen:<\/strong> visiem \u0101das tipiem, tostarp jut\u012bgai \u0101dai, \u012bpa\u0161i pigment\u0101cijas, bl\u0101va izskata, nevienm\u0113r\u012bga to\u0146a un pils\u0113tvides ietekmes gad\u012bjum\u0101. Ieteicams ikdienas lieto\u0161anai visa gada garum\u0101 k\u0101 p\u0113d\u0113jais r\u012bta \u0101das kop\u0161anas posms.<\/p>\n<p data-start=\"5483\" data-end=\"5509\"><strong data-start=\"5483\" data-end=\"5495\">Tilpums:<\/strong> 10 ml \/ 50 ml<\/p>\n","protected":false},"excerpt":{"rendered":"<p data-start=\"2339\" data-end=\"2374\">Viegls ton\u0113jo\u0161s saules aizsargkr\u0113ms<\/p>\n<h2 data-start=\"2376\" data-end=\"2439\"><strong data-start=\"2376\" data-end=\"2439\">\u012apa\u0161\u012bbas Instytutum &#8211; Sunscription Dark Spot Defence SPF50 Next-Gen<\/strong><\/h2>\n<p data-start=\"2441\" data-end=\"2763\">\u2714\ufe0f Izl\u012bdzina \u0101das toni un samazina tum\u0161o plankumu redzam\u012bbu<br data-start=\"2500\" data-end=\"2503\" \/>\u2714\ufe0f Nodro\u0161ina pla\u0161a spektra aizsardz\u012bbu pret UVA\/UVB, zilo gaismu un infrasarkano starojumu<br data-start=\"2593\" data-end=\"2596\" \/>\u2714\ufe0f Intens\u012bvi mitrina un veicina \u0101das elast\u012bbu un mirdzumu<br data-start=\"2653\" data-end=\"2656\" \/>\u2714\ufe0f Pie\u0161\u0137ir vieglu toni bez baltas k\u0101rtas vai maskas efekta<br data-start=\"2714\" data-end=\"2717\" \/>\u2714\ufe0f \u0100tri ies\u016bcas, viegla un neman\u0101ma tekst\u016bra<\/p>\n","protected":false},"featured_media":93376,"template":"","meta":[],"pwb-brand":[1207],"product_brand":[],"product_cat":[739,731,753],"product_tag":[],"giftcard-category":[],"class_list":{"0":"post-81998","1":"product","2":"type-product","3":"status-publish","4":"has-post-thumbnail","6":"pwb-brand-instytutum","7":"product_cat-sausa-ada","8":"product_cat-spf-aizsardziba","9":"product_cat-travel-size","10":"pa_suurus-10ml-lv","11":"pa_suurus-50ml-lv","13":"first","14":"instock","15":"taxable","16":"shipping-taxable","17":"purchasable","18":"product-type-variable"},"acf":[],"brands":[{"id":1207,"name":"Instytutum","slug":"instytutum"}],"_links":{"self":[{"href":"https:\/\/skinstudio.ee\/lv\/wp-json\/wp\/v2\/product\/81998","targetHints":{"allow":["GET"]}}],"collection":[{"href":"https:\/\/skinstudio.ee\/lv\/wp-json\/wp\/v2\/product"}],"about":[{"href":"https:\/\/skinstudio.ee\/lv\/wp-json\/wp\/v2\/types\/product"}],"version-history":[{"count":3,"href":"https:\/\/skinstudio.ee\/lv\/wp-json\/wp\/v2\/product\/81998\/revisions"}],"predecessor-version":[{"id":93659,"href":"https:\/\/skinstudio.ee\/lv\/wp-json\/wp\/v2\/product\/81998\/revisions\/93659"}],"wp:featuredmedia":[{"embeddable":true,"href":"https:\/\/skinstudio.ee\/lv\/wp-json\/wp\/v2\/media\/93376"}],"wp:attachment":[{"href":"https:\/\/skinstudio.ee\/lv\/wp-json\/wp\/v2\/media?parent=81998"}],"wp:term":[{"taxonomy":"pwb-brand","embeddable":true,"href":"https:\/\/skinstudio.ee\/lv\/wp-json\/wp\/v2\/pwb-brand?post=81998"},{"taxonomy":"product_brand","embeddable":true,"href":"https:\/\/skinstudio.ee\/lv\/wp-json\/wp\/v2\/product_brand?post=81998"},{"taxonomy":"product_cat","embeddable":true,"href":"https:\/\/skinstudio.ee\/lv\/wp-json\/wp\/v2\/product_cat?post=81998"},{"taxonomy":"product_tag","embeddable":true,"href":"https:\/\/skinstudio.ee\/lv\/wp-json\/wp\/v2\/product_tag?post=81998"},{"taxonomy":"giftcard-category","embeddable":true,"href":"https:\/\/skinstudio.ee\/lv\/wp-json\/wp\/v2\/giftcard-category?post=81998"}],"curies":[{"name":"wp","href":"https:\/\/api.w.org\/{rel}","templated":true}]}}