{"id":82825,"date":"2026-02-21T10:46:15","date_gmt":"2026-02-21T10:46:15","guid":{"rendered":"https:\/\/skinstudio.ee\/?post_type=product&#038;p=82825"},"modified":"2026-04-08T13:22:47","modified_gmt":"2026-04-08T13:22:47","slug":"nad-prime","status":"publish","type":"product","link":"https:\/\/skinstudio.ee\/lv\/catalog\/vitalized-lv\/nad-prime\/","title":{"rendered":"NAD+ Prime"},"content":{"rendered":"<p data-start=\"2784\" data-end=\"2879\"><strong data-start=\"2784\" data-end=\"2811\">NAD+ Prime no Vitalized<\/strong> &#8211; uztura bag\u0101tin\u0101t\u0101js ar nikotinam\u012bda riboz\u012bdu un augu ekstraktu.<\/p>\n<p data-start=\"2881\" data-end=\"2950\">Formula satur nikotinam\u012bda riboz\u012bdu (NR), kas ir B3 vitam\u012bna forma.<\/p>\n<p data-start=\"2952\" data-end=\"3026\">Sast\u0101vs papildin\u0101ts ar MonaJuventa\u2122 Nu (scarlet beebalm) augu ekstraktu.<\/p>\n<p data-start=\"3028\" data-end=\"3082\">Produkts ir kapsulu form\u0101 \u0113rtai ikdienas lieto\u0161anai.<\/p>\n<p data-start=\"3084\" data-end=\"3135\">Formula nesatur glut\u0113nu un ir piem\u0113rota veg\u0101niem.<\/p>\n<p data-start=\"3137\" data-end=\"3352\"><strong data-start=\"3137\" data-end=\"3150\">Ra\u017eot\u0101js:<\/strong> Vitalized<br data-start=\"3160\" data-end=\"3163\" \/><strong data-start=\"3163\" data-end=\"3180\">Ra\u017eots Eirop\u0101<\/strong><br data-start=\"3180\" data-end=\"3183\" \/><strong data-start=\"3183\" data-end=\"3204\">Der\u012bguma termi\u0146\u0161:<\/strong> skat\u012bt uz iepakojuma<br data-start=\"3225\" data-end=\"3228\" \/><strong data-start=\"3228\" data-end=\"3244\">Uzglab\u0101\u0161ana:<\/strong> uzglab\u0101t cie\u0161i nosl\u0113gtu v\u0113s\u0101, saus\u0101 viet\u0101, pasarg\u0101tu no tie\u0161iem saules stariem<br data-start=\"3323\" data-end=\"3326\" \/><strong data-start=\"3326\" data-end=\"3338\">Tilpums:<\/strong> 30 kapsulas<\/p>\n","protected":false},"excerpt":{"rendered":"<p data-start=\"3859\" data-end=\"3923\">Uztura bag\u0101tin\u0101t\u0101js ar nikotinam\u012bda riboz\u012bdu un augu ekstraktu<\/p>\n<h2 data-start=\"3925\" data-end=\"3960\"><strong data-start=\"3925\" data-end=\"3960\">\u012apa\u0161\u012bbas Vitalized &#8211; NAD+ Prime<\/strong><\/h2>\n<p data-start=\"3962\" data-end=\"4116\">\u2714\ufe0f Satur nikotinam\u012bda riboz\u012bdu (B3 vitam\u012bns)<br data-start=\"4006\" data-end=\"4009\" \/>\u2714\ufe0f Papildin\u0101ts ar augu ekstraktu<br data-start=\"4041\" data-end=\"4044\" \/>\u2714\ufe0f Kapsulu forma \u0113rtai lieto\u0161anai<br data-start=\"4077\" data-end=\"4080\" \/>\u2714\ufe0f Piem\u0113rots veg\u0101niem<br data-start=\"4101\" data-end=\"4104\" \/>\u2714\ufe0f Bez \u0122MO<\/p>\n","protected":false},"featured_media":82812,"template":"","meta":[],"pwb-brand":[1353],"product_brand":[],"product_cat":[768],"product_tag":[],"giftcard-category":[],"class_list":{"0":"post-82825","1":"product","2":"type-product","3":"status-publish","4":"has-post-thumbnail","6":"pwb-brand-vitalized-lv","7":"product_cat-vitamini","9":"first","10":"instock","11":"taxable","12":"shipping-taxable","13":"purchasable","14":"product-type-simple"},"acf":[],"brands":[{"id":1353,"name":"Vitalized","slug":"vitalized-lv"}],"_links":{"self":[{"href":"https:\/\/skinstudio.ee\/lv\/wp-json\/wp\/v2\/product\/82825","targetHints":{"allow":["GET"]}}],"collection":[{"href":"https:\/\/skinstudio.ee\/lv\/wp-json\/wp\/v2\/product"}],"about":[{"href":"https:\/\/skinstudio.ee\/lv\/wp-json\/wp\/v2\/types\/product"}],"version-history":[{"count":2,"href":"https:\/\/skinstudio.ee\/lv\/wp-json\/wp\/v2\/product\/82825\/revisions"}],"predecessor-version":[{"id":89857,"href":"https:\/\/skinstudio.ee\/lv\/wp-json\/wp\/v2\/product\/82825\/revisions\/89857"}],"wp:featuredmedia":[{"embeddable":true,"href":"https:\/\/skinstudio.ee\/lv\/wp-json\/wp\/v2\/media\/82812"}],"wp:attachment":[{"href":"https:\/\/skinstudio.ee\/lv\/wp-json\/wp\/v2\/media?parent=82825"}],"wp:term":[{"taxonomy":"pwb-brand","embeddable":true,"href":"https:\/\/skinstudio.ee\/lv\/wp-json\/wp\/v2\/pwb-brand?post=82825"},{"taxonomy":"product_brand","embeddable":true,"href":"https:\/\/skinstudio.ee\/lv\/wp-json\/wp\/v2\/product_brand?post=82825"},{"taxonomy":"product_cat","embeddable":true,"href":"https:\/\/skinstudio.ee\/lv\/wp-json\/wp\/v2\/product_cat?post=82825"},{"taxonomy":"product_tag","embeddable":true,"href":"https:\/\/skinstudio.ee\/lv\/wp-json\/wp\/v2\/product_tag?post=82825"},{"taxonomy":"giftcard-category","embeddable":true,"href":"https:\/\/skinstudio.ee\/lv\/wp-json\/wp\/v2\/giftcard-category?post=82825"}],"curies":[{"name":"wp","href":"https:\/\/api.w.org\/{rel}","templated":true}]}}