{"id":82845,"date":"2026-02-21T11:00:37","date_gmt":"2026-02-21T11:00:37","guid":{"rendered":"https:\/\/skinstudio.ee\/?post_type=product&#038;p=82845"},"modified":"2026-04-08T13:20:43","modified_gmt":"2026-04-08T13:20:43","slug":"d3-k2-vegan","status":"publish","type":"product","link":"https:\/\/skinstudio.ee\/lv\/catalog\/vitalized-lv\/d3-k2-vegan\/","title":{"rendered":"D3 K2 Vegan"},"content":{"rendered":"<p data-start=\"2758\" data-end=\"2861\"><strong data-start=\"2758\" data-end=\"2786\">D3 K2 Vegan no Vitalized<\/strong> &#8211; uztura bag\u0101tin\u0101t\u0101js ar D3 vitam\u012bnu no a\u013c\u0123\u0113m un K2 vitam\u012bnu MK-7 form\u0101.<\/p>\n<p data-start=\"2863\" data-end=\"2929\">Formula apvieno D3 vitam\u012bnu un K2 vitam\u012bnu all-trans MK-7 form\u0101.<\/p>\n<p data-start=\"2931\" data-end=\"2984\">Sast\u0101vs nodro\u0161ina divus taukos \u0161\u0137\u012bsto\u0161us vitam\u012bnus.<\/p>\n<p data-start=\"2986\" data-end=\"3065\">Formula satur K2Vital\u00ae (all-trans MK-7) un D3V\u00ae &#8211; augu izcelsmes D3 vitam\u012bnu.<\/p>\n<p data-start=\"3067\" data-end=\"3121\">Produkts ir kapsulu form\u0101 \u0113rtai ikdienas lieto\u0161anai.<\/p>\n<p data-start=\"3123\" data-end=\"3338\"><strong data-start=\"3123\" data-end=\"3136\">Ra\u017eot\u0101js:<\/strong> Vitalized<br data-start=\"3146\" data-end=\"3149\" \/><strong data-start=\"3149\" data-end=\"3166\">Ra\u017eots Eirop\u0101<\/strong><br data-start=\"3166\" data-end=\"3169\" \/><strong data-start=\"3169\" data-end=\"3190\">Der\u012bguma termi\u0146\u0161:<\/strong> skat\u012bt uz iepakojuma<br data-start=\"3211\" data-end=\"3214\" \/><strong data-start=\"3214\" data-end=\"3230\">Uzglab\u0101\u0161ana:<\/strong> uzglab\u0101t cie\u0161i nosl\u0113gtu v\u0113s\u0101, saus\u0101 viet\u0101, pasarg\u0101tu no tie\u0161iem saules stariem<br data-start=\"3309\" data-end=\"3312\" \/><strong data-start=\"3312\" data-end=\"3324\">Tilpums:<\/strong> 60 kapsulas<\/p>\n","protected":false},"excerpt":{"rendered":"<p data-start=\"3823\" data-end=\"3867\">Uztura bag\u0101tin\u0101t\u0101js ar D3 un K2 vitam\u012bniem<\/p>\n<h2 data-start=\"3869\" data-end=\"3905\"><strong data-start=\"3869\" data-end=\"3905\">\u012apa\u0161\u012bbas Vitalized &#8211; D3 K2 Vegan<\/strong><\/h2>\n<p data-start=\"3907\" data-end=\"4063\">\u2714\ufe0f Satur D3 un K2 vitam\u012bnus<br data-start=\"3934\" data-end=\"3937\" \/>\u2714\ufe0f Ietver MK-7 (all-trans) formu<br data-start=\"3969\" data-end=\"3972\" \/>\u2714\ufe0f Augu izcelsmes D3 vitam\u012bns<br data-start=\"4001\" data-end=\"4004\" \/>\u2714\ufe0f Kapsulu forma \u0113rtai lieto\u0161anai<br data-start=\"4037\" data-end=\"4040\" \/>\u2714\ufe0f Piem\u0113rots veg\u0101niem<\/p>\n","protected":false},"featured_media":82833,"template":"","meta":[],"pwb-brand":[1353],"product_brand":[],"product_cat":[768],"product_tag":[],"giftcard-category":[],"class_list":{"0":"post-82845","1":"product","2":"type-product","3":"status-publish","4":"has-post-thumbnail","6":"pwb-brand-vitalized-lv","7":"product_cat-vitamini","9":"first","10":"instock","11":"taxable","12":"shipping-taxable","13":"purchasable","14":"product-type-simple"},"acf":[],"brands":[{"id":1353,"name":"Vitalized","slug":"vitalized-lv"}],"_links":{"self":[{"href":"https:\/\/skinstudio.ee\/lv\/wp-json\/wp\/v2\/product\/82845","targetHints":{"allow":["GET"]}}],"collection":[{"href":"https:\/\/skinstudio.ee\/lv\/wp-json\/wp\/v2\/product"}],"about":[{"href":"https:\/\/skinstudio.ee\/lv\/wp-json\/wp\/v2\/types\/product"}],"version-history":[{"count":2,"href":"https:\/\/skinstudio.ee\/lv\/wp-json\/wp\/v2\/product\/82845\/revisions"}],"predecessor-version":[{"id":89852,"href":"https:\/\/skinstudio.ee\/lv\/wp-json\/wp\/v2\/product\/82845\/revisions\/89852"}],"wp:featuredmedia":[{"embeddable":true,"href":"https:\/\/skinstudio.ee\/lv\/wp-json\/wp\/v2\/media\/82833"}],"wp:attachment":[{"href":"https:\/\/skinstudio.ee\/lv\/wp-json\/wp\/v2\/media?parent=82845"}],"wp:term":[{"taxonomy":"pwb-brand","embeddable":true,"href":"https:\/\/skinstudio.ee\/lv\/wp-json\/wp\/v2\/pwb-brand?post=82845"},{"taxonomy":"product_brand","embeddable":true,"href":"https:\/\/skinstudio.ee\/lv\/wp-json\/wp\/v2\/product_brand?post=82845"},{"taxonomy":"product_cat","embeddable":true,"href":"https:\/\/skinstudio.ee\/lv\/wp-json\/wp\/v2\/product_cat?post=82845"},{"taxonomy":"product_tag","embeddable":true,"href":"https:\/\/skinstudio.ee\/lv\/wp-json\/wp\/v2\/product_tag?post=82845"},{"taxonomy":"giftcard-category","embeddable":true,"href":"https:\/\/skinstudio.ee\/lv\/wp-json\/wp\/v2\/giftcard-category?post=82845"}],"curies":[{"name":"wp","href":"https:\/\/api.w.org\/{rel}","templated":true}]}}