{"id":82865,"date":"2026-02-21T11:42:46","date_gmt":"2026-02-21T11:42:46","guid":{"rendered":"https:\/\/skinstudio.ee\/?post_type=product&#038;p=82865"},"modified":"2026-04-08T12:49:53","modified_gmt":"2026-04-08T12:49:53","slug":"magnesium-duo","status":"publish","type":"product","link":"https:\/\/skinstudio.ee\/lv\/catalog\/vitalized-lv\/magnesium-duo\/","title":{"rendered":"Magnesium Duo"},"content":{"rendered":"<p data-start=\"2774\" data-end=\"2855\"><strong data-start=\"2774\" data-end=\"2804\">Magnesium Duo no Vitalized<\/strong> &#8211; uztura bag\u0101tin\u0101t\u0101js ar diviem magnija avotiem.<\/p>\n<p data-start=\"2857\" data-end=\"2917\">Formula apvieno magnija glicin\u0101tu un j\u016bras magniju Simag\u00ae.<\/p>\n<p data-start=\"2919\" data-end=\"2963\">Sast\u0101vs nodro\u0161ina magniju no div\u0101m form\u0101m.<\/p>\n<p data-start=\"2965\" data-end=\"3038\">Katra kapsula satur magniju dev\u0101, kas \u013cauj elast\u012bgi piel\u0101got lieto\u0161anu.<\/p>\n<p data-start=\"3040\" data-end=\"3094\">Produkts ir kapsulu form\u0101 \u0113rtai ikdienas lieto\u0161anai.<\/p>\n<p data-start=\"3096\" data-end=\"3312\"><strong data-start=\"3096\" data-end=\"3109\">Ra\u017eot\u0101js:<\/strong> Vitalized<br data-start=\"3119\" data-end=\"3122\" \/><strong data-start=\"3122\" data-end=\"3139\">Ra\u017eots Eirop\u0101<\/strong><br data-start=\"3139\" data-end=\"3142\" \/><strong data-start=\"3142\" data-end=\"3163\">Der\u012bguma termi\u0146\u0161:<\/strong> skat\u012bt uz iepakojuma<br data-start=\"3184\" data-end=\"3187\" \/><strong data-start=\"3187\" data-end=\"3203\">Uzglab\u0101\u0161ana:<\/strong> uzglab\u0101t cie\u0161i nosl\u0113gtu v\u0113s\u0101, saus\u0101 viet\u0101, pasarg\u0101tu no tie\u0161iem saules stariem<br data-start=\"3282\" data-end=\"3285\" \/><strong data-start=\"3285\" data-end=\"3297\">Tilpums:<\/strong> 100 kapsulas<\/p>\n","protected":false},"excerpt":{"rendered":"<p data-start=\"3846\" data-end=\"3893\">Uztura bag\u0101tin\u0101t\u0101js ar diviem magnija avotiem<\/p>\n<h2 data-start=\"3895\" data-end=\"3933\"><strong data-start=\"3895\" data-end=\"3933\">\u012apa\u0161\u012bbas Vitalized &#8211; Magnesium Duo<\/strong><\/h2>\n<p data-start=\"3935\" data-end=\"4074\">\u2714\ufe0f Satur magniju div\u0101s form\u0101s<br data-start=\"3964\" data-end=\"3967\" \/>\u2714\ufe0f Magnija avots<br data-start=\"3983\" data-end=\"3986\" \/>\u2714\ufe0f Ietver magnija glicin\u0101tu un Simag\u00ae<br data-start=\"4023\" data-end=\"4026\" \/>\u2714\ufe0f Kapsulu forma \u0113rtai lieto\u0161anai<br data-start=\"4059\" data-end=\"4062\" \/>\u2714\ufe0f Bez \u0122MO<\/p>\n","protected":false},"featured_media":82853,"template":"","meta":[],"pwb-brand":[1353],"product_brand":[],"product_cat":[768],"product_tag":[],"giftcard-category":[],"class_list":{"0":"post-82865","1":"product","2":"type-product","3":"status-publish","4":"has-post-thumbnail","6":"pwb-brand-vitalized-lv","7":"product_cat-vitamini","9":"first","10":"instock","11":"taxable","12":"shipping-taxable","13":"purchasable","14":"product-type-simple"},"acf":[],"brands":[{"id":1353,"name":"Vitalized","slug":"vitalized-lv"}],"_links":{"self":[{"href":"https:\/\/skinstudio.ee\/lv\/wp-json\/wp\/v2\/product\/82865","targetHints":{"allow":["GET"]}}],"collection":[{"href":"https:\/\/skinstudio.ee\/lv\/wp-json\/wp\/v2\/product"}],"about":[{"href":"https:\/\/skinstudio.ee\/lv\/wp-json\/wp\/v2\/types\/product"}],"version-history":[{"count":2,"href":"https:\/\/skinstudio.ee\/lv\/wp-json\/wp\/v2\/product\/82865\/revisions"}],"predecessor-version":[{"id":89846,"href":"https:\/\/skinstudio.ee\/lv\/wp-json\/wp\/v2\/product\/82865\/revisions\/89846"}],"wp:featuredmedia":[{"embeddable":true,"href":"https:\/\/skinstudio.ee\/lv\/wp-json\/wp\/v2\/media\/82853"}],"wp:attachment":[{"href":"https:\/\/skinstudio.ee\/lv\/wp-json\/wp\/v2\/media?parent=82865"}],"wp:term":[{"taxonomy":"pwb-brand","embeddable":true,"href":"https:\/\/skinstudio.ee\/lv\/wp-json\/wp\/v2\/pwb-brand?post=82865"},{"taxonomy":"product_brand","embeddable":true,"href":"https:\/\/skinstudio.ee\/lv\/wp-json\/wp\/v2\/product_brand?post=82865"},{"taxonomy":"product_cat","embeddable":true,"href":"https:\/\/skinstudio.ee\/lv\/wp-json\/wp\/v2\/product_cat?post=82865"},{"taxonomy":"product_tag","embeddable":true,"href":"https:\/\/skinstudio.ee\/lv\/wp-json\/wp\/v2\/product_tag?post=82865"},{"taxonomy":"giftcard-category","embeddable":true,"href":"https:\/\/skinstudio.ee\/lv\/wp-json\/wp\/v2\/giftcard-category?post=82865"}],"curies":[{"name":"wp","href":"https:\/\/api.w.org\/{rel}","templated":true}]}}