{"id":82920,"date":"2026-02-23T12:33:29","date_gmt":"2026-02-23T12:33:29","guid":{"rendered":"https:\/\/skinstudio.ee\/?post_type=product&#038;p=82920"},"modified":"2026-02-23T12:47:32","modified_gmt":"2026-02-23T12:47:32","slug":"advanced-pro-collagen-peptide-cream-refill","status":"publish","type":"product","link":"https:\/\/skinstudio.ee\/lv\/catalog\/medik8-lv\/advanced-pro-collagen-peptide-cream-refill\/","title":{"rendered":"Advanced Pro-Collagen+ Peptide Cream Refill"},"content":{"rendered":"<p data-start=\"3993\" data-end=\"4282\"><strong>Advanced Pro-Collagen+ Peptide Cream Refill<\/strong> ir n\u0101kam\u0101s paaudzes inovat\u012bvs mitrino\u0161a kr\u0113ma refill, kas paredz\u0113ts \u0101das bl\u012bvuma un tvirtuma atjauno\u0161anai. Refill form\u0101ts \u013cauj turpin\u0101t \u0101das kop\u0161anu, nemainot \u0101r\u0113jo iepakojumu, samazinot atkritumu daudzumu un saglab\u0101jot ierasto kop\u0161anas ritu\u0101lu.<\/p>\n<p data-start=\"4284\" data-end=\"4435\">Viegl\u0101 tekst\u016bra ap\u0146em \u0101du ar komfortu, uzreiz mitrina un atbalsta elast\u012bbu. Formula pal\u012bdz stiprin\u0101t \u0101du, uzlabot t\u0101s bl\u012bvumu un izcelt sejas kont\u016bras.<\/p>\n<p data-start=\"4437\" data-end=\"4473\"><strong>Formula darbojas vair\u0101kos virzienos:<\/strong><\/p>\n<p data-start=\"4475\" data-end=\"4808\"><strong>Growth Factor MiniProtein<\/strong> stimul\u0113 kolag\u0113na sint\u0113zi un pal\u012bdz samazin\u0101t dzi\u013co grumbu redzam\u012bbu<br data-start=\"4568\" data-end=\"4571\" \/><strong>Unik\u0101ls pept\u012bds<\/strong> atbalsta \u0101das strukt\u016bru un pal\u012bdz mazin\u0101t jaunu l\u012bniju veido\u0161anos<br data-start=\"4652\" data-end=\"4655\" \/><strong>Akt\u012bv\u0101s sast\u0101vda\u013cas<\/strong> palielina tvirtumu un bl\u012bvumu, veicinot izteikt\u0101ku sejas ov\u0101lu<br data-start=\"4737\" data-end=\"4740\" \/><strong>Intens\u012bva mitrin\u0101\u0161ana<\/strong> nodro\u0161ina maigumu, gludumu un dabisku mirdzumu<\/p>\n<p data-start=\"4810\" data-end=\"4833\"><strong>Tilpums: 50 ml (refill)<\/strong><\/p>\n","protected":false},"excerpt":{"rendered":"<p data-start=\"5180\" data-end=\"5230\">Inovat\u012bvs kr\u0113ms \u0101das stingr\u012bbai un mirdzumam<\/p>\n<h2 data-start=\"5232\" data-end=\"5297\"><strong data-start=\"5232\" data-end=\"5297\">\u012apa\u0161\u012bbas Medik8 &#8211; Advanced Pro-Collagen+ Peptide Cream<\/strong><\/h2>\n<p data-start=\"5299\" data-end=\"5483\">\u2714\ufe0f Redzami samazina dzi\u013c\u0101s grumbas un nov\u0113r\u0161 jaunu veido\u0161anos<br data-start=\"1366\" data-end=\"1369\" \/>\u2714\ufe0f Aktiviz\u0113 kolag\u0113na sint\u0113zi un nostiprina \u0101das strukt\u016bru<br data-start=\"1426\" data-end=\"1429\" \/>\u2714\ufe0f Padara \u0101du stingr\u0101ku, bl\u012bv\u0101ku un tvirt\u0101ku<br data-start=\"1473\" data-end=\"1476\" \/>\u2714\ufe0f Atjauno skaidras sejas kont\u016bras<br data-start=\"1510\" data-end=\"1513\" \/>\u2714\ufe0f Nodro\u0161ina ilgsto\u0161u mitrin\u0101\u0161anu un komfortu<\/p>\n<p data-start=\"5299\" data-end=\"5483\"><span style=\"text-decoration: underline;\"><a href=\"https:\/\/skinstudio.ee\/lv\/catalog\/medik8-lv\/advanced-pro-collagen-peptide-cream\/\"><span style=\"color: #0000ff; text-decoration: underline;\">Pieejams Advanced Pro-Collagen+ Peptide Cream Full-Size 50ml<\/span><\/a><\/span><\/p>\n","protected":false},"featured_media":82906,"template":"","meta":[],"pwb-brand":[1205],"product_brand":[],"product_cat":[1406,737,749],"product_tag":[],"giftcard-category":[],"class_list":{"0":"post-82920","1":"product","2":"type-product","3":"status-publish","4":"has-post-thumbnail","6":"pwb-brand-medik8-lv","7":"product_cat-jaunumi","8":"product_cat-mitrinasana","9":"product_cat-novecojosa-ada","11":"first","12":"instock","13":"taxable","14":"shipping-taxable","15":"purchasable","16":"product-type-simple"},"acf":[],"brands":[{"id":1205,"name":"Medik8","slug":"medik8-lv"}],"_links":{"self":[{"href":"https:\/\/skinstudio.ee\/lv\/wp-json\/wp\/v2\/product\/82920","targetHints":{"allow":["GET"]}}],"collection":[{"href":"https:\/\/skinstudio.ee\/lv\/wp-json\/wp\/v2\/product"}],"about":[{"href":"https:\/\/skinstudio.ee\/lv\/wp-json\/wp\/v2\/types\/product"}],"version-history":[{"count":4,"href":"https:\/\/skinstudio.ee\/lv\/wp-json\/wp\/v2\/product\/82920\/revisions"}],"predecessor-version":[{"id":82930,"href":"https:\/\/skinstudio.ee\/lv\/wp-json\/wp\/v2\/product\/82920\/revisions\/82930"}],"wp:featuredmedia":[{"embeddable":true,"href":"https:\/\/skinstudio.ee\/lv\/wp-json\/wp\/v2\/media\/82906"}],"wp:attachment":[{"href":"https:\/\/skinstudio.ee\/lv\/wp-json\/wp\/v2\/media?parent=82920"}],"wp:term":[{"taxonomy":"pwb-brand","embeddable":true,"href":"https:\/\/skinstudio.ee\/lv\/wp-json\/wp\/v2\/pwb-brand?post=82920"},{"taxonomy":"product_brand","embeddable":true,"href":"https:\/\/skinstudio.ee\/lv\/wp-json\/wp\/v2\/product_brand?post=82920"},{"taxonomy":"product_cat","embeddable":true,"href":"https:\/\/skinstudio.ee\/lv\/wp-json\/wp\/v2\/product_cat?post=82920"},{"taxonomy":"product_tag","embeddable":true,"href":"https:\/\/skinstudio.ee\/lv\/wp-json\/wp\/v2\/product_tag?post=82920"},{"taxonomy":"giftcard-category","embeddable":true,"href":"https:\/\/skinstudio.ee\/lv\/wp-json\/wp\/v2\/giftcard-category?post=82920"}],"curies":[{"name":"wp","href":"https:\/\/api.w.org\/{rel}","templated":true}]}}