{"id":82961,"date":"2026-02-23T13:15:09","date_gmt":"2026-02-23T13:15:09","guid":{"rendered":"https:\/\/skinstudio.ee\/?post_type=product&#038;p=82961"},"modified":"2026-04-08T12:45:36","modified_gmt":"2026-04-08T12:45:36","slug":"vitamin-c-duo-500","status":"publish","type":"product","link":"https:\/\/skinstudio.ee\/lv\/catalog\/vitalized-lv\/vitamin-c-duo-500\/","title":{"rendered":"Vitamin C Duo 500"},"content":{"rendered":"<p data-start=\"2889\" data-end=\"3000\"><strong data-start=\"2889\" data-end=\"2923\">Vitamin C Duo 500 no Vitalized<\/strong> &#8211; uztura bag\u0101tin\u0101t\u0101js ar div\u0101m C vitam\u012bna form\u0101m: standarta un liposom\u0101lo.<\/p>\n<p data-start=\"3002\" data-end=\"3073\">Formula apvieno C vitam\u012bnu Pureway-C\u00ae form\u0101 un liposom\u0101lo C vitam\u012bnu.<\/p>\n<p data-start=\"3075\" data-end=\"3124\">Sast\u0101vs nodro\u0161ina C vitam\u012bnu no diviem avotiem.<\/p>\n<p data-start=\"3126\" data-end=\"3180\">Produkts ir kapsulu form\u0101 \u0113rtai ikdienas lieto\u0161anai.<\/p>\n<p data-start=\"3182\" data-end=\"3397\"><strong data-start=\"3182\" data-end=\"3195\">Ra\u017eot\u0101js:<\/strong> Vitalized<br data-start=\"3205\" data-end=\"3208\" \/><strong data-start=\"3208\" data-end=\"3225\">Ra\u017eots Eirop\u0101<\/strong><br data-start=\"3225\" data-end=\"3228\" \/><strong data-start=\"3228\" data-end=\"3249\">Der\u012bguma termi\u0146\u0161:<\/strong> skat\u012bt uz iepakojuma<br data-start=\"3270\" data-end=\"3273\" \/><strong data-start=\"3273\" data-end=\"3289\">Uzglab\u0101\u0161ana:<\/strong> uzglab\u0101t cie\u0161i nosl\u0113gtu v\u0113s\u0101, saus\u0101 viet\u0101, pasarg\u0101tu no tie\u0161iem saules stariem<br data-start=\"3368\" data-end=\"3371\" \/><strong data-start=\"3371\" data-end=\"3383\">Tilpums:<\/strong> 90 kapsulas<\/p>\n","protected":false},"excerpt":{"rendered":"<p data-start=\"3923\" data-end=\"3971\">Uztura bag\u0101tin\u0101t\u0101js ar div\u0101m C vitam\u012bna form\u0101m<\/p>\n<h2 data-start=\"3973\" data-end=\"4015\"><strong data-start=\"3973\" data-end=\"4015\">\u012apa\u0161\u012bbas Vitalized &#8211; Vitamin C Duo 500<\/strong><\/h2>\n<p data-start=\"4017\" data-end=\"4157\">\u2714\ufe0f Satur C vitam\u012bnu div\u0101s form\u0101s<br data-start=\"4049\" data-end=\"4052\" \/>\u2714\ufe0f Standarta un liposom\u0101l\u0101 forma<br data-start=\"4084\" data-end=\"4087\" \/>\u2714\ufe0f C vitam\u012bna avots<br data-start=\"4106\" data-end=\"4109\" \/>\u2714\ufe0f Kapsulu forma \u0113rtai lieto\u0161anai<br data-start=\"4142\" data-end=\"4145\" \/>\u2714\ufe0f Bez \u0122MO<\/p>\n","protected":false},"featured_media":82948,"template":"","meta":[],"pwb-brand":[1353],"product_brand":[],"product_cat":[768],"product_tag":[],"giftcard-category":[],"class_list":{"0":"post-82961","1":"product","2":"type-product","3":"status-publish","4":"has-post-thumbnail","6":"pwb-brand-vitalized-lv","7":"product_cat-vitamini","9":"first","10":"instock","11":"taxable","12":"shipping-taxable","13":"purchasable","14":"product-type-simple"},"acf":[],"brands":[{"id":1353,"name":"Vitalized","slug":"vitalized-lv"}],"_links":{"self":[{"href":"https:\/\/skinstudio.ee\/lv\/wp-json\/wp\/v2\/product\/82961","targetHints":{"allow":["GET"]}}],"collection":[{"href":"https:\/\/skinstudio.ee\/lv\/wp-json\/wp\/v2\/product"}],"about":[{"href":"https:\/\/skinstudio.ee\/lv\/wp-json\/wp\/v2\/types\/product"}],"version-history":[{"count":3,"href":"https:\/\/skinstudio.ee\/lv\/wp-json\/wp\/v2\/product\/82961\/revisions"}],"predecessor-version":[{"id":89988,"href":"https:\/\/skinstudio.ee\/lv\/wp-json\/wp\/v2\/product\/82961\/revisions\/89988"}],"wp:featuredmedia":[{"embeddable":true,"href":"https:\/\/skinstudio.ee\/lv\/wp-json\/wp\/v2\/media\/82948"}],"wp:attachment":[{"href":"https:\/\/skinstudio.ee\/lv\/wp-json\/wp\/v2\/media?parent=82961"}],"wp:term":[{"taxonomy":"pwb-brand","embeddable":true,"href":"https:\/\/skinstudio.ee\/lv\/wp-json\/wp\/v2\/pwb-brand?post=82961"},{"taxonomy":"product_brand","embeddable":true,"href":"https:\/\/skinstudio.ee\/lv\/wp-json\/wp\/v2\/product_brand?post=82961"},{"taxonomy":"product_cat","embeddable":true,"href":"https:\/\/skinstudio.ee\/lv\/wp-json\/wp\/v2\/product_cat?post=82961"},{"taxonomy":"product_tag","embeddable":true,"href":"https:\/\/skinstudio.ee\/lv\/wp-json\/wp\/v2\/product_tag?post=82961"},{"taxonomy":"giftcard-category","embeddable":true,"href":"https:\/\/skinstudio.ee\/lv\/wp-json\/wp\/v2\/giftcard-category?post=82961"}],"curies":[{"name":"wp","href":"https:\/\/api.w.org\/{rel}","templated":true}]}}