{"id":82982,"date":"2026-02-23T13:24:01","date_gmt":"2026-02-23T13:24:01","guid":{"rendered":"https:\/\/skinstudio.ee\/?post_type=product&#038;p=82982"},"modified":"2026-04-08T12:23:37","modified_gmt":"2026-04-08T12:23:37","slug":"b-complex","status":"publish","type":"product","link":"https:\/\/skinstudio.ee\/lv\/catalog\/vitalized-lv\/b-complex\/","title":{"rendered":"B-Complex+"},"content":{"rendered":"<p data-start=\"3085\" data-end=\"3248\"><strong data-start=\"3085\" data-end=\"3112\">B-Complex+ no Vitalized<\/strong> &#8211; uztura bag\u0101tin\u0101t\u0101js ar B grupas vitam\u012bnu kompleksu biolo\u0123iski akt\u012bv\u0101s form\u0101s, papildin\u0101ts ar citikol\u012bnu un urid\u012bnmonofosf\u0101tu (UMP).<\/p>\n<p data-start=\"3250\" data-end=\"3442\">Formula satur asto\u0146us B vitam\u012bnus un ietver koenz\u012bmu formas, piem\u0113ram, metilkobalam\u012bnu, adenozilkobalam\u012bnu, piridoksal-5-fosf\u0101tu, riboflav\u012bna-5-fosf\u0101tu un fol\u0101tu Quatrefolic\u00ae (5-MTHF) form\u0101.<\/p>\n<p data-start=\"3444\" data-end=\"3510\">Sast\u0101vs ir papildin\u0101ts ar citikol\u012bnu un urid\u012bnmonofosf\u0101tu (UMP).<\/p>\n<p data-start=\"3512\" data-end=\"3566\">Produkts ir kapsulu form\u0101 \u0113rtai ikdienas lieto\u0161anai.<\/p>\n<p data-start=\"3568\" data-end=\"3809\"><strong data-start=\"3568\" data-end=\"3581\">Ra\u017eot\u0101js:<\/strong> Vitalized<br data-start=\"3591\" data-end=\"3594\" \/><strong data-start=\"3594\" data-end=\"3611\">Ra\u017eots Eirop\u0101<\/strong><br data-start=\"3611\" data-end=\"3614\" \/><strong data-start=\"3614\" data-end=\"3635\">Der\u012bguma termi\u0146\u0161:<\/strong> skat\u012bt uz iepakojuma<br data-start=\"3656\" data-end=\"3659\" \/><strong data-start=\"3659\" data-end=\"3675\">Uzglab\u0101\u0161ana:<\/strong> uzglab\u0101t cie\u0161i nosl\u0113gtu v\u0113s\u0101, saus\u0101 viet\u0101, pasarg\u0101tu no tie\u0161iem saules stariem, b\u0113rniem nepieejam\u0101 viet\u0101<br data-start=\"3780\" data-end=\"3783\" \/><strong data-start=\"3783\" data-end=\"3795\">Tilpums:<\/strong> 60 kapsulas<\/p>\n","protected":false},"excerpt":{"rendered":"<p data-start=\"4295\" data-end=\"4339\">Uztura bag\u0101tin\u0101t\u0101js ar B grupas vitam\u012bniem<\/p>\n<h2 data-start=\"4341\" data-end=\"4376\"><strong data-start=\"4341\" data-end=\"4376\">\u012apa\u0161\u012bbas Vitalized &#8211; B-Complex+<\/strong><\/h2>\n<p data-start=\"4378\" data-end=\"4533\">\u2714\ufe0f Asto\u0146u B vitam\u012bnu komplekss<br data-start=\"4408\" data-end=\"4411\" \/>\u2714\ufe0f Ietver bioakt\u012bvas koenz\u012bmu formas<br data-start=\"4447\" data-end=\"4450\" \/>\u2714\ufe0f Papildu uzturvielas formul\u0101<br data-start=\"4480\" data-end=\"4483\" \/>\u2714\ufe0f \u0112rts form\u0101ts ikdienas lieto\u0161anai<br data-start=\"4518\" data-end=\"4521\" \/>\u2714\ufe0f Bez \u0122MO<\/p>\n","protected":false},"featured_media":82970,"template":"","meta":[],"pwb-brand":[1353],"product_brand":[],"product_cat":[768],"product_tag":[],"giftcard-category":[],"class_list":{"0":"post-82982","1":"product","2":"type-product","3":"status-publish","4":"has-post-thumbnail","6":"pwb-brand-vitalized-lv","7":"product_cat-vitamini","9":"first","10":"instock","11":"taxable","12":"shipping-taxable","13":"purchasable","14":"product-type-simple"},"acf":[],"brands":[{"id":1353,"name":"Vitalized","slug":"vitalized-lv"}],"_links":{"self":[{"href":"https:\/\/skinstudio.ee\/lv\/wp-json\/wp\/v2\/product\/82982","targetHints":{"allow":["GET"]}}],"collection":[{"href":"https:\/\/skinstudio.ee\/lv\/wp-json\/wp\/v2\/product"}],"about":[{"href":"https:\/\/skinstudio.ee\/lv\/wp-json\/wp\/v2\/types\/product"}],"version-history":[{"count":2,"href":"https:\/\/skinstudio.ee\/lv\/wp-json\/wp\/v2\/product\/82982\/revisions"}],"predecessor-version":[{"id":89834,"href":"https:\/\/skinstudio.ee\/lv\/wp-json\/wp\/v2\/product\/82982\/revisions\/89834"}],"wp:featuredmedia":[{"embeddable":true,"href":"https:\/\/skinstudio.ee\/lv\/wp-json\/wp\/v2\/media\/82970"}],"wp:attachment":[{"href":"https:\/\/skinstudio.ee\/lv\/wp-json\/wp\/v2\/media?parent=82982"}],"wp:term":[{"taxonomy":"pwb-brand","embeddable":true,"href":"https:\/\/skinstudio.ee\/lv\/wp-json\/wp\/v2\/pwb-brand?post=82982"},{"taxonomy":"product_brand","embeddable":true,"href":"https:\/\/skinstudio.ee\/lv\/wp-json\/wp\/v2\/product_brand?post=82982"},{"taxonomy":"product_cat","embeddable":true,"href":"https:\/\/skinstudio.ee\/lv\/wp-json\/wp\/v2\/product_cat?post=82982"},{"taxonomy":"product_tag","embeddable":true,"href":"https:\/\/skinstudio.ee\/lv\/wp-json\/wp\/v2\/product_tag?post=82982"},{"taxonomy":"giftcard-category","embeddable":true,"href":"https:\/\/skinstudio.ee\/lv\/wp-json\/wp\/v2\/giftcard-category?post=82982"}],"curies":[{"name":"wp","href":"https:\/\/api.w.org\/{rel}","templated":true}]}}