{"id":82998,"date":"2026-02-23T13:33:57","date_gmt":"2026-02-23T13:33:57","guid":{"rendered":"https:\/\/skinstudio.ee\/?post_type=product&#038;p=82998"},"modified":"2026-04-08T12:21:01","modified_gmt":"2026-04-08T12:21:01","slug":"probio-combi","status":"publish","type":"product","link":"https:\/\/skinstudio.ee\/lv\/catalog\/vitalized-lv\/probio-combi\/","title":{"rendered":"Probio Combi"},"content":{"rendered":"<p data-start=\"2807\" data-end=\"2911\"><strong data-start=\"2807\" data-end=\"2836\">Probio Combi no Vitalized<\/strong> &#8211; uztura bag\u0101tin\u0101t\u0101js ar probiotiskajiem celmiem un papildu uzturviel\u0101m.<\/p>\n<p data-start=\"2913\" data-end=\"3023\">Formula apvieno divus probiotisko kult\u016bru kompleksus un ir pieejama kapsulu veid\u0101 \u0113rtai ikdienas lieto\u0161anai.<\/p>\n<p data-start=\"3025\" data-end=\"3102\">Sast\u0101v\u0101 ir Lactobacillus un Bifidobacterium celmi, k\u0101 ar\u012b biot\u012bns un cinks.<\/p>\n<p data-start=\"3104\" data-end=\"3161\">Katra kapsula satur stabiliz\u0113tas probiotisk\u0101s kult\u016bras.<\/p>\n<p data-start=\"3163\" data-end=\"3404\"><strong data-start=\"3163\" data-end=\"3176\">Ra\u017eot\u0101js:<\/strong> Vitalized<br data-start=\"3186\" data-end=\"3189\" \/><strong data-start=\"3189\" data-end=\"3206\">Ra\u017eots Eirop\u0101<\/strong><br data-start=\"3206\" data-end=\"3209\" \/><strong data-start=\"3209\" data-end=\"3230\">Der\u012bguma termi\u0146\u0161:<\/strong> skat\u012bt uz iepakojuma<br data-start=\"3251\" data-end=\"3254\" \/><strong data-start=\"3254\" data-end=\"3270\">Uzglab\u0101\u0161ana:<\/strong> uzglab\u0101t cie\u0161i nosl\u0113gtu v\u0113s\u0101, saus\u0101 viet\u0101, pasarg\u0101tu no tie\u0161iem saules stariem, b\u0113rniem nepieejam\u0101 viet\u0101<br data-start=\"3375\" data-end=\"3378\" \/><strong data-start=\"3378\" data-end=\"3390\">Tilpums:<\/strong> 30 kapsulas<\/p>\n","protected":false},"excerpt":{"rendered":"<p data-start=\"3910\" data-end=\"3958\">Uztura bag\u0101tin\u0101t\u0101js ar probiotiskajiem celmiem<\/p>\n<h2 data-start=\"3960\" data-end=\"3997\"><strong data-start=\"3960\" data-end=\"3997\">\u012apa\u0161\u012bbas Vitalized &#8211; Probio Combi<\/strong><\/h2>\n<p data-start=\"3999\" data-end=\"4157\">\u2714\ufe0f Satur probiotiskos celmus<br data-start=\"4027\" data-end=\"4030\" \/>\u2714\ufe0f Lactobacillus un Bifidobacterium avots<br data-start=\"4071\" data-end=\"4074\" \/>\u2714\ufe0f Kapsulu forma \u0113rtai lieto\u0161anai<br data-start=\"4107\" data-end=\"4110\" \/>\u2714\ufe0f Piem\u0113rots ikdienas lieto\u0161anai<br data-start=\"4142\" data-end=\"4145\" \/>\u2714\ufe0f Bez \u0122MO<\/p>\n","protected":false},"featured_media":82990,"template":"","meta":[],"pwb-brand":[1353],"product_brand":[],"product_cat":[768],"product_tag":[],"giftcard-category":[],"class_list":{"0":"post-82998","1":"product","2":"type-product","3":"status-publish","4":"has-post-thumbnail","6":"pwb-brand-vitalized-lv","7":"product_cat-vitamini","9":"first","10":"instock","11":"taxable","12":"shipping-taxable","13":"purchasable","14":"product-type-simple"},"acf":[],"brands":[{"id":1353,"name":"Vitalized","slug":"vitalized-lv"}],"_links":{"self":[{"href":"https:\/\/skinstudio.ee\/lv\/wp-json\/wp\/v2\/product\/82998","targetHints":{"allow":["GET"]}}],"collection":[{"href":"https:\/\/skinstudio.ee\/lv\/wp-json\/wp\/v2\/product"}],"about":[{"href":"https:\/\/skinstudio.ee\/lv\/wp-json\/wp\/v2\/types\/product"}],"version-history":[{"count":2,"href":"https:\/\/skinstudio.ee\/lv\/wp-json\/wp\/v2\/product\/82998\/revisions"}],"predecessor-version":[{"id":89828,"href":"https:\/\/skinstudio.ee\/lv\/wp-json\/wp\/v2\/product\/82998\/revisions\/89828"}],"wp:featuredmedia":[{"embeddable":true,"href":"https:\/\/skinstudio.ee\/lv\/wp-json\/wp\/v2\/media\/82990"}],"wp:attachment":[{"href":"https:\/\/skinstudio.ee\/lv\/wp-json\/wp\/v2\/media?parent=82998"}],"wp:term":[{"taxonomy":"pwb-brand","embeddable":true,"href":"https:\/\/skinstudio.ee\/lv\/wp-json\/wp\/v2\/pwb-brand?post=82998"},{"taxonomy":"product_brand","embeddable":true,"href":"https:\/\/skinstudio.ee\/lv\/wp-json\/wp\/v2\/product_brand?post=82998"},{"taxonomy":"product_cat","embeddable":true,"href":"https:\/\/skinstudio.ee\/lv\/wp-json\/wp\/v2\/product_cat?post=82998"},{"taxonomy":"product_tag","embeddable":true,"href":"https:\/\/skinstudio.ee\/lv\/wp-json\/wp\/v2\/product_tag?post=82998"},{"taxonomy":"giftcard-category","embeddable":true,"href":"https:\/\/skinstudio.ee\/lv\/wp-json\/wp\/v2\/giftcard-category?post=82998"}],"curies":[{"name":"wp","href":"https:\/\/api.w.org\/{rel}","templated":true}]}}