{"id":83019,"date":"2026-02-23T13:56:33","date_gmt":"2026-02-23T13:56:33","guid":{"rendered":"https:\/\/skinstudio.ee\/?post_type=product&#038;p=83019"},"modified":"2026-04-08T12:18:09","modified_gmt":"2026-04-08T12:18:09","slug":"omega-3-elite","status":"publish","type":"product","link":"https:\/\/skinstudio.ee\/lv\/catalog\/vitalized-lv\/omega-3-elite\/","title":{"rendered":"Omega-3 Elite"},"content":{"rendered":"<p data-start=\"2777\" data-end=\"2880\"><strong data-start=\"2777\" data-end=\"2807\">Omega-3 Elite no Vitalized<\/strong> &#8211; uztura bag\u0101tin\u0101t\u0101js ar koncentr\u0113tu zivju e\u013c\u013cu, kas satur EPA un DHA.<\/p>\n<p data-start=\"2882\" data-end=\"2977\">Formula satur Alaskomega\u00ae e\u013c\u013cu un ir pieejama m\u012bksto kapsulu veid\u0101 \u0113rtai ikdienas lieto\u0161anai.<\/p>\n<p data-start=\"2979\" data-end=\"3038\">Dienas deva nodro\u0161ina j\u016bras izcelsmes omega-3 tauksk\u0101bes.<\/p>\n<p data-start=\"3040\" data-end=\"3076\">Sast\u0101v\u0101 ir koncentr\u0113ta zivju e\u013c\u013ca.<\/p>\n<p data-start=\"3078\" data-end=\"3327\"><strong data-start=\"3078\" data-end=\"3091\">Ra\u017eot\u0101js:<\/strong> Vitalized<br data-start=\"3101\" data-end=\"3104\" \/><strong data-start=\"3104\" data-end=\"3121\">Ra\u017eots Eirop\u0101<\/strong><br data-start=\"3121\" data-end=\"3124\" \/><strong data-start=\"3124\" data-end=\"3145\">Der\u012bguma termi\u0146\u0161:<\/strong> skat\u012bt uz iepakojuma<br data-start=\"3166\" data-end=\"3169\" \/><strong data-start=\"3169\" data-end=\"3185\">Uzglab\u0101\u0161ana:<\/strong> uzglab\u0101t cie\u0161i nosl\u0113gtu v\u0113s\u0101, saus\u0101 viet\u0101, pasarg\u0101tu no tie\u0161iem saules stariem, b\u0113rniem nepieejam\u0101 viet\u0101<br data-start=\"3290\" data-end=\"3293\" \/><strong data-start=\"3293\" data-end=\"3305\">Tilpums:<\/strong> 90 m\u012bkst\u0101s kapsulas<\/p>\n","protected":false},"excerpt":{"rendered":"<p data-start=\"3833\" data-end=\"3880\">Uztura bag\u0101tin\u0101t\u0101js ar koncentr\u0113tu zivju e\u013c\u013cu<\/p>\n<h2 data-start=\"3882\" data-end=\"3920\"><strong data-start=\"3882\" data-end=\"3920\">\u012apa\u0161\u012bbas Vitalized &#8211; Omega-3 Elite<\/strong><\/h2>\n<p data-start=\"3922\" data-end=\"4071\">\u2714\ufe0f Satur zivju e\u013c\u013cu ar EPA un DHA<br data-start=\"3955\" data-end=\"3958\" \/>\u2714\ufe0f Omega-3 tauksk\u0101bju avots<br data-start=\"3985\" data-end=\"3988\" \/>\u2714\ufe0f Kapsulu forma \u0113rtai lieto\u0161anai<br data-start=\"4021\" data-end=\"4024\" \/>\u2714\ufe0f Piem\u0113rots ikdienas lieto\u0161anai<br data-start=\"4056\" data-end=\"4059\" \/>\u2714\ufe0f Bez \u0122MO<\/p>\n","protected":false},"featured_media":83006,"template":"","meta":[],"pwb-brand":[1353],"product_brand":[],"product_cat":[768],"product_tag":[],"giftcard-category":[],"class_list":{"0":"post-83019","1":"product","2":"type-product","3":"status-publish","4":"has-post-thumbnail","6":"pwb-brand-vitalized-lv","7":"product_cat-vitamini","9":"first","10":"instock","11":"taxable","12":"shipping-taxable","13":"purchasable","14":"product-type-simple"},"acf":[],"brands":[{"id":1353,"name":"Vitalized","slug":"vitalized-lv"}],"_links":{"self":[{"href":"https:\/\/skinstudio.ee\/lv\/wp-json\/wp\/v2\/product\/83019","targetHints":{"allow":["GET"]}}],"collection":[{"href":"https:\/\/skinstudio.ee\/lv\/wp-json\/wp\/v2\/product"}],"about":[{"href":"https:\/\/skinstudio.ee\/lv\/wp-json\/wp\/v2\/types\/product"}],"version-history":[{"count":2,"href":"https:\/\/skinstudio.ee\/lv\/wp-json\/wp\/v2\/product\/83019\/revisions"}],"predecessor-version":[{"id":89823,"href":"https:\/\/skinstudio.ee\/lv\/wp-json\/wp\/v2\/product\/83019\/revisions\/89823"}],"wp:featuredmedia":[{"embeddable":true,"href":"https:\/\/skinstudio.ee\/lv\/wp-json\/wp\/v2\/media\/83006"}],"wp:attachment":[{"href":"https:\/\/skinstudio.ee\/lv\/wp-json\/wp\/v2\/media?parent=83019"}],"wp:term":[{"taxonomy":"pwb-brand","embeddable":true,"href":"https:\/\/skinstudio.ee\/lv\/wp-json\/wp\/v2\/pwb-brand?post=83019"},{"taxonomy":"product_brand","embeddable":true,"href":"https:\/\/skinstudio.ee\/lv\/wp-json\/wp\/v2\/product_brand?post=83019"},{"taxonomy":"product_cat","embeddable":true,"href":"https:\/\/skinstudio.ee\/lv\/wp-json\/wp\/v2\/product_cat?post=83019"},{"taxonomy":"product_tag","embeddable":true,"href":"https:\/\/skinstudio.ee\/lv\/wp-json\/wp\/v2\/product_tag?post=83019"},{"taxonomy":"giftcard-category","embeddable":true,"href":"https:\/\/skinstudio.ee\/lv\/wp-json\/wp\/v2\/giftcard-category?post=83019"}],"curies":[{"name":"wp","href":"https:\/\/api.w.org\/{rel}","templated":true}]}}