{"id":83040,"date":"2026-02-23T14:19:34","date_gmt":"2026-02-23T14:19:34","guid":{"rendered":"https:\/\/skinstudio.ee\/?post_type=product&#038;p=83040"},"modified":"2026-04-08T12:13:20","modified_gmt":"2026-04-08T12:13:20","slug":"osteo-synergy","status":"publish","type":"product","link":"https:\/\/skinstudio.ee\/lv\/catalog\/vitalized-lv\/osteo-synergy\/","title":{"rendered":"Osteo Synergy"},"content":{"rendered":"<p data-start=\"2661\" data-end=\"2783\"><strong data-start=\"2661\" data-end=\"2690\">Vitalized &#8211; Osteo Synergy<\/strong> &#8211; uztura bag\u0101tin\u0101t\u0101js ar j\u016bras kalciju, D3 vitam\u012bnu, K2 vitam\u012bnu MK-7 un bioakt\u012bvo sil\u012bciju.<\/p>\n<p data-start=\"2785\" data-end=\"2854\">Sast\u0101vs satur j\u016bras kalciju Aquamin\u00ae, kas ieg\u016bts no sarkanaj\u0101m a\u013c\u0123\u0113m.<\/p>\n<p data-start=\"2856\" data-end=\"2961\">Formul\u0101 iek\u013cauts ar\u012b D3 vitam\u012bns, K2 vitam\u012bns MK-7 un bioakt\u012bvais sil\u012bcijs no bambusa ekstrakta Bloosil\u00ae.<\/p>\n<p data-start=\"2963\" data-end=\"3039\">Sast\u0101vs apvieno miner\u0101lvielas un vitam\u012bnus, ko izmanto uztura bag\u0101tin\u0101t\u0101jos.<\/p>\n<p data-start=\"3041\" data-end=\"3088\">Kapsulu forma nodro\u0161ina \u0113rtu lieto\u0161anu ikdien\u0101.<\/p>\n<p data-start=\"3090\" data-end=\"3108\"><strong data-start=\"3090\" data-end=\"3108\">Ra\u017eots Eirop\u0101.<\/strong><\/p>\n<p data-start=\"3110\" data-end=\"3305\"><strong data-start=\"3110\" data-end=\"3131\">Der\u012bguma termi\u0146\u0161:<\/strong> skat\u012bt uz iepakojuma<br data-start=\"3152\" data-end=\"3155\" \/><strong data-start=\"3155\" data-end=\"3171\">Uzglab\u0101\u0161ana:<\/strong> uzglab\u0101t cie\u0161i nosl\u0113gtu v\u0113s\u0101 un saus\u0101 viet\u0101, pasarg\u0101tu no tie\u0161iem saules stariem, b\u0113rniem nepieejam\u0101 viet\u0101<br data-start=\"3278\" data-end=\"3281\" \/><strong data-start=\"3281\" data-end=\"3293\">Tilpums:<\/strong> 60 kapsulas<\/p>\n","protected":false},"excerpt":{"rendered":"<p data-start=\"3762\" data-end=\"3799\">Uztura bag\u0101tin\u0101t\u0101js kaulu atbalstam<\/p>\n<h2 data-start=\"3801\" data-end=\"3839\"><strong data-start=\"3801\" data-end=\"3839\">\u012apa\u0161\u012bbas Vitalized &#8211; Osteo Synergy<\/strong><\/h2>\n<p data-start=\"3841\" data-end=\"3971\">\u2714\ufe0f Miner\u0101lvielu un vitam\u012bnu komplekss<br data-start=\"3878\" data-end=\"3881\" \/>\u2714\ufe0f J\u016bras izcelsmes kalcijs<br data-start=\"3907\" data-end=\"3910\" \/>\u2714\ufe0f \u0112rta kapsulu forma<br data-start=\"3931\" data-end=\"3934\" \/>\u2714\ufe0f Sabalans\u0113ts sast\u0101vs<br data-start=\"3956\" data-end=\"3959\" \/>\u2714\ufe0f Bez \u0122MO<\/p>\n","protected":false},"featured_media":83027,"template":"","meta":[],"pwb-brand":[1353],"product_brand":[],"product_cat":[768],"product_tag":[],"giftcard-category":[],"class_list":{"0":"post-83040","1":"product","2":"type-product","3":"status-publish","4":"has-post-thumbnail","6":"pwb-brand-vitalized-lv","7":"product_cat-vitamini","9":"first","10":"instock","11":"taxable","12":"shipping-taxable","13":"purchasable","14":"product-type-simple"},"acf":[],"brands":[{"id":1353,"name":"Vitalized","slug":"vitalized-lv"}],"_links":{"self":[{"href":"https:\/\/skinstudio.ee\/lv\/wp-json\/wp\/v2\/product\/83040","targetHints":{"allow":["GET"]}}],"collection":[{"href":"https:\/\/skinstudio.ee\/lv\/wp-json\/wp\/v2\/product"}],"about":[{"href":"https:\/\/skinstudio.ee\/lv\/wp-json\/wp\/v2\/types\/product"}],"version-history":[{"count":2,"href":"https:\/\/skinstudio.ee\/lv\/wp-json\/wp\/v2\/product\/83040\/revisions"}],"predecessor-version":[{"id":89817,"href":"https:\/\/skinstudio.ee\/lv\/wp-json\/wp\/v2\/product\/83040\/revisions\/89817"}],"wp:featuredmedia":[{"embeddable":true,"href":"https:\/\/skinstudio.ee\/lv\/wp-json\/wp\/v2\/media\/83027"}],"wp:attachment":[{"href":"https:\/\/skinstudio.ee\/lv\/wp-json\/wp\/v2\/media?parent=83040"}],"wp:term":[{"taxonomy":"pwb-brand","embeddable":true,"href":"https:\/\/skinstudio.ee\/lv\/wp-json\/wp\/v2\/pwb-brand?post=83040"},{"taxonomy":"product_brand","embeddable":true,"href":"https:\/\/skinstudio.ee\/lv\/wp-json\/wp\/v2\/product_brand?post=83040"},{"taxonomy":"product_cat","embeddable":true,"href":"https:\/\/skinstudio.ee\/lv\/wp-json\/wp\/v2\/product_cat?post=83040"},{"taxonomy":"product_tag","embeddable":true,"href":"https:\/\/skinstudio.ee\/lv\/wp-json\/wp\/v2\/product_tag?post=83040"},{"taxonomy":"giftcard-category","embeddable":true,"href":"https:\/\/skinstudio.ee\/lv\/wp-json\/wp\/v2\/giftcard-category?post=83040"}],"curies":[{"name":"wp","href":"https:\/\/api.w.org\/{rel}","templated":true}]}}