{"id":83061,"date":"2026-02-23T14:26:39","date_gmt":"2026-02-23T14:26:39","guid":{"rendered":"https:\/\/skinstudio.ee\/?post_type=product&#038;p=83061"},"modified":"2026-04-08T12:04:29","modified_gmt":"2026-04-08T12:04:29","slug":"nad-pure","status":"publish","type":"product","link":"https:\/\/skinstudio.ee\/lv\/catalog\/vitalized-lv\/nad-pure\/","title":{"rendered":"NAD+ Pure"},"content":{"rendered":"<p data-start=\"2533\" data-end=\"2611\"><strong data-start=\"2533\" data-end=\"2558\">Vitalized &#8211; NAD+ Pure<\/strong> &#8211; uztura bag\u0101tin\u0101t\u0101js ar nikotinam\u012bda riboz\u012bdu (NR).<\/p>\n<p data-start=\"2613\" data-end=\"2752\">Sast\u0101vs satur nikotinam\u012bda riboz\u012bdu &#8211; B3 vitam\u012bna formu, ko izmanto uztura bag\u0101tin\u0101t\u0101jos. Katra kapsula satur 300 mg nikotinam\u012bda riboz\u012bda.<\/p>\n<p data-start=\"2754\" data-end=\"2829\">Kapsulu forma nodro\u0161ina \u0113rtu lieto\u0161anu ikdien\u0101 un vieglu iek\u013cau\u0161anu uztur\u0101.<\/p>\n<p data-start=\"2831\" data-end=\"2849\"><strong data-start=\"2831\" data-end=\"2849\">Ra\u017eots Eirop\u0101.<\/strong><\/p>\n<p data-start=\"2851\" data-end=\"3046\"><strong data-start=\"2851\" data-end=\"2872\">Der\u012bguma termi\u0146\u0161:<\/strong> skat\u012bt uz iepakojuma<br data-start=\"2893\" data-end=\"2896\" \/><strong data-start=\"2896\" data-end=\"2912\">Uzglab\u0101\u0161ana:<\/strong> uzglab\u0101t cie\u0161i nosl\u0113gtu v\u0113s\u0101 un saus\u0101 viet\u0101, pasarg\u0101tu no tie\u0161iem saules stariem, b\u0113rniem nepieejam\u0101 viet\u0101<br data-start=\"3019\" data-end=\"3022\" \/><strong data-start=\"3022\" data-end=\"3034\">Tilpums:<\/strong> 90 kapsulas<\/p>\n","protected":false},"excerpt":{"rendered":"<p data-start=\"3489\" data-end=\"3535\">Uztura bag\u0101tin\u0101t\u0101js ar nikotinam\u012bda riboz\u012bdu<\/p>\n<h2 data-start=\"3537\" data-end=\"3571\"><strong data-start=\"3537\" data-end=\"3571\">\u012apa\u0161\u012bbas Vitalized &#8211; NAD+ Pure<\/strong><\/h2>\n<p data-start=\"3573\" data-end=\"3712\">\u2714\ufe0f Satur nikotinam\u012bda riboz\u012bdu<br data-start=\"3603\" data-end=\"3606\" \/>\u2714\ufe0f B3 vitam\u012bna avots<br data-start=\"3626\" data-end=\"3629\" \/>\u2714\ufe0f Kapsulu forma \u0113rtai lieto\u0161anai<br data-start=\"3662\" data-end=\"3665\" \/>\u2714\ufe0f Piem\u0113rots ikdienas lieto\u0161anai<br data-start=\"3697\" data-end=\"3700\" \/>\u2714\ufe0f Bez \u0122MO<\/p>\n","protected":false},"featured_media":83048,"template":"","meta":[],"pwb-brand":[1353],"product_brand":[],"product_cat":[768],"product_tag":[],"giftcard-category":[],"class_list":{"0":"post-83061","1":"product","2":"type-product","3":"status-publish","4":"has-post-thumbnail","6":"pwb-brand-vitalized-lv","7":"product_cat-vitamini","9":"first","10":"instock","11":"taxable","12":"shipping-taxable","13":"purchasable","14":"product-type-simple"},"acf":[],"brands":[{"id":1353,"name":"Vitalized","slug":"vitalized-lv"}],"_links":{"self":[{"href":"https:\/\/skinstudio.ee\/lv\/wp-json\/wp\/v2\/product\/83061","targetHints":{"allow":["GET"]}}],"collection":[{"href":"https:\/\/skinstudio.ee\/lv\/wp-json\/wp\/v2\/product"}],"about":[{"href":"https:\/\/skinstudio.ee\/lv\/wp-json\/wp\/v2\/types\/product"}],"version-history":[{"count":2,"href":"https:\/\/skinstudio.ee\/lv\/wp-json\/wp\/v2\/product\/83061\/revisions"}],"predecessor-version":[{"id":89807,"href":"https:\/\/skinstudio.ee\/lv\/wp-json\/wp\/v2\/product\/83061\/revisions\/89807"}],"wp:featuredmedia":[{"embeddable":true,"href":"https:\/\/skinstudio.ee\/lv\/wp-json\/wp\/v2\/media\/83048"}],"wp:attachment":[{"href":"https:\/\/skinstudio.ee\/lv\/wp-json\/wp\/v2\/media?parent=83061"}],"wp:term":[{"taxonomy":"pwb-brand","embeddable":true,"href":"https:\/\/skinstudio.ee\/lv\/wp-json\/wp\/v2\/pwb-brand?post=83061"},{"taxonomy":"product_brand","embeddable":true,"href":"https:\/\/skinstudio.ee\/lv\/wp-json\/wp\/v2\/product_brand?post=83061"},{"taxonomy":"product_cat","embeddable":true,"href":"https:\/\/skinstudio.ee\/lv\/wp-json\/wp\/v2\/product_cat?post=83061"},{"taxonomy":"product_tag","embeddable":true,"href":"https:\/\/skinstudio.ee\/lv\/wp-json\/wp\/v2\/product_tag?post=83061"},{"taxonomy":"giftcard-category","embeddable":true,"href":"https:\/\/skinstudio.ee\/lv\/wp-json\/wp\/v2\/giftcard-category?post=83061"}],"curies":[{"name":"wp","href":"https:\/\/api.w.org\/{rel}","templated":true}]}}