{"id":8315,"date":"2023-05-24T17:56:05","date_gmt":"2023-05-24T17:56:05","guid":{"rendered":"https:\/\/dev.skinstudio.ee\/product\/advanced-night-restore\/"},"modified":"2025-11-08T13:46:22","modified_gmt":"2025-11-08T13:46:22","slug":"advanced-night-restore","status":"publish","type":"product","link":"https:\/\/skinstudio.ee\/lv\/kataloog\/medik8\/advanced-night-restore\/","title":{"rendered":"Advanced Night Restore\u2122"},"content":{"rendered":"<p data-start=\"2846\" data-end=\"3215\">Tipptasemel antioks\u00fcdantne \u00f6\u00f6kreem <strong data-start=\"2898\" data-end=\"2925\">Advanced Night Restore\u2122<\/strong> t\u00f6\u00f6tab siis, kui sa magad \u2013 see taastab ja niisutab nahka s\u00fcgavuti. Valem p\u00f5hineb eksklusiivsel <strong data-start=\"3022\" data-end=\"3050\">Midnight Repair Complex\u2122<\/strong>-il, mis \u00fchendab v\u00f5imsad antioks\u00fcdandid ja rakke uuendavad peptiidid, neutraliseerides p\u00e4eval kogunenud vabu radikaale ja stimuleerides naha loomulikku taastumist.<\/p>\n<p data-start=\"3217\" data-end=\"3727\"><strong data-start=\"3217\" data-end=\"3262\">Tseramiidide, f\u00fctosteroole ja rasvhappeid<\/strong> sisaldav kompleks tugevdab naha loomulikku lipiidbarj\u00e4\u00e4ri, s\u00e4ilitades niiskustasakaalu ja v\u00e4ltides kuivust. <strong data-start=\"3371\" data-end=\"3388\">Draakonivilja<\/strong> ja <strong data-start=\"3392\" data-end=\"3412\">saskatooni marja<\/strong> ekstraktid pakuvad antioks\u00fcdantset kaitset, parandavad naha toonust ja aitavad ennetada enneaegset vananemist.<br data-start=\"3523\" data-end=\"3526\" \/>Aktiivne <strong data-start=\"3535\" data-end=\"3555\">rauaheksapeptiid<\/strong> toetab rakkude taastumist, samas kui <strong data-start=\"3593\" data-end=\"3619\">N-atset\u00fc\u00fclgl\u00fckoosamiin<\/strong> toimib s\u00fcnergiliselt vitamiin A-ga, suurendades h\u00fcaluroonhappe tootmist ja tagades pikaajalise niisutuse.<\/p>\n<p data-start=\"3729\" data-end=\"3882\">Siidine tekstuur sulandub nahka hetkega, j\u00e4ttes selle pehmeks, siledaks ja s\u00fcgavalt toidetuks. Hommikul on nahk n\u00e4htavalt elastsem, klaarim ja s\u00e4ravam.<\/p>\n<p data-start=\"3884\" data-end=\"4348\"><strong data-start=\"3884\" data-end=\"3910\">Aktiivsed koostisosad:<\/strong><br data-start=\"3910\" data-end=\"3913\" \/>\u2013 <strong data-start=\"3915\" data-end=\"3940\">Tseramiidide kompleks<\/strong> \u2013 taastab ja tugevdab naha kaitsebarj\u00e4\u00e4ri.<br data-start=\"3983\" data-end=\"3986\" \/>\u2013 <strong data-start=\"3988\" data-end=\"4032\">Rakke taastav peptiid (rauaheksapeptiid)<\/strong> \u2013 neutraliseerib vabu radikaale ja ennetab vananemist.<br data-start=\"4087\" data-end=\"4090\" \/>\u2013 <strong data-start=\"4092\" data-end=\"4121\">Saskatooni marja ekstrakt<\/strong> \u2013 rikas antioks\u00fcdantide poolest, kaitseb ja tugevdab nahka.<br data-start=\"4181\" data-end=\"4184\" \/>\u2013 <strong data-start=\"4186\" data-end=\"4212\">Draakonivilja ekstrakt<\/strong> \u2013 toniseerib ja parandab naha jumet.<br data-start=\"4249\" data-end=\"4252\" \/>\u2013 <strong data-start=\"4254\" data-end=\"4280\">N-atset\u00fc\u00fclgl\u00fckoosamiin<\/strong> \u2013 suurendab h\u00fcaluroonhappe tootmist ja t\u00e4iendab retinooli toimet.<\/p>\n<p data-start=\"4350\" data-end=\"4367\"><strong data-start=\"4350\" data-end=\"4359\">Maht:<\/strong> 50 ml<\/p>\n","protected":false},"excerpt":{"rendered":"<p data-start=\"2507\" data-end=\"2544\">Noorendav ja taastav \u00f6\u00f6kreem<\/p>\n<h2 data-start=\"2546\" data-end=\"2844\"><strong data-start=\"2546\" data-end=\"2591\">MEDIK8 &#8211; Advanced Night Restore\u2122 omadused<\/strong><\/h2>\n<p data-start=\"2546\" data-end=\"2844\">\u2714\ufe0f Taastab, toidab ja tugevdab nahka \u00f6\u00f6 jooksul<br data-start=\"2641\" data-end=\"2644\" \/>\u2714\ufe0f Toetab ja v\u00f5imendab retinooli toimet<br data-start=\"2683\" data-end=\"2686\" \/>\u2714\ufe0f Niisutab s\u00fcgavuti ja parandab elastsust<br data-start=\"2728\" data-end=\"2731\" \/>\u2714\ufe0f Tugevdab naha kaitsebarj\u00e4\u00e4ri ja v\u00f5itleb vabade radikaalidega<br data-start=\"2794\" data-end=\"2797\" \/>\u2714\ufe0f Muudab naha siledaks, pringiks ja v\u00e4rskeks<\/p>\n<p><span style=\"text-decoration: underline; color: #0000ff;\"><span style=\"font-weight: 400;\"><a style=\"color: #0000ff;\" href=\"https:\/\/skinstudio.ee\/toode\/medik8\/advanced-night-restore-travel-size-125ml\/\">Saadaval Advance Night Restore Travel-Size 12,5ml<\/a><\/span><\/span><\/p>\n","protected":false},"featured_media":3832,"template":"","meta":[],"pwb-brand":[572],"product_brand":[],"product_cat":[190,228,103,222],"product_tag":[],"giftcard-category":[],"class_list":{"0":"post-8315","1":"product","2":"type-product","3":"status-publish","4":"has-post-thumbnail","6":"pwb-brand-medik8","7":"product_cat-kuiv-nahk","8":"product_cat-niisutamine-et","9":"product_cat-tundlik-nahk","10":"product_cat-vananemisvastane","11":"pa_suurus-12-5ml","12":"pa_suurus-50ml","14":"first","15":"instock","16":"taxable","17":"shipping-taxable","18":"purchasable","19":"product-type-simple"},"acf":[],"brands":[{"id":572,"name":"Medik8","slug":"medik8"}],"_links":{"self":[{"href":"https:\/\/skinstudio.ee\/lv\/wp-json\/wp\/v2\/product\/8315","targetHints":{"allow":["GET"]}}],"collection":[{"href":"https:\/\/skinstudio.ee\/lv\/wp-json\/wp\/v2\/product"}],"about":[{"href":"https:\/\/skinstudio.ee\/lv\/wp-json\/wp\/v2\/types\/product"}],"version-history":[{"count":0,"href":"https:\/\/skinstudio.ee\/lv\/wp-json\/wp\/v2\/product\/8315\/revisions"}],"wp:featuredmedia":[{"embeddable":true,"href":"https:\/\/skinstudio.ee\/lv\/wp-json\/wp\/v2\/media\/3832"}],"wp:attachment":[{"href":"https:\/\/skinstudio.ee\/lv\/wp-json\/wp\/v2\/media?parent=8315"}],"wp:term":[{"taxonomy":"pwb-brand","embeddable":true,"href":"https:\/\/skinstudio.ee\/lv\/wp-json\/wp\/v2\/pwb-brand?post=8315"},{"taxonomy":"product_brand","embeddable":true,"href":"https:\/\/skinstudio.ee\/lv\/wp-json\/wp\/v2\/product_brand?post=8315"},{"taxonomy":"product_cat","embeddable":true,"href":"https:\/\/skinstudio.ee\/lv\/wp-json\/wp\/v2\/product_cat?post=8315"},{"taxonomy":"product_tag","embeddable":true,"href":"https:\/\/skinstudio.ee\/lv\/wp-json\/wp\/v2\/product_tag?post=8315"},{"taxonomy":"giftcard-category","embeddable":true,"href":"https:\/\/skinstudio.ee\/lv\/wp-json\/wp\/v2\/giftcard-category?post=8315"}],"curies":[{"name":"wp","href":"https:\/\/api.w.org\/{rel}","templated":true}]}}