{"id":84315,"date":"2026-03-05T08:16:56","date_gmt":"2026-03-05T08:16:56","guid":{"rendered":"https:\/\/skinstudio.ee\/?post_type=product&#038;p=84315"},"modified":"2026-03-05T08:22:37","modified_gmt":"2026-03-05T08:22:37","slug":"hyalogy-clg-essence","status":"publish","type":"product","link":"https:\/\/skinstudio.ee\/lv\/catalog\/forlled\/hyalogy-clg-essence\/","title":{"rendered":"Hyalogy CLG Essence"},"content":{"rendered":"<p data-start=\"162\" data-end=\"552\"><strong data-start=\"162\" data-end=\"186\">Hyalogy CLG Essence no Forlled<\/strong> ir augsti koncentr\u0113ts biotehnolo\u0123isks serums intens\u012bvai \u0101das tvirtuma un bl\u012bvuma atjauno\u0161anai. Formula izstr\u0101d\u0101ta, izmantojot ferment\u0113tu kolag\u0113na \u016bdeni un m\u016bsdien\u012bgus probiotiskos kompleksus, kas veicina \u0101das atjauno\u0161anos, uzlabo t\u0101s strukt\u016bru un palielina dabisko elast\u012bbu. Serums padara \u0101du glud\u0101ku, bl\u012bv\u0101ku un starojo\u0161\u0101ku, atjaunojot komforta un svaiguma saj\u016btu.<\/p>\n<p data-start=\"554\" data-end=\"835\">Formul\u0101 izmantots ferment\u0113ts kolag\u0113ns un pept\u012bdu komplekss, kas atbalsta \u0101das atjauno\u0161an\u0101s procesus un stiprina t\u0101s strukt\u016bru. Akt\u012bv\u0101s sast\u0101vda\u013cas uzlabo \u0101das bl\u012bvumu, palielina t\u0101s tonusu un izl\u012bdzina nevienm\u0113r\u012bgu tekst\u016bru. Rezult\u0101t\u0101 \u0101da k\u013c\u016bst glud\u0101ka, maig\u0101ka un vizu\u0101li jaun\u0101ka.<\/p>\n<p data-start=\"837\" data-end=\"1140\">Hyalogy CLG Essence nodro\u0161ina ar\u012b intens\u012bvu mitrin\u0101\u0161anu un pal\u012bdz uztur\u0113t optim\u0101lu mitruma l\u012bdzsvaru \u0101d\u0101. Viegl\u0101 seruma tekst\u016bra viegli izklied\u0113jas un komfortabli ies\u016bcas, nep\u0101rslogojot \u0101du. Regul\u0101ra lieto\u0161ana padara \u0101du bl\u012bv\u0101ku, starojo\u0161\u0101ku un vizu\u0101li tvirt\u0101ku, bet \u0101das virsma k\u013c\u016bst vienm\u0113r\u012bg\u0101ka un glud\u0101ka.<\/p>\n<p data-start=\"1142\" data-end=\"1396\"><strong data-start=\"1142\" data-end=\"1170\">Kam piem\u0113rots Hyalogy CLG Essence:<\/strong> \u0101dai ar samazin\u0101tu tvirtumu un tonusu, kas ir pak\u013cauta sausumam, pl\u0101n\u0101kai strukt\u016brai un vecuma paz\u012bm\u0113m. Piem\u0113rots visiem \u0101das tipiem, tostarp jut\u012bgai \u0101dai, \u012bpa\u0161i gad\u012bjumos, kad nepiecie\u0161ams atjaunot \u0101das bl\u012bvumu un starojumu.<\/p>\n<p data-start=\"1398\" data-end=\"1416\"><strong data-start=\"1398\" data-end=\"1410\">Tilpums:<\/strong> 30 ml<\/p>\n","protected":false},"excerpt":{"rendered":"<p data-start=\"1617\" data-end=\"1644\">Atjaunojo\u0161s kolag\u0113na serums<\/p>\n<h2 data-start=\"1646\" data-end=\"1688\"><strong data-start=\"1646\" data-end=\"1688\">\u012apa\u0161\u012bbas Forlled &#8211; Hyalogy CLG Essence<\/strong><\/h2>\n<p data-start=\"1690\" data-end=\"1909\">\u2714\ufe0f Palielina \u0101das bl\u012bvumu un tvirtumu<br data-start=\"1727\" data-end=\"1730\" \/>\u2714\ufe0f Izl\u012bdzina grumbas un nevienm\u0113r\u012bgu tekst\u016bru<br data-start=\"1775\" data-end=\"1778\" \/>\u2714\ufe0f Pastiprina \u0101das dabisko kolag\u0113na sint\u0113zi<br data-start=\"1821\" data-end=\"1824\" \/>\u2714\ufe0f Intens\u012bvi mitrina un piepilda \u0101du<br data-start=\"1860\" data-end=\"1863\" \/>\u2714\ufe0f Padara \u0101du glud\u0101ku, starojo\u0161\u0101ku un tvirt\u0101ku<\/p>\n","protected":false},"featured_media":84328,"template":"","meta":[],"pwb-brand":[776],"product_brand":[],"product_cat":[749,739,723],"product_tag":[],"giftcard-category":[],"class_list":{"0":"post-84315","1":"product","2":"type-product","3":"status-publish","4":"has-post-thumbnail","6":"pwb-brand-forlled","7":"product_cat-novecojosa-ada","8":"product_cat-sausai-adai","9":"product_cat-serumi","11":"first","12":"instock","13":"taxable","14":"shipping-taxable","15":"purchasable","16":"product-type-simple"},"acf":[],"brands":[{"id":776,"name":"Forlled","slug":"forlled"}],"_links":{"self":[{"href":"https:\/\/skinstudio.ee\/lv\/wp-json\/wp\/v2\/product\/84315","targetHints":{"allow":["GET"]}}],"collection":[{"href":"https:\/\/skinstudio.ee\/lv\/wp-json\/wp\/v2\/product"}],"about":[{"href":"https:\/\/skinstudio.ee\/lv\/wp-json\/wp\/v2\/types\/product"}],"version-history":[{"count":2,"href":"https:\/\/skinstudio.ee\/lv\/wp-json\/wp\/v2\/product\/84315\/revisions"}],"predecessor-version":[{"id":84317,"href":"https:\/\/skinstudio.ee\/lv\/wp-json\/wp\/v2\/product\/84315\/revisions\/84317"}],"wp:featuredmedia":[{"embeddable":true,"href":"https:\/\/skinstudio.ee\/lv\/wp-json\/wp\/v2\/media\/84328"}],"wp:attachment":[{"href":"https:\/\/skinstudio.ee\/lv\/wp-json\/wp\/v2\/media?parent=84315"}],"wp:term":[{"taxonomy":"pwb-brand","embeddable":true,"href":"https:\/\/skinstudio.ee\/lv\/wp-json\/wp\/v2\/pwb-brand?post=84315"},{"taxonomy":"product_brand","embeddable":true,"href":"https:\/\/skinstudio.ee\/lv\/wp-json\/wp\/v2\/product_brand?post=84315"},{"taxonomy":"product_cat","embeddable":true,"href":"https:\/\/skinstudio.ee\/lv\/wp-json\/wp\/v2\/product_cat?post=84315"},{"taxonomy":"product_tag","embeddable":true,"href":"https:\/\/skinstudio.ee\/lv\/wp-json\/wp\/v2\/product_tag?post=84315"},{"taxonomy":"giftcard-category","embeddable":true,"href":"https:\/\/skinstudio.ee\/lv\/wp-json\/wp\/v2\/giftcard-category?post=84315"}],"curies":[{"name":"wp","href":"https:\/\/api.w.org\/{rel}","templated":true}]}}