{"id":84376,"date":"2026-03-05T08:43:51","date_gmt":"2026-03-05T08:43:51","guid":{"rendered":"https:\/\/skinstudio.ee\/?post_type=product&#038;p=84376"},"modified":"2026-03-05T08:47:27","modified_gmt":"2026-03-05T08:47:27","slug":"hyalogy-clg-cream","status":"publish","type":"product","link":"https:\/\/skinstudio.ee\/lv\/catalog\/forlled\/hyalogy-clg-cream\/","title":{"rendered":"Hyalogy CLG Cream"},"content":{"rendered":"<p data-start=\"149\" data-end=\"608\"><strong data-start=\"149\" data-end=\"181\">Hyalogy CLG Cream no Forlled<\/strong> ir intens\u012bvs atjaunojo\u0161s liftinga kr\u0113ms, kas izstr\u0101d\u0101ts, izmantojot jauno <strong data-start=\"256\" data-end=\"290\">CLG (Collagen Line Generation)<\/strong> tehnolo\u0123iju. T\u0101 ir inovat\u012bva Forlled izstr\u0101de, kas paredz\u0113ta \u0101das bl\u012bvuma atjauno\u0161anai, t\u0101s strukt\u016bras stiprin\u0101\u0161anai un dabisk\u0101s kolag\u0113na sint\u0113zes atbalstam. Formula apvieno ferment\u0113tu kolag\u0113nu, pept\u012bdus un biotehnolo\u0123iskas akt\u012bv\u0101s vielas, kas stiprina \u0101das ekstracelul\u0101ro matriksu un uzlabo t\u0101s tvirtumu un elast\u012bbu.<\/p>\n<p data-start=\"610\" data-end=\"899\">Formulas akt\u012bv\u0101s sast\u0101vda\u013cas nodro\u0161ina dzi\u013cu mitrin\u0101\u0161anu, baro\u0161anu un \u0101das atjauno\u0161anu. Kolag\u0113na kompleksi un pept\u012bdi stiprina \u0101das strukt\u016bru, uzlabo t\u0101s tonusu un atbalsta dabisko elast\u012bbu. Antioksidanti pal\u012bdz aizsarg\u0101t \u0101du no \u0101r\u0113j\u0101s vides ietekmes un atbalsta t\u0101s atjauno\u0161an\u0101s procesus.<\/p>\n<p data-start=\"901\" data-end=\"1121\">Regul\u0101ra <strong data-start=\"910\" data-end=\"931\">Hyalogy CLG Cream<\/strong> lieto\u0161ana padara \u0101du bl\u012bv\u0101ku, glud\u0101ku un tvirt\u0101ku. \u0100das tekst\u016bra k\u013c\u016bst vienm\u0113r\u012bg\u0101ka, tonis uzlabojas, un pastiprin\u0101s dab\u012bgais mirdzums, padarot \u0101du svaig\u0101ku, tvirt\u0101ku un vesel\u012bg\u0101ka izskata.<\/p>\n<p data-start=\"1123\" data-end=\"1419\"><strong data-start=\"1123\" data-end=\"1159\">Kam piem\u0113rots Hyalogy CLG Cream:<\/strong> \u0101dai ar samazin\u0101tu tvirtumu un bl\u012bvumu, kas ir pak\u013cauta sausumam, bl\u0101vam tonim un noveco\u0161an\u0101s paz\u012bm\u0113m. Piem\u0113rots visiem \u0101das tipiem, tostarp jut\u012bgai \u0101dai, k\u0101 ar\u012b \u0101dai p\u0113c est\u0113tisk\u0101m proced\u016br\u0101m vai gad\u012bjumos, kad nepiecie\u0161ams atjaunot \u0101das bl\u012bvumu un mirdzumu.<\/p>\n<p data-start=\"1421\" data-end=\"1438\"><strong data-start=\"1421\" data-end=\"1433\">Tilpums:<\/strong> 50 g<\/p>\n","protected":false},"excerpt":{"rendered":"<p data-start=\"1706\" data-end=\"1742\">Intens\u012bvs liftinga kr\u0113ms ar kolag\u0113nu<\/p>\n<h2 data-start=\"1744\" data-end=\"1784\"><strong data-start=\"1744\" data-end=\"1784\">\u012apa\u0161\u012bbas Forlled &#8211; Hyalogy CLG Cream<\/strong><\/h2>\n<p data-start=\"1786\" data-end=\"2002\">\u2714\ufe0f Palielina \u0101das bl\u012bvumu un tvirtumu<br data-start=\"1823\" data-end=\"1826\" \/>\u2714\ufe0f Izl\u012bdzina \u0101das tekst\u016bru un uzlabo t\u0101s toni<br data-start=\"1871\" data-end=\"1874\" \/>\u2714\ufe0f Atbalsta dabisko kolag\u0113na sint\u0113zi \u0101d\u0101<br data-start=\"1914\" data-end=\"1917\" \/>\u2714\ufe0f Intens\u012bvi mitrina un stiprina \u0101du<br data-start=\"1953\" data-end=\"1956\" \/>\u2714\ufe0f Padara \u0101du glud\u0101ku, starojo\u0161\u0101ku un tvirt\u0101ku<\/p>\n","protected":false},"featured_media":84369,"template":"","meta":[],"pwb-brand":[776],"product_brand":[],"product_cat":[737,749,739],"product_tag":[],"giftcard-category":[],"class_list":{"0":"post-84376","1":"product","2":"type-product","3":"status-publish","4":"has-post-thumbnail","6":"pwb-brand-forlled","7":"product_cat-mitrinasana","8":"product_cat-novecojosa-ada","9":"product_cat-sausai-adai","11":"first","12":"instock","13":"taxable","14":"shipping-taxable","15":"purchasable","16":"product-type-simple"},"acf":[],"brands":[{"id":776,"name":"Forlled","slug":"forlled"}],"_links":{"self":[{"href":"https:\/\/skinstudio.ee\/lv\/wp-json\/wp\/v2\/product\/84376","targetHints":{"allow":["GET"]}}],"collection":[{"href":"https:\/\/skinstudio.ee\/lv\/wp-json\/wp\/v2\/product"}],"about":[{"href":"https:\/\/skinstudio.ee\/lv\/wp-json\/wp\/v2\/types\/product"}],"version-history":[{"count":1,"href":"https:\/\/skinstudio.ee\/lv\/wp-json\/wp\/v2\/product\/84376\/revisions"}],"predecessor-version":[{"id":84377,"href":"https:\/\/skinstudio.ee\/lv\/wp-json\/wp\/v2\/product\/84376\/revisions\/84377"}],"wp:featuredmedia":[{"embeddable":true,"href":"https:\/\/skinstudio.ee\/lv\/wp-json\/wp\/v2\/media\/84369"}],"wp:attachment":[{"href":"https:\/\/skinstudio.ee\/lv\/wp-json\/wp\/v2\/media?parent=84376"}],"wp:term":[{"taxonomy":"pwb-brand","embeddable":true,"href":"https:\/\/skinstudio.ee\/lv\/wp-json\/wp\/v2\/pwb-brand?post=84376"},{"taxonomy":"product_brand","embeddable":true,"href":"https:\/\/skinstudio.ee\/lv\/wp-json\/wp\/v2\/product_brand?post=84376"},{"taxonomy":"product_cat","embeddable":true,"href":"https:\/\/skinstudio.ee\/lv\/wp-json\/wp\/v2\/product_cat?post=84376"},{"taxonomy":"product_tag","embeddable":true,"href":"https:\/\/skinstudio.ee\/lv\/wp-json\/wp\/v2\/product_tag?post=84376"},{"taxonomy":"giftcard-category","embeddable":true,"href":"https:\/\/skinstudio.ee\/lv\/wp-json\/wp\/v2\/giftcard-category?post=84376"}],"curies":[{"name":"wp","href":"https:\/\/api.w.org\/{rel}","templated":true}]}}