{"id":84440,"date":"2026-03-05T09:23:54","date_gmt":"2026-03-05T09:23:54","guid":{"rendered":"https:\/\/skinstudio.ee\/?post_type=product&#038;p=84440"},"modified":"2026-03-05T09:26:38","modified_gmt":"2026-03-05T09:26:38","slug":"neck-complex","status":"publish","type":"product","link":"https:\/\/skinstudio.ee\/lv\/catalog\/zo-skin-health-lv\/neck-complex\/","title":{"rendered":"Neck Complex"},"content":{"rendered":"<p data-start=\"269\" data-end=\"770\"><strong data-start=\"269\" data-end=\"304\">Neck Complex no ZO\u00ae SKIN HEALTH<\/strong> ir pretnoveco\u0161an\u0101s kr\u0113ms kakla un dekolt\u0113 zonai, kas pal\u012bdz uzlabot \u0101das tvirtumu, bl\u012bvumu un tekst\u016bru. Formula iedarbojas uz redzam\u0101m grumb\u0101m un horizont\u0101l\u0101m l\u012bnij\u0101m kakla zon\u0101, vienlaikus uzlabojot \u0101das elast\u012bbu un padarot kakla kont\u016bru izteikt\u0101ku. Kr\u0113ms pal\u012bdz izl\u012bdzin\u0101t \u0101das toni, samazin\u0101t bl\u0101vumu un pie\u0161\u0137irt \u0101dai svaig\u0101ku un vesel\u012bg\u0101ku izskatu. Bag\u0101t\u012bg\u0101, bet viegl\u0101 tekst\u016bra nodro\u0161ina ilgsto\u0161u mitrin\u0101\u0161anu un padara \u0101du glud\u0101ku, maig\u0101ku un vizu\u0101li tvirt\u0101ku.<\/p>\n<h3 data-start=\"772\" data-end=\"816\">K\u0101 darbojas galven\u0101s akt\u012bv\u0101s sast\u0101vda\u013cas<\/h3>\n<ul data-start=\"818\" data-end=\"1107\">\n<li data-start=\"818\" data-end=\"922\">\n<p data-start=\"820\" data-end=\"922\"><strong data-start=\"820\" data-end=\"838\">ZPRO\u00ae Complex:<\/strong> atbalsta dabisko kolag\u0113na un hialuronsk\u0101bes atjauno\u0161anos, stiprinot \u0101das strukt\u016bru.<\/p>\n<\/li>\n<li data-start=\"924\" data-end=\"1022\">\n<p data-start=\"926\" data-end=\"1022\"><strong data-start=\"926\" data-end=\"958\">Arginine\/Lysine Polypeptide:<\/strong> uzlabo \u0101das elast\u012bbu un pal\u012bdz veidot izteikt\u0101ku kakla kont\u016bru.<\/p>\n<\/li>\n<li data-start=\"1024\" data-end=\"1107\">\n<p data-start=\"1026\" data-end=\"1107\"><strong data-start=\"1026\" data-end=\"1053\">Diglucosyl Gallic Acid:<\/strong> pal\u012bdz izl\u012bdzin\u0101t \u0101das toni un pie\u0161\u0137ir \u0101dai mirdzumu.<\/p>\n<\/li>\n<\/ul>\n<h3 data-start=\"1109\" data-end=\"1141\">Kl\u012bniski pier\u0101d\u012bti rezult\u0101ti<\/h3>\n<p data-start=\"1143\" data-end=\"1320\">\u2714 <strong data-start=\"1145\" data-end=\"1152\">98%<\/strong> lietot\u0101ju atz\u012bm\u0113ja maig\u0101ku un glud\u0101ku \u0101du<br data-start=\"1194\" data-end=\"1197\" \/>\u2714 <strong data-start=\"1199\" data-end=\"1206\">91%<\/strong> paman\u012bja maz\u0101k redzamas l\u012bnijas un grumbas<br data-start=\"1249\" data-end=\"1252\" \/>\u2714 <strong data-start=\"1254\" data-end=\"1261\">89%<\/strong> nov\u0113roja \u201ccrepey skin\u201d samazin\u0101\u0161anos kakla un dekolt\u0113 zon\u0101<\/p>\n<p data-start=\"1322\" data-end=\"1458\"><strong data-start=\"1322\" data-end=\"1352\">Kam piem\u0113rots Neck Complex<\/strong><br data-start=\"1352\" data-end=\"1355\" \/>kakla un dekolt\u0113 zonas \u0101dai ar samazin\u0101tu elast\u012bbu, nevienm\u0113r\u012bgu \u0101das toni, grumb\u0101m un kont\u016bras zudumu.<\/p>\n<p data-start=\"1460\" data-end=\"1478\"><strong data-start=\"1460\" data-end=\"1472\">Tilpums:<\/strong> 50 ml<\/p>\n","protected":false},"excerpt":{"rendered":"<p data-start=\"1610\" data-end=\"1649\">Pretnoveco\u0161an\u0101s kr\u0113ms kaklam un dekolt\u0113<\/p>\n<h2 data-start=\"1651\" data-end=\"1694\"><strong data-start=\"1651\" data-end=\"1694\">\u012apa\u0161\u012bbas ZO\u00ae SKIN HEALTH &#8211; Neck Complex<\/strong><\/h2>\n<p data-start=\"1696\" data-end=\"1856\">\u2714\ufe0f Uzlabo kakla \u0101das tvirtumu<br data-start=\"1725\" data-end=\"1728\" \/>\u2714\ufe0f Padara kakla kont\u016bru izteikt\u0101ku<br data-start=\"1762\" data-end=\"1765\" \/>\u2714\ufe0f Samazina l\u012bnijas un grumbas<br data-start=\"1795\" data-end=\"1798\" \/>\u2714\ufe0f Izl\u012bdzina \u0101das toni<br data-start=\"1820\" data-end=\"1823\" \/>\u2714\ufe0f Nodro\u0161ina ilgsto\u0161u mitrin\u0101\u0161anu<\/p>\n","protected":false},"featured_media":84412,"template":"","meta":[],"pwb-brand":[1186],"product_brand":[],"product_cat":[1406,757,749],"product_tag":[],"giftcard-category":[],"class_list":{"0":"post-84440","1":"product","2":"type-product","3":"status-publish","4":"has-post-thumbnail","6":"pwb-brand-zo-skin-health-lv","7":"product_cat-jaunumi","8":"product_cat-kermena-kopsana","9":"product_cat-novecojosa-ada","11":"first","12":"instock","13":"sale","14":"taxable","15":"shipping-taxable","16":"purchasable","17":"product-type-simple"},"acf":[],"brands":[{"id":1186,"name":"ZO\u00ae SKIN HEALTH","slug":"zo-skin-health-lv"}],"_links":{"self":[{"href":"https:\/\/skinstudio.ee\/lv\/wp-json\/wp\/v2\/product\/84440","targetHints":{"allow":["GET"]}}],"collection":[{"href":"https:\/\/skinstudio.ee\/lv\/wp-json\/wp\/v2\/product"}],"about":[{"href":"https:\/\/skinstudio.ee\/lv\/wp-json\/wp\/v2\/types\/product"}],"version-history":[{"count":1,"href":"https:\/\/skinstudio.ee\/lv\/wp-json\/wp\/v2\/product\/84440\/revisions"}],"predecessor-version":[{"id":84441,"href":"https:\/\/skinstudio.ee\/lv\/wp-json\/wp\/v2\/product\/84440\/revisions\/84441"}],"wp:featuredmedia":[{"embeddable":true,"href":"https:\/\/skinstudio.ee\/lv\/wp-json\/wp\/v2\/media\/84412"}],"wp:attachment":[{"href":"https:\/\/skinstudio.ee\/lv\/wp-json\/wp\/v2\/media?parent=84440"}],"wp:term":[{"taxonomy":"pwb-brand","embeddable":true,"href":"https:\/\/skinstudio.ee\/lv\/wp-json\/wp\/v2\/pwb-brand?post=84440"},{"taxonomy":"product_brand","embeddable":true,"href":"https:\/\/skinstudio.ee\/lv\/wp-json\/wp\/v2\/product_brand?post=84440"},{"taxonomy":"product_cat","embeddable":true,"href":"https:\/\/skinstudio.ee\/lv\/wp-json\/wp\/v2\/product_cat?post=84440"},{"taxonomy":"product_tag","embeddable":true,"href":"https:\/\/skinstudio.ee\/lv\/wp-json\/wp\/v2\/product_tag?post=84440"},{"taxonomy":"giftcard-category","embeddable":true,"href":"https:\/\/skinstudio.ee\/lv\/wp-json\/wp\/v2\/giftcard-category?post=84440"}],"curies":[{"name":"wp","href":"https:\/\/api.w.org\/{rel}","templated":true}]}}