{"id":85156,"date":"2026-03-12T10:07:05","date_gmt":"2026-03-12T10:07:05","guid":{"rendered":"https:\/\/skinstudio.ee\/?post_type=product&#038;p=85156"},"modified":"2026-03-12T10:18:41","modified_gmt":"2026-03-12T10:18:41","slug":"revita-glow-bb-cream","status":"publish","type":"product","link":"https:\/\/skinstudio.ee\/lv\/catalog\/genosys-lv\/revita-glow-bb-cream\/","title":{"rendered":"Revita Glow BB Cream"},"content":{"rendered":"<p data-start=\"354\" data-end=\"636\"><strong data-start=\"354\" data-end=\"401\">Revita Glow BB Cream SPF38 PA+++ no Genosys<\/strong> ir daudzfunkcion\u0101ls BB kr\u0113ms, kas vien\u0101 produkt\u0101 apvieno \u0101das kop\u0161anu, saules aizsardz\u012bbu un dabisku p\u0101rkl\u0101jumu. Tas pal\u012bdz izl\u012bdzin\u0101t \u0101das toni, samazin\u0101t aps\u0101rtumu un nelielas nepiln\u012bbas, pie\u0161\u0137irot sejai svaigu un starojo\u0161u izskatu.<\/p>\n<p data-start=\"638\" data-end=\"883\">Viegl\u0101 tekst\u016bra vienm\u0113r\u012bgi kl\u0101jas uz \u0101das un piel\u0101gojas t\u0101s dabiskajam tonim, radot popul\u0101ro \u201cglass skin\u201d efektu \u2014 gludu, mitrin\u0101tu un dabiski mirdzo\u0161u \u0101du. Kr\u0113ms darbojas gan k\u0101 viegls ton\u0113jo\u0161s l\u012bdzeklis, gan k\u0101 ikdienas \u0101das kop\u0161anas produkts.<\/p>\n<p data-start=\"885\" data-end=\"1041\">Pla\u0161a spektra filtri nodro\u0161ina ikdienas aizsardz\u012bbu pret UV starojumu ar <strong data-start=\"958\" data-end=\"973\">SPF38 PA+++<\/strong>, pal\u012bdzot nov\u0113rst fotonoveco\u0161anos un saglab\u0101t vienm\u0113r\u012bgu \u0101das toni.<\/p>\n<p data-start=\"1043\" data-end=\"1124\">Kr\u0113ms pieejams divos to\u0146os:<br data-start=\"1070\" data-end=\"1073\" \/>Bright &#8211; gai\u0161ai \u0101dai<br data-start=\"1093\" data-end=\"1096\" \/>Natural &#8211; dab\u012bgs b\u0113\u0161s tonis.<\/p>\n<p data-start=\"1126\" data-end=\"1158\"><strong data-start=\"1126\" data-end=\"1158\">Galven\u0101s akt\u012bv\u0101s sast\u0101vda\u013cas<\/strong><\/p>\n<p data-start=\"1160\" data-end=\"1228\"><strong data-start=\"1160\" data-end=\"1175\">Niacinam\u012bds<\/strong> &#8211; pal\u012bdz izl\u012bdzin\u0101t \u0101das toni un mazin\u0101t aps\u0101rtumu<\/p>\n<p data-start=\"1230\" data-end=\"1323\"><strong data-start=\"1230\" data-end=\"1259\">Hidroliz\u0113ta hialuronsk\u0101be<\/strong> &#8211; nodro\u0161ina dzi\u013cu mitrin\u0101\u0161anu un pal\u012bdz saglab\u0101t \u0101das gludumu<\/p>\n<p data-start=\"1325\" data-end=\"1403\"><strong data-start=\"1325\" data-end=\"1356\">Centella Asiatica ekstrakts<\/strong> &#8211; nomierina \u0101du un atbalsta t\u0101s atjauno\u0161anos<\/p>\n<p data-start=\"1405\" data-end=\"1488\">Piem\u0113rots visiem \u0101das tipiem, \u012bpa\u0161i bl\u0101vai un dehidr\u0113tai \u0101dai ar nevienm\u0113r\u012bgu toni.<\/p>\n<p data-start=\"1490\" data-end=\"1508\"><strong data-start=\"1490\" data-end=\"1508\">Tilpums: 50 ml<\/strong><\/p>\n","protected":false},"excerpt":{"rendered":"<p data-start=\"8\" data-end=\"33\">Mirdzo\u0161s BB kr\u0113ms sejai<\/p>\n<h2 data-start=\"35\" data-end=\"90\"><strong data-start=\"35\" data-end=\"90\">\u012apa\u0161\u012bbas Genosys &#8211; Revita Glow BB Cream<\/strong><\/h2>\n<p data-start=\"92\" data-end=\"338\">\u2714\ufe0f Izl\u012bdzina \u0101das toni un pal\u012bdz mask\u0113t aps\u0101rtumu<br data-start=\"141\" data-end=\"144\" \/>\u2714\ufe0f Pie\u0161\u0137ir \u0101dai dabisku mirdzumu<br data-start=\"176\" data-end=\"179\" \/>\u2714\ufe0f Nodro\u0161ina ikdienas aizsardz\u012bbu pret UVA un UVB stariem<br data-start=\"236\" data-end=\"239\" \/>\u2714\ufe0f Pal\u012bdz uztur\u0113t \u0101das mitrin\u0101\u0161anu un komfortu visas dienas garum\u0101<br data-start=\"305\" data-end=\"308\" \/>\u2714\ufe0f Padara \u0101du gludu un koptu<\/p>\n","protected":false},"featured_media":85134,"template":"","meta":[],"pwb-brand":[1241],"product_brand":[],"product_cat":[770,1406,731],"product_tag":[],"giftcard-category":[],"class_list":{"0":"post-85156","1":"product","2":"type-product","3":"status-publish","4":"has-post-thumbnail","6":"pwb-brand-genosys-lv","7":"product_cat-grims","8":"product_cat-jaunumi","9":"product_cat-spf-aizsardziba","11":"first","12":"instock","13":"taxable","14":"shipping-taxable","15":"purchasable","16":"product-type-variable"},"acf":[],"brands":[{"id":1241,"name":"Genosys","slug":"genosys-lv"}],"_links":{"self":[{"href":"https:\/\/skinstudio.ee\/lv\/wp-json\/wp\/v2\/product\/85156","targetHints":{"allow":["GET"]}}],"collection":[{"href":"https:\/\/skinstudio.ee\/lv\/wp-json\/wp\/v2\/product"}],"about":[{"href":"https:\/\/skinstudio.ee\/lv\/wp-json\/wp\/v2\/types\/product"}],"version-history":[{"count":2,"href":"https:\/\/skinstudio.ee\/lv\/wp-json\/wp\/v2\/product\/85156\/revisions"}],"predecessor-version":[{"id":85164,"href":"https:\/\/skinstudio.ee\/lv\/wp-json\/wp\/v2\/product\/85156\/revisions\/85164"}],"wp:featuredmedia":[{"embeddable":true,"href":"https:\/\/skinstudio.ee\/lv\/wp-json\/wp\/v2\/media\/85134"}],"wp:attachment":[{"href":"https:\/\/skinstudio.ee\/lv\/wp-json\/wp\/v2\/media?parent=85156"}],"wp:term":[{"taxonomy":"pwb-brand","embeddable":true,"href":"https:\/\/skinstudio.ee\/lv\/wp-json\/wp\/v2\/pwb-brand?post=85156"},{"taxonomy":"product_brand","embeddable":true,"href":"https:\/\/skinstudio.ee\/lv\/wp-json\/wp\/v2\/product_brand?post=85156"},{"taxonomy":"product_cat","embeddable":true,"href":"https:\/\/skinstudio.ee\/lv\/wp-json\/wp\/v2\/product_cat?post=85156"},{"taxonomy":"product_tag","embeddable":true,"href":"https:\/\/skinstudio.ee\/lv\/wp-json\/wp\/v2\/product_tag?post=85156"},{"taxonomy":"giftcard-category","embeddable":true,"href":"https:\/\/skinstudio.ee\/lv\/wp-json\/wp\/v2\/giftcard-category?post=85156"}],"curies":[{"name":"wp","href":"https:\/\/api.w.org\/{rel}","templated":true}]}}