{"id":85184,"date":"2026-03-12T11:06:44","date_gmt":"2026-03-12T11:06:44","guid":{"rendered":"https:\/\/skinstudio.ee\/?post_type=product&#038;p=85184"},"modified":"2026-03-13T09:19:33","modified_gmt":"2026-03-13T09:19:33","slug":"resurface-repair-pads","status":"publish","type":"product","link":"https:\/\/skinstudio.ee\/lv\/catalog\/hydropeptide-lv\/resurface-repair-pads\/","title":{"rendered":"Resurface &#038; Repair Pads"},"content":{"rendered":"<p data-start=\"265\" data-end=\"587\"><strong data-start=\"265\" data-end=\"308\">Resurface &amp; Repair Pads no HydroPeptide<\/strong> ir divpak\u0101pju \u0101das atjaunojo\u0161ie spilventi\u0146i, kas paredz\u0113ti maigai, bet efekt\u012bvai \u0101das atjauno\u0161anai, tekst\u016bras izl\u012bdzin\u0101\u0161anai un kop\u0113j\u0101 \u0101das to\u0146a uzlabo\u0161anai. Formula apvieno sk\u0101bju eksfoli\u0101ciju un pept\u012bdu bag\u0101tu atjaunojo\u0161u kop\u0161anu, padarot \u0101du glud\u0101ku, svaig\u0101ku un starojo\u0161\u0101ku.<\/p>\n<p data-start=\"589\" data-end=\"814\">Pirmais solis satur sk\u0101bju kompleksu, kas \u0161\u0137\u012bdina atmiru\u0161\u0101s \u0101das \u0161\u016bnas un att\u012bra \u0101das virsmu. Otrais solis ir bag\u0101tin\u0101ts ar pept\u012bdiem un atjaunojo\u0161\u0101m sast\u0101vda\u013c\u0101m, kas stiprina \u0101das aizsargbarjeru un veicina \u0101das atjauno\u0161anos.<\/p>\n<p data-start=\"816\" data-end=\"975\">Sk\u0101bju, niacinam\u012bda un pept\u012bdu kombin\u0101cija izl\u012bdzina \u0101das tekst\u016bru, padara \u0101das toni vienm\u0113r\u012bg\u0101ku, samazina grumbu redzam\u012bbu un atjauno vesel\u012bgu \u0101das mirdzumu.<\/p>\n<p data-start=\"977\" data-end=\"1009\"><strong data-start=\"977\" data-end=\"1009\">Galveno sast\u0101vda\u013cu iedarb\u012bba<\/strong><\/p>\n<p data-start=\"1011\" data-end=\"1125\"><strong data-start=\"1011\" data-end=\"1037\">Micellar CellRenew-16:<\/strong> HydroPeptide patent\u0113ts pept\u012bds, kas uztur \u0101das mitrin\u0101\u0161anu un stimul\u0113 kolag\u0113na sint\u0113zi.<\/p>\n<p data-start=\"1127\" data-end=\"1255\"><strong data-start=\"1127\" data-end=\"1191\">Sk\u0101bju komplekss (Lactic, Glycolic, Salicylic, Lactobionic):<\/strong> eksfoli\u0113 \u0101du, veicina \u0161\u016bnu atjauno\u0161anos un izl\u012bdzina \u0101das toni.<\/p>\n<p data-start=\"1257\" data-end=\"1339\"><strong data-start=\"1257\" data-end=\"1273\">Niacinamide:<\/strong> samazina pigment\u0101cijas redzam\u012bbu un stiprina \u0101das aizsargbarjeru.<\/p>\n<p data-start=\"1341\" data-end=\"1513\"><strong data-start=\"1341\" data-end=\"1383\">Kam piem\u0113rots Resurface &amp; Repair Pads:<\/strong> \u0101dai ar nevienm\u0113r\u012bgu tekst\u016bru, bl\u0101vu toni, pigment\u0101ciju, pirmaj\u0101m noveco\u0161an\u0101s paz\u012bm\u0113m, k\u0101 ar\u012b taukainai un uz akni tend\u0113tai \u0101dai.<\/p>\n<p data-start=\"1515\" data-end=\"1535\"><strong data-start=\"1515\" data-end=\"1527\">Tilpums:<\/strong> 30 p\u0101ri<\/p>\n","protected":false},"excerpt":{"rendered":"<p data-start=\"1906\" data-end=\"1943\">P\u012blinga spilventi\u0146i \u0101das atjauno\u0161anai<\/p>\n<h2 data-start=\"1945\" data-end=\"1996\"><strong data-start=\"1945\" data-end=\"1996\">\u012apa\u0161\u012bbas HydroPeptide &#8211; Resurface &amp; Repair Pads<\/strong><\/h2>\n<p data-start=\"1998\" data-end=\"2188\">\u2714\ufe0f Uzreiz izl\u012bdzina \u0101das tekst\u016bru<br data-start=\"2031\" data-end=\"2034\" \/>\u2714\ufe0f Padara \u0101das toni redzami vienm\u0113r\u012bg\u0101ku<br data-start=\"2074\" data-end=\"2077\" \/>\u2714\ufe0f Padara bl\u0101vu \u0101du starojo\u0161\u0101ku<br data-start=\"2108\" data-end=\"2111\" \/>\u2714\ufe0f Izl\u012bdzina smalk\u0101s l\u012bnijas un grumbas<br data-start=\"2150\" data-end=\"2153\" \/>\u2714\ufe0f Padara \u0101du glud\u0101ku un mirdzo\u0161\u0101ku<\/p>\n","protected":false},"featured_media":85169,"template":"","meta":[],"pwb-brand":[1211],"product_brand":[],"product_cat":[1406,719],"product_tag":[],"giftcard-category":[],"class_list":{"0":"post-85184","1":"product","2":"type-product","3":"status-publish","4":"has-post-thumbnail","6":"pwb-brand-hydropeptide-lv","7":"product_cat-jaunumi","8":"product_cat-skrubji-un-pilingi","9":"pa_suurus-1-pc-lv","10":"pa_suurus-1-pack-lv","12":"first","13":"instock","14":"taxable","15":"shipping-taxable","16":"purchasable","17":"product-type-variable"},"acf":[],"brands":[{"id":1211,"name":"HydroPeptide","slug":"hydropeptide-lv"}],"_links":{"self":[{"href":"https:\/\/skinstudio.ee\/lv\/wp-json\/wp\/v2\/product\/85184","targetHints":{"allow":["GET"]}}],"collection":[{"href":"https:\/\/skinstudio.ee\/lv\/wp-json\/wp\/v2\/product"}],"about":[{"href":"https:\/\/skinstudio.ee\/lv\/wp-json\/wp\/v2\/types\/product"}],"version-history":[{"count":1,"href":"https:\/\/skinstudio.ee\/lv\/wp-json\/wp\/v2\/product\/85184\/revisions"}],"predecessor-version":[{"id":85185,"href":"https:\/\/skinstudio.ee\/lv\/wp-json\/wp\/v2\/product\/85184\/revisions\/85185"}],"wp:featuredmedia":[{"embeddable":true,"href":"https:\/\/skinstudio.ee\/lv\/wp-json\/wp\/v2\/media\/85169"}],"wp:attachment":[{"href":"https:\/\/skinstudio.ee\/lv\/wp-json\/wp\/v2\/media?parent=85184"}],"wp:term":[{"taxonomy":"pwb-brand","embeddable":true,"href":"https:\/\/skinstudio.ee\/lv\/wp-json\/wp\/v2\/pwb-brand?post=85184"},{"taxonomy":"product_brand","embeddable":true,"href":"https:\/\/skinstudio.ee\/lv\/wp-json\/wp\/v2\/product_brand?post=85184"},{"taxonomy":"product_cat","embeddable":true,"href":"https:\/\/skinstudio.ee\/lv\/wp-json\/wp\/v2\/product_cat?post=85184"},{"taxonomy":"product_tag","embeddable":true,"href":"https:\/\/skinstudio.ee\/lv\/wp-json\/wp\/v2\/product_tag?post=85184"},{"taxonomy":"giftcard-category","embeddable":true,"href":"https:\/\/skinstudio.ee\/lv\/wp-json\/wp\/v2\/giftcard-category?post=85184"}],"curies":[{"name":"wp","href":"https:\/\/api.w.org\/{rel}","templated":true}]}}