{"id":85210,"date":"2026-03-12T11:31:03","date_gmt":"2026-03-12T11:31:03","guid":{"rendered":"https:\/\/skinstudio.ee\/?post_type=product&#038;p=85210"},"modified":"2026-03-12T11:34:07","modified_gmt":"2026-03-12T11:34:07","slug":"shikimic-rx-peptide-pads","status":"publish","type":"product","link":"https:\/\/skinstudio.ee\/lv\/catalog\/hydropeptide-lv\/shikimic-rx-peptide-pads\/","title":{"rendered":"Shikimic Rx Peptide Pads"},"content":{"rendered":"<p data-start=\"270\" data-end=\"617\"><strong data-start=\"270\" data-end=\"314\">Shikimic Rx Peptide Pads no HydroPeptide<\/strong> ir profesion\u0101li divpak\u0101pju eksfoli\u0113jo\u0161i spilventi\u0146i, kas paredz\u0113ti intens\u012bvai \u0101das atjauno\u0161anai, poru att\u012br\u012b\u0161anai un \u0101das tekst\u016bras izl\u012bdzin\u0101\u0161anai. Formula apvieno 5% \u0161ikimsk\u0101bi, eksfoli\u0113jo\u0161o sk\u0101bju kompleksu un pept\u012bdu atjaunojo\u0161u iedarb\u012bbu, nodro\u0161inot dzi\u013cu \u0101das atjauno\u0161anu bez agres\u012bva kairin\u0101juma.<\/p>\n<p data-start=\"619\" data-end=\"903\">Pirmais solis satur 5% \u0161ikimsk\u0101bi un sk\u0101bju mais\u012bjumu, kas \u0161\u0137\u012bdina atmiru\u0161\u0101s \u0101das \u0161\u016bnas, att\u012bra poras un samazina lieko sebuma daudzumu. Otrais solis ir koncentr\u0113ts pept\u012bdu kop\u0161anas spilventi\u0146\u0161 ar bio-retino\u012bdu no j\u016bras a\u013c\u0123\u0113m, kas nomierina \u0101du un atbalsta t\u0101s strukt\u016bras arhitekt\u016bru.<\/p>\n<p data-start=\"905\" data-end=\"1054\">Sk\u0101bju, pept\u012bdu un maiga retino\u012bda kombin\u0101cija izl\u012bdzina \u0101das tekst\u016bru, samazina bl\u0101vumu un pigment\u0101ciju, padarot \u0101du glud\u0101ku un redzami starojo\u0161\u0101ku.<\/p>\n<p data-start=\"1056\" data-end=\"1088\"><strong data-start=\"1056\" data-end=\"1088\">Galveno sast\u0101vda\u013cu iedarb\u012bba<\/strong><\/p>\n<p data-start=\"1090\" data-end=\"1182\"><strong data-start=\"1090\" data-end=\"1111\">Shikimic Acid 5%:<\/strong> \u0161\u0137\u012bdina atmiru\u0161\u0101s \u0101das \u0161\u016bnas, att\u012bra poras un izl\u012bdzina \u0101das tekst\u016bru.<\/p>\n<p data-start=\"1184\" data-end=\"1287\"><strong data-start=\"1184\" data-end=\"1238\">Micellar CellRenew-16 un Palmitoyl Pentapeptide-4:<\/strong> pept\u012bdi, kas stiprina \u0101das strukt\u016bru un bl\u012bvumu.<\/p>\n<p data-start=\"1289\" data-end=\"1395\"><strong data-start=\"1289\" data-end=\"1308\">Algae Retinoid:<\/strong> maigs retino\u012bds no j\u016bras a\u013c\u0123\u0113m, kas pa\u0101trina \u0101das atjauno\u0161anos un uzlabo \u0101das gludumu.<\/p>\n<p data-start=\"1397\" data-end=\"1539\"><strong data-start=\"1397\" data-end=\"1440\">Kam piem\u0113rots Shikimic Rx Peptide Pads:<\/strong> visiem \u0101das tipiem, \u012bpa\u0161i bl\u0101vai, nevienm\u0113r\u012bgai, pigment\u0113tai, aknei pak\u013cautai un novecojo\u0161ai \u0101dai.<\/p>\n<p data-start=\"1541\" data-end=\"1561\"><strong data-start=\"1541\" data-end=\"1553\">Tilpums:<\/strong> 30 p\u0101ri<\/p>\n","protected":false},"excerpt":{"rendered":"<p data-start=\"1906\" data-end=\"1938\">Profesion\u0101li p\u012blinga spilventi\u0146i<\/p>\n<h2 data-start=\"1940\" data-end=\"1992\"><strong data-start=\"1940\" data-end=\"1992\">\u012apa\u0161\u012bbas HydroPeptide &#8211; Shikimic Rx Peptide Pads<\/strong><\/h2>\n<p data-start=\"1994\" data-end=\"2215\">\u2714\ufe0f Dzi\u013ci att\u012bra poras un samazina sebuma daudzumu<br data-start=\"2043\" data-end=\"2046\" \/>\u2714\ufe0f Izl\u012bdzina \u0101das tekst\u016bru un virsmu<br data-start=\"2082\" data-end=\"2085\" \/>\u2714\ufe0f Padara \u0101das toni vienm\u0113r\u012bg\u0101ku un starojo\u0161\u0101ku<br data-start=\"2132\" data-end=\"2135\" \/>\u2714\ufe0f Samazina smalko l\u012bniju redzam\u012bbu<br data-start=\"2170\" data-end=\"2173\" \/>\u2714\ufe0f Padara \u0101du glud\u0101ku un vesel\u012bgi mirdzo\u0161u<\/p>\n","protected":false},"featured_media":85198,"template":"","meta":[],"pwb-brand":[1211],"product_brand":[],"product_cat":[1406,719,1161],"product_tag":[],"giftcard-category":[],"class_list":{"0":"post-85210","1":"product","2":"type-product","3":"status-publish","4":"has-post-thumbnail","6":"pwb-brand-hydropeptide-lv","7":"product_cat-jaunumi","8":"product_cat-skrubji-un-pilingi","9":"product_cat-zo-skin-health-lv","10":"pa_suurus-1pc-lv","11":"pa_suurus-30pc-lv","13":"first","14":"instock","15":"taxable","16":"shipping-taxable","17":"purchasable","18":"product-type-simple"},"acf":[],"brands":[{"id":1211,"name":"HydroPeptide","slug":"hydropeptide-lv"}],"_links":{"self":[{"href":"https:\/\/skinstudio.ee\/lv\/wp-json\/wp\/v2\/product\/85210","targetHints":{"allow":["GET"]}}],"collection":[{"href":"https:\/\/skinstudio.ee\/lv\/wp-json\/wp\/v2\/product"}],"about":[{"href":"https:\/\/skinstudio.ee\/lv\/wp-json\/wp\/v2\/types\/product"}],"version-history":[{"count":1,"href":"https:\/\/skinstudio.ee\/lv\/wp-json\/wp\/v2\/product\/85210\/revisions"}],"predecessor-version":[{"id":85211,"href":"https:\/\/skinstudio.ee\/lv\/wp-json\/wp\/v2\/product\/85210\/revisions\/85211"}],"wp:featuredmedia":[{"embeddable":true,"href":"https:\/\/skinstudio.ee\/lv\/wp-json\/wp\/v2\/media\/85198"}],"wp:attachment":[{"href":"https:\/\/skinstudio.ee\/lv\/wp-json\/wp\/v2\/media?parent=85210"}],"wp:term":[{"taxonomy":"pwb-brand","embeddable":true,"href":"https:\/\/skinstudio.ee\/lv\/wp-json\/wp\/v2\/pwb-brand?post=85210"},{"taxonomy":"product_brand","embeddable":true,"href":"https:\/\/skinstudio.ee\/lv\/wp-json\/wp\/v2\/product_brand?post=85210"},{"taxonomy":"product_cat","embeddable":true,"href":"https:\/\/skinstudio.ee\/lv\/wp-json\/wp\/v2\/product_cat?post=85210"},{"taxonomy":"product_tag","embeddable":true,"href":"https:\/\/skinstudio.ee\/lv\/wp-json\/wp\/v2\/product_tag?post=85210"},{"taxonomy":"giftcard-category","embeddable":true,"href":"https:\/\/skinstudio.ee\/lv\/wp-json\/wp\/v2\/giftcard-category?post=85210"}],"curies":[{"name":"wp","href":"https:\/\/api.w.org\/{rel}","templated":true}]}}