{"id":85226,"date":"2026-03-12T11:46:36","date_gmt":"2026-03-12T11:46:36","guid":{"rendered":"https:\/\/skinstudio.ee\/?post_type=product&#038;p=85226"},"modified":"2026-03-12T11:49:09","modified_gmt":"2026-03-12T11:49:09","slug":"beauty-sleep-cream","status":"publish","type":"product","link":"https:\/\/skinstudio.ee\/lv\/catalog\/reviderm\/beauty-sleep-cream\/","title":{"rendered":"Beauty Sleep Cream"},"content":{"rendered":"<p data-start=\"195\" data-end=\"449\"><strong data-start=\"195\" data-end=\"229\">Beauty Sleep Cream no REVIDERM<\/strong> ir atjaunojo\u0161s nakts kr\u0113ms, kas atbalsta \u0101das regener\u0101ciju miega laik\u0101. Formula darbojas saska\u0146\u0101 ar \u0101das dabisko cirkadi\u0101no ritmu, pal\u012bdzot \u0101dai atjaunoties p\u0113c dienas stresa, miega tr\u016bkuma un apk\u0101rt\u0113j\u0101s vides ietekmes.<\/p>\n<p data-start=\"451\" data-end=\"673\">Kr\u0113ms dzi\u013ci mitrina \u0101du, atbalsta t\u0101s dabiskos atjauno\u0161an\u0101s procesus un stiprina aizsargbarjeru. Nakts laik\u0101 akt\u012bv\u0101s sast\u0101vda\u013cas stimul\u0113 \u0161\u016bnu metabolismu un kolag\u0113na atjauno\u0161anos, padarot \u0101du tvirt\u0101ku, glud\u0101ku un svaig\u0101ku.<\/p>\n<p data-start=\"675\" data-end=\"745\">No r\u012bta \u0101da izskat\u0101s redzami atp\u016btusies, starojo\u0161a un pilna dz\u012bv\u012bguma.<\/p>\n<p data-start=\"747\" data-end=\"779\"><strong data-start=\"747\" data-end=\"779\">Galveno sast\u0101vda\u013cu iedarb\u012bba<\/strong><\/p>\n<p data-start=\"781\" data-end=\"878\"><strong data-start=\"781\" data-end=\"802\">Lavender Extract:<\/strong> stimul\u0113 melaton\u012bna veido\u0161anos \u0101das \u0161\u016bn\u0101s un uzlabo nakts \u0101das atjauno\u0161anos.<\/p>\n<p data-start=\"880\" data-end=\"988\"><strong data-start=\"880\" data-end=\"912\">Shrubby Clover Leaf Extract:<\/strong> regul\u0113 \u0101das cirkadi\u0101no ritmu un atbalsta biolo\u0123iskos atjauno\u0161an\u0101s procesus.<\/p>\n<p data-start=\"990\" data-end=\"1084\"><strong data-start=\"990\" data-end=\"1001\">T-Code:<\/strong> inovat\u012bva lipoaminosk\u0101be, kas uzlabo mikrocirkul\u0101ciju un stimul\u0113 \u0161\u016bnu metabolismu.<\/p>\n<p data-start=\"1086\" data-end=\"1212\"><strong data-start=\"1086\" data-end=\"1123\">Kam piem\u0113rots Beauty Sleep Cream:<\/strong> \u0101dai, kas ir pak\u013cauta sausumam, bl\u0101vam tonim, nogurumam un redzam\u0101m noveco\u0161an\u0101s paz\u012bm\u0113m.<\/p>\n<p data-start=\"1214\" data-end=\"1232\"><strong data-start=\"1214\" data-end=\"1226\">Tilpums:<\/strong> 50 ml<\/p>\n","protected":false},"excerpt":{"rendered":"<p data-start=\"1314\" data-end=\"1337\">Nakts atjaunojo\u0161s kr\u0113ms<\/p>\n<h2 data-start=\"1339\" data-end=\"1381\"><strong data-start=\"1339\" data-end=\"1381\">\u012apa\u0161\u012bbas REVIDERM &#8211; Beauty Sleep Cream<\/strong><\/h2>\n<p data-start=\"1383\" data-end=\"1585\">\u2714\ufe0f Intens\u012bvi atjauno \u0101du miega laik\u0101<br data-start=\"1419\" data-end=\"1422\" \/>\u2714\ufe0f Stiprina \u0101das strukt\u016bru un elast\u012bbu<br data-start=\"1460\" data-end=\"1463\" \/>\u2714\ufe0f Izl\u012bdzina grumbas un \u0101das tekst\u016bru<br data-start=\"1500\" data-end=\"1503\" \/>\u2714\ufe0f Vienm\u0113rina \u0101das toni un mazina aps\u0101rtumu<br data-start=\"1546\" data-end=\"1549\" \/>\u2714\ufe0f Padara \u0101du glud\u0101ku un starojo\u0161\u0101ku<\/p>\n","protected":false},"featured_media":85218,"template":"","meta":[],"pwb-brand":[703],"product_brand":[],"product_cat":[1406,737,749,739],"product_tag":[],"giftcard-category":[],"class_list":{"0":"post-85226","1":"product","2":"type-product","3":"status-publish","4":"has-post-thumbnail","6":"pwb-brand-reviderm","7":"product_cat-jaunumi","8":"product_cat-mitrinasana","9":"product_cat-novecojosa-ada","10":"product_cat-sausai-adai","12":"first","13":"instock","14":"taxable","15":"shipping-taxable","16":"purchasable","17":"product-type-simple"},"acf":[],"brands":[{"id":703,"name":"Reviderm","slug":"reviderm"}],"_links":{"self":[{"href":"https:\/\/skinstudio.ee\/lv\/wp-json\/wp\/v2\/product\/85226","targetHints":{"allow":["GET"]}}],"collection":[{"href":"https:\/\/skinstudio.ee\/lv\/wp-json\/wp\/v2\/product"}],"about":[{"href":"https:\/\/skinstudio.ee\/lv\/wp-json\/wp\/v2\/types\/product"}],"version-history":[{"count":1,"href":"https:\/\/skinstudio.ee\/lv\/wp-json\/wp\/v2\/product\/85226\/revisions"}],"predecessor-version":[{"id":85227,"href":"https:\/\/skinstudio.ee\/lv\/wp-json\/wp\/v2\/product\/85226\/revisions\/85227"}],"wp:featuredmedia":[{"embeddable":true,"href":"https:\/\/skinstudio.ee\/lv\/wp-json\/wp\/v2\/media\/85218"}],"wp:attachment":[{"href":"https:\/\/skinstudio.ee\/lv\/wp-json\/wp\/v2\/media?parent=85226"}],"wp:term":[{"taxonomy":"pwb-brand","embeddable":true,"href":"https:\/\/skinstudio.ee\/lv\/wp-json\/wp\/v2\/pwb-brand?post=85226"},{"taxonomy":"product_brand","embeddable":true,"href":"https:\/\/skinstudio.ee\/lv\/wp-json\/wp\/v2\/product_brand?post=85226"},{"taxonomy":"product_cat","embeddable":true,"href":"https:\/\/skinstudio.ee\/lv\/wp-json\/wp\/v2\/product_cat?post=85226"},{"taxonomy":"product_tag","embeddable":true,"href":"https:\/\/skinstudio.ee\/lv\/wp-json\/wp\/v2\/product_tag?post=85226"},{"taxonomy":"giftcard-category","embeddable":true,"href":"https:\/\/skinstudio.ee\/lv\/wp-json\/wp\/v2\/giftcard-category?post=85226"}],"curies":[{"name":"wp","href":"https:\/\/api.w.org\/{rel}","templated":true}]}}