{"id":86791,"date":"2026-03-19T09:28:58","date_gmt":"2026-03-19T09:28:58","guid":{"rendered":"https:\/\/skinstudio.ee\/?post_type=product&#038;p=86791"},"modified":"2026-03-19T09:31:49","modified_gmt":"2026-03-19T09:31:49","slug":"collagen-ampoules","status":"publish","type":"product","link":"https:\/\/skinstudio.ee\/lv\/catalog\/reviderm\/collagen-ampoules\/","title":{"rendered":"Collagen Ampoules"},"content":{"rendered":"<p data-start=\"137\" data-end=\"480\"><strong data-start=\"137\" data-end=\"170\">Collagen Ampoules no Reviderm<\/strong> ir koncentr\u0113tas ampulas ar dab\u012bgo kolag\u0113nu, kas paredz\u0113tas \u0101das strukt\u016bras stiprin\u0101\u0161anai, elast\u012bbas uzlabo\u0161anai un kop\u0113j\u0101 tonusa atjauno\u0161anai. Formula atbalsta kolag\u0113na sint\u0113zi, uzlabo starp\u0161\u016bnu savienojumus un pal\u012bdz saglab\u0101t \u0101das bl\u012bvumu, samazinot noveco\u0161an\u0101s paz\u012bmju redzam\u012bbu un pal\u0113ninot to att\u012bst\u012bbu.<\/p>\n<p data-start=\"482\" data-end=\"700\">Ampulas nodro\u0161ina intens\u012bvu un ilgsto\u0161u mitrin\u0101\u0161anu, uzlabo elast\u012bbu un padara \u0101das virsmu glud\u0101ku un vienm\u0113r\u012bg\u0101ku. Regul\u0101ras lieto\u0161anas rezult\u0101t\u0101 \u0101da izskat\u0101s svaig\u0101ka, tvirt\u0101ka un kopt\u0101ka, uzlabojas kop\u0113jais izskats.<\/p>\n<p data-start=\"702\" data-end=\"739\"><strong data-start=\"702\" data-end=\"739\">Darb\u012bba galvenajiem komponentiem:<\/strong><\/p>\n<p data-start=\"741\" data-end=\"917\"><strong data-start=\"741\" data-end=\"754\">Kolag\u0113ns:<\/strong> stiprina \u0101das strukt\u016bru un uzlabo elast\u012bbu<br data-start=\"797\" data-end=\"800\" \/><strong data-start=\"800\" data-end=\"818\">Hialuronsk\u0101be:<\/strong> nodro\u0161ina dzi\u013cu un ilgsto\u0161u mitrin\u0101\u0161anu<br data-start=\"858\" data-end=\"861\" \/><strong data-start=\"861\" data-end=\"875\">Pantenols:<\/strong> nomierina un atbalsta \u0101das atjauno\u0161anos<\/p>\n<p data-start=\"919\" data-end=\"1051\"><strong data-start=\"919\" data-end=\"955\">Kam piem\u0113rots Collagen Ampoules:<\/strong> visiem \u0101das tipiem, \u012bpa\u0161i pie elast\u012bbas samazin\u0101\u0161an\u0101s, dehidrat\u0101cijas un noveco\u0161an\u0101s paz\u012bm\u0113m.<\/p>\n<p data-start=\"1053\" data-end=\"1074\"><strong data-start=\"1053\" data-end=\"1065\">Tilpums:<\/strong> 7 x 2 ml<\/p>\n","protected":false},"excerpt":{"rendered":"<p data-start=\"1258\" data-end=\"1274\">Kolag\u0113na ampulas<\/p>\n<h2 data-start=\"1276\" data-end=\"1317\"><strong data-start=\"1276\" data-end=\"1317\">\u012apa\u0161\u012bbas Reviderm &#8211; Collagen Ampoules<\/strong><\/h2>\n<p data-start=\"1319\" data-end=\"1538\">\u2714\ufe0f Uzlabo \u0101das elast\u012bbu un bl\u012bvumu<br data-start=\"1353\" data-end=\"1356\" \/>\u2714\ufe0f Pal\u012bdz izl\u012bdzin\u0101t grumbas un tekst\u016bru<br data-start=\"1396\" data-end=\"1399\" \/>\u2714\ufe0f Nodro\u0161ina dzi\u013cu mitrin\u0101\u0161anu un mitruma saglab\u0101\u0161anu<br data-start=\"1452\" data-end=\"1455\" \/>\u2714\ufe0f Uzlabo \u0101das toni un kop\u0113jo izskatu<br data-start=\"1492\" data-end=\"1495\" \/>\u2714\ufe0f Atbalsta \u0101das atjauno\u0161anos un komfortu<\/p>\n","protected":false},"featured_media":86784,"template":"","meta":[],"pwb-brand":[703],"product_brand":[],"product_cat":[723],"product_tag":[],"giftcard-category":[],"class_list":{"0":"post-86791","1":"product","2":"type-product","3":"status-publish","4":"has-post-thumbnail","6":"pwb-brand-reviderm","7":"product_cat-serumi","9":"first","10":"instock","11":"taxable","12":"shipping-taxable","13":"purchasable","14":"product-type-simple"},"acf":[],"brands":[{"id":703,"name":"Reviderm","slug":"reviderm"}],"_links":{"self":[{"href":"https:\/\/skinstudio.ee\/lv\/wp-json\/wp\/v2\/product\/86791","targetHints":{"allow":["GET"]}}],"collection":[{"href":"https:\/\/skinstudio.ee\/lv\/wp-json\/wp\/v2\/product"}],"about":[{"href":"https:\/\/skinstudio.ee\/lv\/wp-json\/wp\/v2\/types\/product"}],"version-history":[{"count":1,"href":"https:\/\/skinstudio.ee\/lv\/wp-json\/wp\/v2\/product\/86791\/revisions"}],"predecessor-version":[{"id":86792,"href":"https:\/\/skinstudio.ee\/lv\/wp-json\/wp\/v2\/product\/86791\/revisions\/86792"}],"wp:featuredmedia":[{"embeddable":true,"href":"https:\/\/skinstudio.ee\/lv\/wp-json\/wp\/v2\/media\/86784"}],"wp:attachment":[{"href":"https:\/\/skinstudio.ee\/lv\/wp-json\/wp\/v2\/media?parent=86791"}],"wp:term":[{"taxonomy":"pwb-brand","embeddable":true,"href":"https:\/\/skinstudio.ee\/lv\/wp-json\/wp\/v2\/pwb-brand?post=86791"},{"taxonomy":"product_brand","embeddable":true,"href":"https:\/\/skinstudio.ee\/lv\/wp-json\/wp\/v2\/product_brand?post=86791"},{"taxonomy":"product_cat","embeddable":true,"href":"https:\/\/skinstudio.ee\/lv\/wp-json\/wp\/v2\/product_cat?post=86791"},{"taxonomy":"product_tag","embeddable":true,"href":"https:\/\/skinstudio.ee\/lv\/wp-json\/wp\/v2\/product_tag?post=86791"},{"taxonomy":"giftcard-category","embeddable":true,"href":"https:\/\/skinstudio.ee\/lv\/wp-json\/wp\/v2\/giftcard-category?post=86791"}],"curies":[{"name":"wp","href":"https:\/\/api.w.org\/{rel}","templated":true}]}}