{"id":87448,"date":"2026-03-22T09:51:29","date_gmt":"2026-03-22T09:51:29","guid":{"rendered":"https:\/\/skinstudio.ee\/?post_type=product&#038;p=87448"},"modified":"2026-03-22T09:54:49","modified_gmt":"2026-03-22T09:54:49","slug":"youth-restore","status":"publish","type":"product","link":"https:\/\/skinstudio.ee\/lv\/catalog\/cellderma-lv\/youth-restore\/","title":{"rendered":"Youth Restore"},"content":{"rendered":"<p data-start=\"188\" data-end=\"532\"><strong>Youth Restore<\/strong> no CELLDERMA ir profesion\u0101ls serums ar pept\u012bdiem un aug\u0161anas faktoriem, kas izstr\u0101d\u0101ts \u0101das bl\u012bvuma uztur\u0113\u0161anai, ar vecumu saist\u012bto izmai\u0146u korekcijai un t\u0101s l\u012bdzsvara atjauno\u0161anai. Formula satur aug\u0161anas faktorus maig\u0101k\u0101 koncentr\u0101cij\u0101 sal\u012bdzin\u0101jum\u0101 ar GF5, t\u0101p\u0113c l\u012bdzeklis ir piem\u0113rots ilgsto\u0161ai lieto\u0161anai un uzturo\u0161ai kop\u0161anai.<\/p>\n<p data-start=\"534\" data-end=\"834\">Serums samazina \u0101das \u013cenganumu un grumbu izteikt\u012bbu, uzlabo elast\u012bbu un \u0101das tekst\u016bru, k\u0101 ar\u012b veicina vienm\u0113r\u012bg\u0101ku \u0101das toni. Niacinam\u012bds sast\u0101v\u0101 atrodas otraj\u0101 viet\u0101 \u2014 augst\u0101 koncentr\u0101cij\u0101 tas var izrais\u012bt \u012bslaic\u012bgu aps\u0101rtumu, t\u0101p\u0113c l\u012bdzekli ieteicams ieviest pak\u0101peniski, s\u0101kot ar nelielu daudzumu.<\/p>\n<p data-start=\"836\" data-end=\"856\"><strong>Akt\u012bv\u0101s sast\u0101vda\u013cas:<\/strong><\/p>\n<p data-start=\"858\" data-end=\"1121\"><strong>Niacinam\u012bds<\/strong>: stiprina \u0101das barjeru, izl\u012bdzina \u0101das toni un regul\u0113 sebuma izdal\u012b\u0161anos.<br data-start=\"943\" data-end=\"946\" \/><strong>Aug\u0161anas faktori<\/strong>: atbalsta \u0101das atjauno\u0161an\u0101s procesus un palielina \u0101das bl\u012bvumu un tvirtumu.<br data-start=\"1038\" data-end=\"1041\" \/><strong>Acetil heksapept\u012bds-8<\/strong>: atsl\u0101bina m\u012bmikas musku\u013cus un samazina grumbu izteikt\u012bbu.<\/p>\n<p data-start=\"1123\" data-end=\"1350\">Serums ir piem\u0113rots regul\u0101rai lieto\u0161anai un var tikt izmantots gan pretnoveco\u0161an\u0101s kop\u0161an\u0101, gan \u0101das kvalit\u0101tes uztur\u0113\u0161anai. Ieteicams norm\u0101lai, kombin\u0113tai un taukainai \u0101dai; jut\u012bgas \u0101das gad\u012bjum\u0101 l\u012bdzekli j\u0101ievie\u0161 pak\u0101peniski.<\/p>\n<p data-start=\"1352\" data-end=\"1369\"><strong data-start=\"1352\" data-end=\"1363\">Tilpums:<\/strong> 30 ml<\/p>\n","protected":false},"excerpt":{"rendered":"<p data-start=\"1638\" data-end=\"1707\">Serums ar pept\u012bdiem un aug\u0161anas faktoriem \u0101das bl\u012bvuma palielin\u0101\u0161anai<\/p>\n<h2 data-start=\"1709\" data-end=\"1747\"><strong data-start=\"1709\" data-end=\"1747\">\u012apa\u0161\u012bbas CELLDERMA &#8211; Youth Restore<\/strong><\/h2>\n<p data-start=\"1749\" data-end=\"1969\">\u2714\ufe0f Samazina \u0101das \u013cenganumu un grumbu izteikt\u012bbu<br data-start=\"1796\" data-end=\"1799\" \/>\u2714\ufe0f Palielina \u0101das bl\u012bvumu un uzlabo elast\u012bbu<br data-start=\"1843\" data-end=\"1846\" \/>\u2714\ufe0f Regul\u0113 sebuma izdal\u012b\u0161anos<br data-start=\"1874\" data-end=\"1877\" \/>\u2714\ufe0f Darbojas uz hiperpigment\u0101ciju un aps\u0101rtumu<br data-start=\"1922\" data-end=\"1925\" \/>\u2714\ufe0f Atjauno \u0101das barjeru un uzlabo tekst\u016bru<\/p>\n","protected":false},"featured_media":87437,"template":"","meta":[],"pwb-brand":[1209],"product_brand":[],"product_cat":[749,723],"product_tag":[],"giftcard-category":[],"class_list":{"0":"post-87448","1":"product","2":"type-product","3":"status-publish","4":"has-post-thumbnail","6":"pwb-brand-cellderma-lv","7":"product_cat-novecojosa-ada","8":"product_cat-serumi","10":"first","11":"instock","12":"taxable","13":"shipping-taxable","14":"purchasable","15":"product-type-simple"},"acf":[],"brands":[{"id":1209,"name":"CellDerma","slug":"cellderma-lv"}],"_links":{"self":[{"href":"https:\/\/skinstudio.ee\/lv\/wp-json\/wp\/v2\/product\/87448","targetHints":{"allow":["GET"]}}],"collection":[{"href":"https:\/\/skinstudio.ee\/lv\/wp-json\/wp\/v2\/product"}],"about":[{"href":"https:\/\/skinstudio.ee\/lv\/wp-json\/wp\/v2\/types\/product"}],"version-history":[{"count":1,"href":"https:\/\/skinstudio.ee\/lv\/wp-json\/wp\/v2\/product\/87448\/revisions"}],"predecessor-version":[{"id":87449,"href":"https:\/\/skinstudio.ee\/lv\/wp-json\/wp\/v2\/product\/87448\/revisions\/87449"}],"wp:featuredmedia":[{"embeddable":true,"href":"https:\/\/skinstudio.ee\/lv\/wp-json\/wp\/v2\/media\/87437"}],"wp:attachment":[{"href":"https:\/\/skinstudio.ee\/lv\/wp-json\/wp\/v2\/media?parent=87448"}],"wp:term":[{"taxonomy":"pwb-brand","embeddable":true,"href":"https:\/\/skinstudio.ee\/lv\/wp-json\/wp\/v2\/pwb-brand?post=87448"},{"taxonomy":"product_brand","embeddable":true,"href":"https:\/\/skinstudio.ee\/lv\/wp-json\/wp\/v2\/product_brand?post=87448"},{"taxonomy":"product_cat","embeddable":true,"href":"https:\/\/skinstudio.ee\/lv\/wp-json\/wp\/v2\/product_cat?post=87448"},{"taxonomy":"product_tag","embeddable":true,"href":"https:\/\/skinstudio.ee\/lv\/wp-json\/wp\/v2\/product_tag?post=87448"},{"taxonomy":"giftcard-category","embeddable":true,"href":"https:\/\/skinstudio.ee\/lv\/wp-json\/wp\/v2\/giftcard-category?post=87448"}],"curies":[{"name":"wp","href":"https:\/\/api.w.org\/{rel}","templated":true}]}}